{"id":601,"date":"2022-03-23T13:27:57","date_gmt":"2022-03-23T12:27:57","guid":{"rendered":"http:\/\/imbachhorn2022.freelinelab.pl\/?page_id=601"},"modified":"2022-04-15T08:15:01","modified_gmt":"2022-04-15T06:15:01","slug":"top-attractions","status":"publish","type":"page","link":"https:\/\/imbachhorn.eu\/en\/najwieksze-atrakcje\/","title":{"rendered":"Top attractions"},"content":{"rendered":"<div data-elementor-type=\"wp-page\" data-elementor-id=\"601\" class=\"elementor elementor-601\" data-elementor-post-type=\"page\">\n\t\t\t\t\t\t<section class=\"elementor-section elementor-top-section elementor-element elementor-element-28e92da elementor-section-full_width elementor-section-height-default elementor-section-height-default\" data-id=\"28e92da\" data-element_type=\"section\">\n\t\t\t\t\t\t<div class=\"elementor-container elementor-column-gap-no\">\n\t\t\t\t\t<div class=\"elementor-column elementor-col-100 elementor-top-column elementor-element elementor-element-1bd77d5\" data-id=\"1bd77d5\" data-element_type=\"column\">\n\t\t\t<div class=\"elementor-widget-wrap elementor-element-populated\">\n\t\t\t\t\t\t<section class=\"elementor-section elementor-inner-section elementor-element elementor-element-a7077a3 elementor-section-boxed elementor-section-height-default elementor-section-height-default\" data-id=\"a7077a3\" data-element_type=\"section\">\n\t\t\t\t\t\t<div class=\"elementor-container elementor-column-gap-default\">\n\t\t\t\t\t<div class=\"elementor-column elementor-col-100 elementor-inner-column elementor-element elementor-element-fe9d6d8\" data-id=\"fe9d6d8\" data-element_type=\"column\">\n\t\t\t<div class=\"elementor-widget-wrap elementor-element-populated\">\n\t\t\t\t\t\t<div class=\"elementor-element elementor-element-d182338 elementor-grid-3 elementor-grid-tablet-2 elementor-grid-mobile-1 elementor-posts--thumbnail-top elementor-card-shadow-yes elementor-posts__hover-gradient elementor-widget elementor-widget-posts\" data-id=\"d182338\" data-element_type=\"widget\" data-settings=\"{&quot;pagination_type&quot;:&quot;numbers&quot;,&quot;cards_columns&quot;:&quot;3&quot;,&quot;cards_columns_tablet&quot;:&quot;2&quot;,&quot;cards_columns_mobile&quot;:&quot;1&quot;,&quot;cards_row_gap&quot;:{&quot;unit&quot;:&quot;px&quot;,&quot;size&quot;:35,&quot;sizes&quot;:[]},&quot;cards_row_gap_tablet&quot;:{&quot;unit&quot;:&quot;px&quot;,&quot;size&quot;:&quot;&quot;,&quot;sizes&quot;:[]},&quot;cards_row_gap_mobile&quot;:{&quot;unit&quot;:&quot;px&quot;,&quot;size&quot;:&quot;&quot;,&quot;sizes&quot;:[]}}\" data-widget_type=\"posts.cards\">\n\t\t\t\t<div class=\"elementor-widget-container\">\n\t\t\t\t\t\t\t<div class=\"elementor-posts-container elementor-posts elementor-posts--skin-cards elementor-grid\">\n\t\t\t\t<article class=\"elementor-post elementor-grid-item post-1136 post type-post status-publish format-standard has-post-thumbnail hentry category-najwieksze-atrakcje\">\n\t\t\t<div class=\"elementor-post__card\">\n\t\t\t\t<a class=\"elementor-post__thumbnail__link\" href=\"https:\/\/imbachhorn.eu\/en\/wycieczka-do-ksiezycowej-krainy-bialego-jeziora-weisssee\/\" tabindex=\"-1\" ><div class=\"elementor-post__thumbnail\"><img fetchpriority=\"high\" decoding=\"async\" width=\"726\" height=\"460\" src=\"https:\/\/imbachhorn.eu\/wp-content\/uploads\/2022\/04\/weissee-2b.jpg\" class=\"attachment-full size-full wp-image-1139\" alt=\"\" srcset=\"https:\/\/imbachhorn.eu\/wp-content\/uploads\/2022\/04\/weissee-2b.jpg 726w, https:\/\/imbachhorn.eu\/wp-content\/uploads\/2022\/04\/weissee-2b-300x190.jpg 300w\" sizes=\"(max-width: 726px) 100vw, 726px\" \/><\/div><\/a>\n\t\t\t\t<div class=\"elementor-post__text\">\n\t\t\t\t<h3 class=\"elementor-post__title\">\n\t\t\t<a href=\"https:\/\/imbachhorn.eu\/en\/wycieczka-do-ksiezycowej-krainy-bialego-jeziora-weisssee\/\" >\n\t\t\t\tTrip to the moonlit land of the White Lake - Weisssee\t\t\t<\/a>\n\t\t<\/h3>\n\t\t\t\t<div class=\"elementor-post__excerpt\">\n\t\t\t<p>The excursion route can be travelled on foot or by cable car. The excursion should take the entire day. Directions: Pasch \u2013 Kaprun \u2013 Piesendorf \u2013 Uttendorf - in Uttendorf turn towards<\/p>\n\t\t<\/div>\n\t\t\n\t\t<a class=\"elementor-post__read-more\" href=\"https:\/\/imbachhorn.eu\/en\/wycieczka-do-ksiezycowej-krainy-bialego-jeziora-weisssee\/\" aria-label=\"Read more about Wycieczka do ksi\u0119zycowej krainy bia\u0142ego jeziora-Weisssee\" tabindex=\"-1\" >\n\t\t\tRead more\t\t<\/a>\n\n\t\t\t\t<\/div>\n\t\t\t\t\t<\/div>\n\t\t<\/article>\n\t\t\t\t<article class=\"elementor-post elementor-grid-item post-1128 post type-post status-publish format-standard has-post-thumbnail hentry category-najwieksze-atrakcje\">\n\t\t\t<div class=\"elementor-post__card\">\n\t\t\t\t<a class=\"elementor-post__thumbnail__link\" href=\"https:\/\/imbachhorn.eu\/en\/orle-gnizado-siedziba-hitlera-w-berchtesgaden\/\" tabindex=\"-1\" ><div class=\"elementor-post__thumbnail\"><img decoding=\"async\" width=\"553\" height=\"367\" src=\"https:\/\/imbachhorn.eu\/wp-content\/uploads\/2022\/04\/Eagl_Nest3.jpg\" class=\"attachment-full size-full wp-image-1131\" alt=\"\" srcset=\"https:\/\/imbachhorn.eu\/wp-content\/uploads\/2022\/04\/Eagl_Nest3.jpg 553w, https:\/\/imbachhorn.eu\/wp-content\/uploads\/2022\/04\/Eagl_Nest3-300x199.jpg 300w\" sizes=\"(max-width: 553px) 100vw, 553px\" \/><\/div><\/a>\n\t\t\t\t<div class=\"elementor-post__text\">\n\t\t\t\t<h3 class=\"elementor-post__title\">\n\t\t\t<a href=\"https:\/\/imbachhorn.eu\/en\/orle-gnizado-siedziba-hitlera-w-berchtesgaden\/\" >\n\t\t\t\tThe Eagle's Nest - Hitler's Residence in Berchtesgaden\t\t\t<\/a>\n\t\t<\/h3>\n\t\t\t\t<div class=\"elementor-post__excerpt\">\n\t\t\t<p>The most extraordinary building from the Nazi era in Berchtesgaden has survived. It is the so-called Kehlsteinhaus or Adlershorst (Eagle's Nest). It was built at an altitude of 1,834 metres above sea level.<\/p>\n\t\t<\/div>\n\t\t\n\t\t<a class=\"elementor-post__read-more\" href=\"https:\/\/imbachhorn.eu\/en\/orle-gnizado-siedziba-hitlera-w-berchtesgaden\/\" aria-label=\"Read more about Orle Gnizado- siedziba Hitlera w Berchtesgaden\" tabindex=\"-1\" >\n\t\t\tRead more\t\t<\/a>\n\n\t\t\t\t<\/div>\n\t\t\t\t\t<\/div>\n\t\t<\/article>\n\t\t\t\t<article class=\"elementor-post elementor-grid-item post-1121 post type-post status-publish format-standard has-post-thumbnail hentry category-najwieksze-atrakcje\">\n\t\t\t<div class=\"elementor-post__card\">\n\t\t\t\t<a class=\"elementor-post__thumbnail__link\" href=\"https:\/\/imbachhorn.eu\/en\/konigsee-jedno-z-najpiekniejszych-jezior-swiata\/\" tabindex=\"-1\" ><div class=\"elementor-post__thumbnail\"><img decoding=\"async\" width=\"1024\" height=\"768\" src=\"https:\/\/imbachhorn.eu\/wp-content\/uploads\/2022\/04\/KNIGSS-1.jpg\" class=\"attachment-full size-full wp-image-1123\" alt=\"\" srcset=\"https:\/\/imbachhorn.eu\/wp-content\/uploads\/2022\/04\/KNIGSS-1.jpg 1024w, https:\/\/imbachhorn.eu\/wp-content\/uploads\/2022\/04\/KNIGSS-1-300x225.jpg 300w, https:\/\/imbachhorn.eu\/wp-content\/uploads\/2022\/04\/KNIGSS-1-768x576.jpg 768w\" sizes=\"(max-width: 1024px) 100vw, 1024px\" \/><\/div><\/a>\n\t\t\t\t<div class=\"elementor-post__text\">\n\t\t\t\t<h3 class=\"elementor-post__title\">\n\t\t\t<a href=\"https:\/\/imbachhorn.eu\/en\/konigsee-jedno-z-najpiekniejszych-jezior-swiata\/\" >\n\t\t\t\tK\u00f6nigsee - one of the most beautiful lakes in the world\t\t\t<\/a>\n\t\t<\/h3>\n\t\t\t\t<div class=\"elementor-post__excerpt\">\n\t\t\t<p>Lake K\u00f6nigssee is located in the very heart of the Berchtesgaden National Park, founded in 1978, and is a true gem of the Bavarian Alps. The most important cultural attraction is<\/p>\n\t\t<\/div>\n\t\t\n\t\t<a class=\"elementor-post__read-more\" href=\"https:\/\/imbachhorn.eu\/en\/konigsee-jedno-z-najpiekniejszych-jezior-swiata\/\" aria-label=\"Read more about K\u00f6nigsee-jedno z najpi\u0119kniejszych jezior \u015awiata\" tabindex=\"-1\" >\n\t\t\tRead more\t\t<\/a>\n\n\t\t\t\t<\/div>\n\t\t\t\t\t<\/div>\n\t\t<\/article>\n\t\t\t\t<article class=\"elementor-post elementor-grid-item post-1106 post type-post status-publish format-standard has-post-thumbnail hentry category-najwieksze-atrakcje\">\n\t\t\t<div class=\"elementor-post__card\">\n\t\t\t\t<a class=\"elementor-post__thumbnail__link\" href=\"https:\/\/imbachhorn.eu\/en\/zimowy-lodowiec-w-lecie-kitzsteinhorn-3203-m\/\" tabindex=\"-1\" ><div class=\"elementor-post__thumbnail\"><img loading=\"lazy\" decoding=\"async\" width=\"364\" height=\"277\" src=\"https:\/\/imbachhorn.eu\/wp-content\/uploads\/2022\/04\/kitz-mini.jpg\" class=\"attachment-full size-full wp-image-1120\" alt=\"\" srcset=\"https:\/\/imbachhorn.eu\/wp-content\/uploads\/2022\/04\/kitz-mini.jpg 364w, https:\/\/imbachhorn.eu\/wp-content\/uploads\/2022\/04\/kitz-mini-300x228.jpg 300w\" sizes=\"(max-width: 364px) 100vw, 364px\" \/><\/div><\/a>\n\t\t\t\t<div class=\"elementor-post__text\">\n\t\t\t\t<h3 class=\"elementor-post__title\">\n\t\t\t<a href=\"https:\/\/imbachhorn.eu\/en\/zimowy-lodowiec-w-lecie-kitzsteinhorn-3203-m\/\" >\n\t\t\t\tThe winter glacier in the Alps \u2013 Kitzsteinhorn 3203 m\t\t\t<\/a>\n\t\t<\/h3>\n\t\t\t\t<div class=\"elementor-post__excerpt\">\n\t\t\t<p>Kitzsteinhorn \u2013 it's more than just a glacier. It's a special glacier. The first glacier ski resort in Austria, and additionally, alpine experiences all year round. Surrounded by the highest<\/p>\n\t\t<\/div>\n\t\t\n\t\t<a class=\"elementor-post__read-more\" href=\"https:\/\/imbachhorn.eu\/en\/zimowy-lodowiec-w-lecie-kitzsteinhorn-3203-m\/\" aria-label=\"Read more about Zimowy lodowiec w Lecie &#8211; Kitzsteinhorn 3203 m\" tabindex=\"-1\" >\n\t\t\tRead more\t\t<\/a>\n\n\t\t\t\t<\/div>\n\t\t\t\t\t<\/div>\n\t\t<\/article>\n\t\t\t\t<article class=\"elementor-post elementor-grid-item post-1091 post type-post status-publish format-standard has-post-thumbnail hentry category-najwieksze-atrakcje\">\n\t\t\t<div class=\"elementor-post__card\">\n\t\t\t\t<a class=\"elementor-post__thumbnail__link\" href=\"https:\/\/imbachhorn.eu\/en\/teczowy-wawoz-lichtensteinklamm\/\" tabindex=\"-1\" ><div class=\"elementor-post__thumbnail\"><img loading=\"lazy\" decoding=\"async\" width=\"427\" height=\"366\" src=\"https:\/\/imbachhorn.eu\/wp-content\/uploads\/2022\/04\/lichtensteinklamm_2.jpg\" class=\"attachment-full size-full wp-image-1099\" alt=\"\" srcset=\"https:\/\/imbachhorn.eu\/wp-content\/uploads\/2022\/04\/lichtensteinklamm_2.jpg 427w, https:\/\/imbachhorn.eu\/wp-content\/uploads\/2022\/04\/lichtensteinklamm_2-300x257.jpg 300w\" sizes=\"(max-width: 427px) 100vw, 427px\" \/><\/div><\/a>\n\t\t\t\t<div class=\"elementor-post__text\">\n\t\t\t\t<h3 class=\"elementor-post__title\">\n\t\t\t<a href=\"https:\/\/imbachhorn.eu\/en\/teczowy-wawoz-lichtensteinklamm\/\" >\n\t\t\t\tRainbow Gorge Lichtensteinklamm\t\t\t<\/a>\n\t\t<\/h3>\n\t\t\t\t<div class=\"elementor-post__excerpt\">\n\t\t\t<p>The Lichtensteinklamm gorge is a river breakthrough, picturesquely cutting 300 metres deep into the mountain mass! Footbridges for tourists have been laid along the bottom of the gorge, just above the turbulent water.<\/p>\n\t\t<\/div>\n\t\t\n\t\t<a class=\"elementor-post__read-more\" href=\"https:\/\/imbachhorn.eu\/en\/teczowy-wawoz-lichtensteinklamm\/\" aria-label=\"Read more about T\u0119czowy w\u0105w\u00f3z Lichtensteinklamm\" tabindex=\"-1\" >\n\t\t\tRead more\t\t<\/a>\n\n\t\t\t\t<\/div>\n\t\t\t\t\t<\/div>\n\t\t<\/article>\n\t\t\t\t<article class=\"elementor-post elementor-grid-item post-1083 post type-post status-publish format-standard has-post-thumbnail hentry category-najwieksze-atrakcje\">\n\t\t\t<div class=\"elementor-post__card\">\n\t\t\t\t<a class=\"elementor-post__thumbnail__link\" href=\"https:\/\/imbachhorn.eu\/en\/zamek-z-filmu-tylko-dla-orlow\/\" tabindex=\"-1\" ><div class=\"elementor-post__thumbnail\"><img loading=\"lazy\" decoding=\"async\" width=\"494\" height=\"310\" src=\"https:\/\/imbachhorn.eu\/wp-content\/uploads\/2022\/04\/werfen.jpg\" class=\"attachment-full size-full wp-image-1085\" alt=\"\" srcset=\"https:\/\/imbachhorn.eu\/wp-content\/uploads\/2022\/04\/werfen.jpg 494w, https:\/\/imbachhorn.eu\/wp-content\/uploads\/2022\/04\/werfen-300x188.jpg 300w\" sizes=\"(max-width: 494px) 100vw, 494px\" \/><\/div><\/a>\n\t\t\t\t<div class=\"elementor-post__text\">\n\t\t\t\t<h3 class=\"elementor-post__title\">\n\t\t\t<a href=\"https:\/\/imbachhorn.eu\/en\/zamek-z-filmu-tylko-dla-orlow\/\" >\n\t\t\t\tThe castle from the film: Where Eagles Dare\t\t\t<\/a>\n\t\t<\/h3>\n\t\t\t\t<div class=\"elementor-post__excerpt\">\n\t\t\t<p>Hohenwerfen Castle, from the 1968 film Where Eagles Dare, starring Richard Burton and Clint Eastwood. Shown in the film<\/p>\n\t\t<\/div>\n\t\t\n\t\t<a class=\"elementor-post__read-more\" href=\"https:\/\/imbachhorn.eu\/en\/zamek-z-filmu-tylko-dla-orlow\/\" aria-label=\"Read more about Zamek z filmu : Tylko dla Or\u0142\u00f3w\" tabindex=\"-1\" >\n\t\t\tRead more\t\t<\/a>\n\n\t\t\t\t<\/div>\n\t\t\t\t\t<\/div>\n\t\t<\/article>\n\t\t\t\t<article class=\"elementor-post elementor-grid-item post-1066 post type-post status-publish format-standard has-post-thumbnail hentry category-najwieksze-atrakcje\">\n\t\t\t<div class=\"elementor-post__card\">\n\t\t\t\t<a class=\"elementor-post__thumbnail__link\" href=\"https:\/\/imbachhorn.eu\/en\/niezwykle-widowiskowe-zapory-wodne-w-kaprun\/\" tabindex=\"-1\" ><div class=\"elementor-post__thumbnail\"><img loading=\"lazy\" decoding=\"async\" width=\"371\" height=\"274\" src=\"https:\/\/imbachhorn.eu\/wp-content\/uploads\/2022\/04\/stausse-foto-3.jpg\" class=\"attachment-full size-full wp-image-1070\" alt=\"\" srcset=\"https:\/\/imbachhorn.eu\/wp-content\/uploads\/2022\/04\/stausse-foto-3.jpg 371w, https:\/\/imbachhorn.eu\/wp-content\/uploads\/2022\/04\/stausse-foto-3-300x222.jpg 300w\" sizes=\"(max-width: 371px) 100vw, 371px\" \/><\/div><\/a>\n\t\t\t\t<div class=\"elementor-post__text\">\n\t\t\t\t<h3 class=\"elementor-post__title\">\n\t\t\t<a href=\"https:\/\/imbachhorn.eu\/en\/niezwykle-widowiskowe-zapory-wodne-w-kaprun\/\" >\n\t\t\t\tSpectacular dams in Kaprun\t\t\t<\/a>\n\t\t<\/h3>\n\t\t\t\t<div class=\"elementor-post__excerpt\">\n\t\t\t<p>The dams consist of two reservoirs: the lower Wasserfallboden and the higher Mooserboden. Surrounded by picturesque and wild peaks of the Alps, these high-altitude reservoirs are one<\/p>\n\t\t<\/div>\n\t\t\n\t\t<a class=\"elementor-post__read-more\" href=\"https:\/\/imbachhorn.eu\/en\/niezwykle-widowiskowe-zapory-wodne-w-kaprun\/\" aria-label=\"Read more about Niezwykle widowiskowe zapory wodne w Kaprun\" tabindex=\"-1\" >\n\t\t\tRead more\t\t<\/a>\n\n\t\t\t\t<\/div>\n\t\t\t\t\t<\/div>\n\t\t<\/article>\n\t\t\t\t<article class=\"elementor-post elementor-grid-item post-1055 post type-post status-publish format-standard has-post-thumbnail hentry category-najwieksze-atrakcje\">\n\t\t\t<div class=\"elementor-post__card\">\n\t\t\t\t<a class=\"elementor-post__thumbnail__link\" href=\"https:\/\/imbachhorn.eu\/en\/zell-am-see-zielone-miasto-pod-bialymi-szczytami\/\" tabindex=\"-1\" ><div class=\"elementor-post__thumbnail\"><img loading=\"lazy\" decoding=\"async\" width=\"691\" height=\"371\" src=\"https:\/\/imbachhorn.eu\/wp-content\/uploads\/2022\/04\/zem-all-see.jpg\" class=\"attachment-full size-full wp-image-1057\" alt=\"\" srcset=\"https:\/\/imbachhorn.eu\/wp-content\/uploads\/2022\/04\/zem-all-see.jpg 691w, https:\/\/imbachhorn.eu\/wp-content\/uploads\/2022\/04\/zem-all-see-300x161.jpg 300w\" sizes=\"(max-width: 691px) 100vw, 691px\" \/><\/div><\/a>\n\t\t\t\t<div class=\"elementor-post__text\">\n\t\t\t\t<h3 class=\"elementor-post__title\">\n\t\t\t<a href=\"https:\/\/imbachhorn.eu\/en\/zell-am-see-zielone-miasto-pod-bialymi-szczytami\/\" >\n\t\t\t\tZell am See \u2013 a green town beneath white peaks\t\t\t<\/a>\n\t\t<\/h3>\n\t\t\t\t<div class=\"elementor-post__excerpt\">\n\t\t\t<p>Zell am See (pronounced literally \"Tsell am Zee!\") \u2013 a charming town on Lake Zeller See, whose surroundings attract tourists and active holidaymakers like a magnet. Clean<\/p>\n\t\t<\/div>\n\t\t\n\t\t<a class=\"elementor-post__read-more\" href=\"https:\/\/imbachhorn.eu\/en\/zell-am-see-zielone-miasto-pod-bialymi-szczytami\/\" aria-label=\"Read more about Zell am See &#8211; zielone miasto pod bia\u0142ymi szczytami\" tabindex=\"-1\" >\n\t\t\tRead more\t\t<\/a>\n\n\t\t\t\t<\/div>\n\t\t\t\t\t<\/div>\n\t\t<\/article>\n\t\t\t\t<article class=\"elementor-post elementor-grid-item post-1030 post type-post status-publish format-standard has-post-thumbnail hentry category-najwieksze-atrakcje\">\n\t\t\t<div class=\"elementor-post__card\">\n\t\t\t\t<a class=\"elementor-post__thumbnail__link\" href=\"https:\/\/imbachhorn.eu\/en\/salzburg-miasto-wpisane-na-unesco\/\" tabindex=\"-1\" ><div class=\"elementor-post__thumbnail\"><img loading=\"lazy\" decoding=\"async\" width=\"358\" height=\"334\" src=\"https:\/\/imbachhorn.eu\/wp-content\/uploads\/2022\/03\/salzburg-a-4.jpg\" class=\"attachment-full size-full wp-image-1037\" alt=\"\" srcset=\"https:\/\/imbachhorn.eu\/wp-content\/uploads\/2022\/03\/salzburg-a-4.jpg 358w, https:\/\/imbachhorn.eu\/wp-content\/uploads\/2022\/03\/salzburg-a-4-300x280.jpg 300w\" sizes=\"(max-width: 358px) 100vw, 358px\" \/><\/div><\/a>\n\t\t\t\t<div class=\"elementor-post__text\">\n\t\t\t\t<h3 class=\"elementor-post__title\">\n\t\t\t<a href=\"https:\/\/imbachhorn.eu\/en\/salzburg-miasto-wpisane-na-unesco\/\" >\n\t\t\t\tSalzburg - a UNESCO World Heritage City\t\t\t<\/a>\n\t\t<\/h3>\n\t\t\t\t<div class=\"elementor-post__excerpt\">\n\t\t\t<p>On 1 January 1997, two significant sites in Austria were inscribed on the UNESCO World Heritage List: the Historic Centre of Salzburg and Sch\u00f6nbrunn Palace. In 1972,<\/p>\n\t\t<\/div>\n\t\t\n\t\t<a class=\"elementor-post__read-more\" href=\"https:\/\/imbachhorn.eu\/en\/salzburg-miasto-wpisane-na-unesco\/\" aria-label=\"Read more about Salzburg-miasto wpisane na UNESCO\" tabindex=\"-1\" >\n\t\t\tRead more\t\t<\/a>\n\n\t\t\t\t<\/div>\n\t\t\t\t\t<\/div>\n\t\t<\/article>\n\t\t\t\t<\/div>\n\t\t\n\t\t\t\t<div class=\"e-load-more-anchor\" data-page=\"1\" data-max-page=\"2\" data-next-page=\"https:\/\/imbachhorn.eu\/en\/wp-json\/wp\/v2\/pages\/601\/page\/2\/\"><\/div>\n\t\t\t\t<nav class=\"elementor-pagination\" aria-label=\"Pagination\">\n\t\t\t<span aria-current=\"page\" class=\"page-numbers current\"><span class=\"elementor-screen-only\">Page<\/span>1<\/span>\n<a class=\"page-numbers\" href=\"https:\/\/imbachhorn.eu\/en\/wp-json\/wp\/v2\/pages\/601\/page\/2\/\"><span class=\"elementor-screen-only\">Page<\/span>2<\/a>\t\t<\/nav>\n\t\t\t\t\t\t<\/div>\n\t\t\t\t<\/div>\n\t\t\t\t\t<\/div>\n\t\t<\/div>\n\t\t\t\t\t<\/div>\n\t\t<\/section>\n\t\t\t\t\t<\/div>\n\t\t<\/div>\n\t\t\t\t\t<\/div>\n\t\t<\/section>\n\t\t\t\t<\/div>","protected":false},"excerpt":{"rendered":"","protected":false},"author":1,"featured_media":0,"parent":0,"menu_order":0,"comment_status":"closed","ping_status":"closed","template":"","meta":{"inline_featured_image":false,"site-sidebar-layout":"no-sidebar","site-content-layout":"page-builder","ast-site-content-layout":"","site-content-style":"default","site-sidebar-style":"default","ast-global-header-display":"","ast-banner-title-visibility":"","ast-main-header-display":"","ast-hfb-above-header-display":"","ast-hfb-below-header-display":"","ast-hfb-mobile-header-display":"","site-post-title":"disabled","ast-breadcrumbs-content":"","ast-featured-img":"disabled","footer-sml-layout":"","theme-transparent-header-meta":"","adv-header-id-meta":"","stick-header-meta":"","header-above-stick-meta":"","header-main-stick-meta":"","header-below-stick-meta":"","astra-migrate-meta-layouts":"default","ast-page-background-enabled":"default","ast-page-background-meta":{"desktop":{"background-color":"var(--ast-global-color-4)","background-image":"","background-repeat":"repeat","background-position":"center center","background-size":"auto","background-attachment":"scroll","background-type":"","background-media":"","overlay-type":"","overlay-color":"","overlay-opacity":"","overlay-gradient":""},"tablet":{"background-color":"","background-image":"","background-repeat":"repeat","background-position":"center center","background-size":"auto","background-attachment":"scroll","background-type":"","background-media":"","overlay-type":"","overlay-color":"","overlay-opacity":"","overlay-gradient":""},"mobile":{"background-color":"","background-image":"","background-repeat":"repeat","background-position":"center center","background-size":"auto","background-attachment":"scroll","background-type":"","background-media":"","overlay-type":"","overlay-color":"","overlay-opacity":"","overlay-gradient":""}},"ast-content-background-meta":{"desktop":{"background-color":"var(--ast-global-color-5)","background-image":"","background-repeat":"repeat","background-position":"center center","background-size":"auto","background-attachment":"scroll","background-type":"","background-media":"","overlay-type":"","overlay-color":"","overlay-opacity":"","overlay-gradient":""},"tablet":{"background-color":"var(--ast-global-color-5)","background-image":"","background-repeat":"repeat","background-position":"center center","background-size":"auto","background-attachment":"scroll","background-type":"","background-media":"","overlay-type":"","overlay-color":"","overlay-opacity":"","overlay-gradient":""},"mobile":{"background-color":"var(--ast-global-color-5)","background-image":"","background-repeat":"repeat","background-position":"center center","background-size":"auto","background-attachment":"scroll","background-type":"","background-media":"","overlay-type":"","overlay-color":"","overlay-opacity":"","overlay-gradient":""}},"footnotes":""},"class_list":["post-601","page","type-page","status-publish","hentry"],"_links":{"self":[{"href":"https:\/\/imbachhorn.eu\/en\/wp-json\/wp\/v2\/pages\/601","targetHints":{"allow":["GET"]}}],"collection":[{"href":"https:\/\/imbachhorn.eu\/en\/wp-json\/wp\/v2\/pages"}],"about":[{"href":"https:\/\/imbachhorn.eu\/en\/wp-json\/wp\/v2\/types\/page"}],"author":[{"embeddable":true,"href":"https:\/\/imbachhorn.eu\/en\/wp-json\/wp\/v2\/users\/1"}],"replies":[{"embeddable":true,"href":"https:\/\/imbachhorn.eu\/en\/wp-json\/wp\/v2\/comments?post=601"}],"version-history":[{"count":0,"href":"https:\/\/imbachhorn.eu\/en\/wp-json\/wp\/v2\/pages\/601\/revisions"}],"wp:attachment":[{"href":"https:\/\/imbachhorn.eu\/en\/wp-json\/wp\/v2\/media?parent=601"}],"curies":[{"name":"wp","href":"https:\/\/api.w.org\/{rel}","templated":true}]}}