{"id":477,"date":"2022-03-15T10:29:29","date_gmt":"2022-03-15T09:29:29","guid":{"rendered":"http:\/\/imbachhorn2022.freelinelab.pl\/?page_id=477"},"modified":"2026-03-31T18:57:11","modified_gmt":"2026-03-31T16:57:11","slug":"price-list","status":"publish","type":"page","link":"https:\/\/imbachhorn.eu\/en\/cennik\/","title":{"rendered":"Price list Summer"},"content":{"rendered":"<div data-elementor-type=\"wp-page\" data-elementor-id=\"477\" class=\"elementor elementor-477\" data-elementor-post-type=\"page\">\n\t\t\t\t\t\t<section class=\"elementor-section elementor-top-section elementor-element elementor-element-28e92da elementor-section-full_width elementor-section-height-default elementor-section-height-default\" data-id=\"28e92da\" data-element_type=\"section\">\n\t\t\t\t\t\t<div class=\"elementor-container elementor-column-gap-no\">\n\t\t\t\t\t<div class=\"elementor-column elementor-col-100 elementor-top-column elementor-element elementor-element-1bd77d5\" data-id=\"1bd77d5\" data-element_type=\"column\">\n\t\t\t<div class=\"elementor-widget-wrap\">\n\t\t\t\t\t\t\t<\/div>\n\t\t<\/div>\n\t\t\t\t\t<\/div>\n\t\t<\/section>\n\t\t\t\t<section class=\"elementor-section elementor-top-section elementor-element elementor-element-43b8cc9 elementor-section-boxed elementor-section-height-default elementor-section-height-default\" data-id=\"43b8cc9\" data-element_type=\"section\">\n\t\t\t\t\t\t<div class=\"elementor-container elementor-column-gap-default\">\n\t\t\t\t\t<div class=\"elementor-column elementor-col-100 elementor-top-column elementor-element elementor-element-86d075f\" data-id=\"86d075f\" data-element_type=\"column\">\n\t\t\t<div class=\"elementor-widget-wrap elementor-element-populated\">\n\t\t\t\t\t\t<div class=\"elementor-element elementor-element-e5f6745 elementor-widget elementor-widget-heading\" data-id=\"e5f6745\" data-element_type=\"widget\" data-widget_type=\"heading.default\">\n\t\t\t\t<div class=\"elementor-widget-container\">\n\t\t\t\t\t<h2 class=\"elementor-heading-title elementor-size-default\">Price List Summer Season 2026<\/h2>\t\t\t\t<\/div>\n\t\t\t\t<\/div>\n\t\t\t\t\t<\/div>\n\t\t<\/div>\n\t\t\t\t\t<\/div>\n\t\t<\/section>\n\t\t\t\t<section class=\"elementor-section elementor-top-section elementor-element elementor-element-a29fec7 elementor-section-boxed elementor-section-height-default elementor-section-height-default\" data-id=\"a29fec7\" data-element_type=\"section\">\n\t\t\t\t\t\t<div class=\"elementor-container elementor-column-gap-default\">\n\t\t\t\t\t<div class=\"elementor-column elementor-col-100 elementor-top-column elementor-element elementor-element-2a850ad\" data-id=\"2a850ad\" data-element_type=\"column\">\n\t\t\t<div class=\"elementor-widget-wrap elementor-element-populated\">\n\t\t\t\t\t\t<div class=\"elementor-element elementor-element-2e758e9 elementor-widget elementor-widget-text-editor\" data-id=\"2e758e9\" data-element_type=\"widget\" data-widget_type=\"text-editor.default\">\n\t\t\t\t<div class=\"elementor-widget-container\">\n\t\t\t\t\t\t\t\t\t<p><span style=\"color: #ff0000;\"><strong>\u00a0<\/strong><\/span><span style=\"color: #ff0000;\"><strong>The prices shown are valid from 30 May to approximately 20 September 2026, the price shown is per adult\/per night.<br \/><\/strong><\/span><\/p><p><strong><span style=\"color: #ff0000;\">Please note: confirmation of booking is:<br \/><\/span><\/strong><span style=\"color: #000000;\"><strong style=\"font-style: inherit;\">\u2013 1 and 2 days before arrival, full payment for the stay is due.<br \/><\/strong><strong style=\"font-style: inherit;\">\u2013 from 3 days \u2013 deposit of 35%% of the stay value.<\/strong><\/span><\/p><p><span style=\"color: #000000;\"><strong style=\"font-style: inherit;\">We have clearly defined cancellation fees \u2013 please familiarise yourself with them<\/strong>.<\/span><br \/><span style=\"color: #ff0000;\"><a style=\"caret-color: rgba(0, 0, 0, 0); background-color: #ffffff; font-family: Oswald; color: #ff0000;\" href=\"https:\/\/imbachhorn.eu\/en\/cancellation-of-reservation\/\" target=\"_blank\" rel=\"noopener\">Cancellation conditions - https:\/\/imbachhorn.eu\/rezygnajca-z-rezerwacji\/<\/a><br \/><\/span><\/p><table width=\"708\"><tbody><tr><td width=\"330\"><p><span style=\"color: #ff0000;\"><strong>Summer season 2026<\/strong><\/span><\/p><p><span style=\"color: #ff0000;\"><strong>From 30 May to around 20 September 2026<\/strong><\/span><\/p><\/td><td width=\"123\"><p><span style=\"color: #ff0000;\"><strong><br \/>\u00a0Price for<br \/>\u00a01 day\/ adult person <\/strong>\u00a0<\/span><br \/><span style=\"color: #ff0000;\">\u00a0(for stays <\/span><br \/><span style=\"color: #ff0000;\">for 1 or 2 days)<\/span><\/p><\/td><td width=\"132\"><p><span style=\"color: #ff0000;\"><strong><br \/>Price for <br \/>1 night\/person dor.<\/strong>\u00a0 <\/span><br \/><span style=\"color: #ff0000;\">(for stays <\/span><br \/><span style=\"color: #ff0000;\">3 or 4 days<\/span><\/p><\/td><td width=\"123\"><p><span style=\"color: #ff0000;\"><strong><br \/>Price for <br \/>1 night\/person dor. <br \/><\/strong>\u00a0 (for stays <\/span><br \/><span style=\"color: #ff0000;\">from 5 days<\/span><\/p><\/td><\/tr><tr><td width=\"330\"><p>Tourist tax charged per day, from 15 years of age<\/p><\/td><td width=\"123\"><p><strong>2 <\/strong><strong>\u20ac <br \/>(cash only)<\/strong><\/p><\/td><td width=\"132\"><p><strong>2 \u20ac<br \/><\/strong><strong>(cash only)<\/strong><\/p><\/td><td width=\"123\"><p><strong>2 \u20ac<br \/><\/strong><strong>(cash only)<\/strong><\/p><\/td><\/tr><tr><td width=\"330\"><p>Stay without breakfast <strong>WITHOUT<\/strong><\/p><\/td><td width=\"123\"><p><strong>68 \u20ac *<\/strong><\/p><\/td><td width=\"132\"><p><strong>66 \u20ac*<\/strong><\/p><\/td><td width=\"123\"><p><strong>65 \u20ac*<\/strong><\/p><\/td><\/tr><tr><td width=\"330\"><p>Stay with breakfast <strong>English<\/strong> (buffet + beverages)<\/p><\/td><td width=\"123\"><p><strong>78 \u20ac*<\/strong><\/p><\/td><td width=\"132\"><p><strong>75 \u20ac*<\/strong><\/p><\/td><td width=\"123\"><p><strong>73 \u20ac*<\/strong><\/p><\/td><\/tr><tr><td width=\"330\"><p>Stay with breakfast (buffet + drinks) and dinner <strong>HP<\/strong> (buffet)(ordered by reservation)<\/p><\/td><td width=\"123\"><p><strong>88 \u20ac*<\/strong><\/p><\/td><td width=\"132\"><p><strong>85 \u20ac*<\/strong><\/p><\/td><td width=\"123\"><p><strong>83 \u20ac*<\/strong><\/p><\/td><\/tr><tr><td width=\"330\"><p>Supplement per day for a single room<\/p><\/td><td width=\"123\"><p><strong>+ 18 \u20ac<\/strong><\/p><\/td><td width=\"132\"><p><strong>+ 16 \u20ac<\/strong><\/p><\/td><td width=\"123\"><p><strong>+ 14 \u20ac<\/strong><\/p><\/td><\/tr><tr><td width=\"330\"><p>Supplement for double room for single occupancy<\/p><\/td><td width=\"123\"><p><strong>+ 28 \u20ac<\/strong><\/p><\/td><td width=\"132\"><p><strong>+ 26 \u20ac<\/strong><\/p><\/td><td width=\"123\"><p><strong>+ 24 \u20ac<\/strong><\/p><\/td><\/tr><tr><td width=\"330\"><p>Supplement for deluxe room \u20ac35 per day<\/p><\/td><td width=\"123\"><p><strong>+ 35 \u20ac<\/strong><\/p><\/td><td width=\"132\"><p><strong>+ 35 \u20ac<\/strong><\/p><\/td><td width=\"123\"><p><strong>+ 35 \u20ac<\/strong><\/p><\/td><\/tr><tr><td width=\"330\"><p>Supplement for Studio room \u20ac20 per day<\/p><\/td><td width=\"123\"><p><strong>+ 20 \u20ac<\/strong><\/p><\/td><td width=\"132\"><p><strong>+ 20 \u20ac<\/strong><\/p><\/td><td width=\"123\"><p><strong>+ 20 \u20ac<\/strong><\/p><\/td><\/tr><tr><td width=\"330\">\u00a0<\/td><td width=\"123\">\u00a0<\/td><td width=\"132\">\u00a0<\/td><td width=\"123\">\u00a0<\/td><\/tr><\/tbody><\/table><p><span style=\"color: #ff0000;\">\u00a0<span style=\"color: #000000;\">On stays with HP <strong>5 to 7 days<\/strong> \u2013 we offer a drinks voucher for our bar to the value of \u2013 <strong><span style=\"color: #ff0000;\">20 \u20ac<\/span><\/strong> adult.<\/span><br \/><span style=\"color: #000000;\">\u00a0On stays with HP <strong>over 7 days<\/strong> \u2013 we offer a drinks voucher for our bar to the value of \u2013 <strong><span style=\"color: #ff0000;\">30 \u20ac<\/span><\/strong> adult.<\/span><br \/><\/span><\/p><table><tbody><tr><td width=\"232\"><p><strong>Additional services <\/strong><\/p><\/td><td width=\"232\"><p><strong>Adults <\/strong><\/p><\/td><td width=\"232\"><p><strong>\u00a0Children<\/strong><\/p><\/td><\/tr><tr><td width=\"232\"><p>Breakfast (buffet + beverages)To be purchased on site<\/p><\/td><td width=\"232\"><p><strong>14 \u20ac<\/strong><\/p><\/td><td width=\"232\"><p>* Discounts for children <br \/>0-5 years - \u20ac5<br \/>7 -12 years \u2013 \u20ac7*<br \/>13 \u2013 17 years \u2013 \u20ac11<\/p><\/td><\/tr><tr><td width=\"232\"><p>Dinner (buffet) <br \/>Purchased on site<br \/>(A different price applies for BBQs and patio dinners)<\/p><\/td><td width=\"232\"><p><strong>22 \u20ac<\/strong><\/p><\/td><td width=\"232\"><p>* Discounts for children <br \/>0-6 years \u2013 \u20ac8<br \/>7-12 years - \u20ac11*<br \/>13 - 17 years - \u20ac17 *<\/p><\/td><\/tr><\/tbody><\/table><table><tbody><tr><td width=\"349\">\u00a0<\/td><td width=\"349\">\u00a0<\/td><\/tr><tr><td width=\"349\"><p>Parking outside of the guesthouse stay for a passenger car (other vehicles by arrangement)<\/p><\/td><td width=\"349\"><p><strong>13 \u20ac per day (cash only)<\/strong><\/p><\/td><\/tr><tr><td width=\"349\"><p>Parking space outside the period of stay for a trailer or small flatbed trailer.<br \/>(Other trailers by agreement)<\/p><\/td><td width=\"349\"><p><strong>7 \u20ac per day (cash only)<\/strong><\/p><\/td><\/tr><tr><td width=\"349\"><p>Pet fee without food.<\/p><p>(by agreement on breed, size and type)<\/p><\/td><td width=\"349\"><p>15 \u20ac per day (cash only)<\/p><\/td><\/tr><\/tbody><\/table><p><span style=\"font-weight: bold; caret-color: rgba(0, 0, 0, 0);\">PAYMENTS at the guesthouse<\/span><br style=\"caret-color: rgba(0, 0, 0, 0);\" \/><span style=\"caret-color: rgba(0, 0, 0, 0);\">We accept payments in EURO - cash, bank transfer or credit cards.<\/span><b><\/b><\/p><p><b>Discounts for children:<\/b><br \/>Children have discounts depending on their age and provided they sleep in a room with their parents\/guardians.<br \/>Discounts for children are calculated on the year of birth, not the actual date of birth!<\/p><table><tbody><tr><td width=\"201\"><span style=\"color: #ff0000;\"><strong>Fixed fee 10 \u20ac \/ day<\/strong><\/span><\/td><td width=\"201\"><span style=\"color: #ff0000;\"><strong>50 %<\/strong><\/span><\/td><td width=\"201\"><span style=\"color: #ff0000;\"><strong>20 %<\/strong><\/span><\/td><\/tr><tr><td width=\"201\"><strong>2026 &#8211; <span style=\"color: #ff0000;\">0 - years<\/span><\/strong><\/td><td width=\"201\"><strong>2019 &#8211; <span style=\"color: #ff0000;\">7 - years<\/span><\/strong><\/td><td width=\"201\"><strong>2013 &#8211; <span style=\"color: #ff0000;\">13 - years<\/span><\/strong><\/td><\/tr><tr><td width=\"201\"><strong>2025 &#8211;<span style=\"color: #ff0000;\">1 - years<\/span><\/strong><\/td><td width=\"201\"><strong>2018 &#8211; <span style=\"color: #ff0000;\">8 - years<\/span><\/strong><\/td><td width=\"201\"><strong>2012 &#8211; <span style=\"color: #ff0000;\">14 - years<\/span><\/strong><\/td><\/tr><tr><td width=\"201\"><strong>2024 &#8211;<span style=\"color: #ff0000;\">2 - years<\/span><\/strong><\/td><td width=\"201\"><strong>2017 &#8211; <span style=\"color: #ff0000;\">9 - years<\/span><\/strong><\/td><td width=\"201\"><strong>2011 &#8211; <span style=\"color: #ff0000;\">15 - years<\/span><\/strong><\/td><\/tr><tr><td width=\"201\"><strong>2023 &#8211; <span style=\"color: #ff0000;\">3 - years<\/span><\/strong><\/td><td width=\"201\"><strong>2016 &#8211; <span style=\"color: #ff0000;\">10 - years<\/span><\/strong><\/td><td width=\"201\"><strong>2010 &#8211; <span style=\"color: #ff0000;\">16 - years<\/span><\/strong><\/td><\/tr><tr><td width=\"201\"><strong>2022 &#8211; <span style=\"color: #ff0000;\">4 - years<\/span><\/strong><\/td><td width=\"201\"><strong>2015 \u2013 <span style=\"color: #ff0000;\">11 - years<\/span><\/strong><\/td><td width=\"201\"><strong>2009 &#8211; <span style=\"color: #ff0000;\">17 - years<\/span><\/strong><\/td><\/tr><tr><td width=\"201\"><strong>2021 \u2013 <span style=\"color: #ff0000;\">5 - years<\/span><\/strong><\/td><td width=\"201\"><strong>2014 &#8211; <span style=\"color: #ff0000;\">12 - years<\/span><\/strong><\/td><td width=\"201\">\u00a0<\/td><\/tr><tr><td width=\"201\"><strong>2020 &#8211; <span style=\"color: #ff0000;\">6 - years<\/span><\/strong><\/td><td width=\"201\">\u00a0<\/td><td width=\"201\">\u00a0<\/td><\/tr><\/tbody><\/table><p><strong><span style=\"color: #ff0000;\">\u00a0<\/span><\/strong><strong>Please refer to the bid attachment below for details.<\/strong><\/p><table width=\"739\"><tbody><tr><td width=\"739\">INFORM<br \/>1\/ the following description is a representation of the conditions concerning stay, meals and other attractions<br \/>2\/ Confirmation of the reservation is only a down payment\/ another form must be agreed with the guesthouse\/<br \/>3\/ Confirmation of arrival and payment of the deposit are equivalent to acceptance of the Pension's regulations and terms and conditions.<br \/>4\/ The regulations can be found under <a href=\"https:\/\/imbachhorn.eu\/en\/regulations\/\" target=\"_blank\" rel=\"noopener\">www.imbachhorn.eu<\/a><\/td><\/tr><tr><td width=\"739\">NOTICE \u2013 HOTEL CHECK-IN \/ CHECK-OUT TIME<br \/>- starts AFTER 4:00 PM and rooms will only be available after 4:00 PM<br \/>(not before) this is very important to us!!!<br \/>- ends at: 10:00 a.m. and you must leave the room by 10:00 a.m.<\/td><\/tr><tr><td width=\"739\"><p>LOCAL CONDITIONS:<br \/>\u2013 The guesthouse consists of two buildings, 10 metres apart, but on the same property<br \/>\u2013 all rooms have en-suite bathrooms and Smart TVs<br \/>- Free WiFi in all facilities and rooms<\/p><table width=\"704\"><tbody><tr><td width=\"240\"><p>MAIN BUILDING<\/p><p>- 10 rooms (2-person, 3-person, family + studio)<br \/>- dining room + bar<br \/>- billiards<\/p><\/td><td width=\"232\"><p>PAVILON<\/p><p>- connected to the main building with a long, spacious corridor<br \/>- 5 family rooms for 3 persons and 5 persons.<\/p><\/td><td width=\"232\"><p>HAUS IMBACH<\/p><p>- 3 family rooms (3-bed, 4-bed)<br \/>\u2013 Two luxury family rooms\/approx. 50 m2 each*** for an additional charge<\/p><\/td><\/tr><\/tbody><\/table><\/td><\/tr><tr><td width=\"739\"><p>LOBBY<br \/>Common space for approximately 60 people , equipped with TV, projector and audio sound system.<br \/>TERRACE AND GARDEN<br \/>- sun terrace with a beautiful view of the Fusch valley<br \/>- the entire farmyard in flowers and greenery<br \/>- relaxation and leisure areas, covered pavilion with round table comfortable Loggia + sun loungers<br \/>- pond with cascade, waterfall and a place to soak your feet<br \/>- barbecue with smokehouse, bread oven and fireplace<\/p><\/td><\/tr><tr><td width=\"739\">FOR CHILDREN<br \/>- low ropes course<br \/>- playground for younger children, swings, toys, bicycles<br \/>- trampoline with safety net<br \/>- pole house<br \/>- large sandpit<br \/>- slide<br \/>- volleyball\/badminton court<br \/>- table tennis table<br \/>- there is a cat and a dog on the premises - possibility to play with the animals<\/td><\/tr><tr><td width=\"739\">\u00a0Parking available:<br \/>- open, unguarded parking for cars, buses and motorbikes - included in the price<br \/>- covered, unguarded parking for 12 motorbikes without reservation - included in the price<br \/>- motorbike covers, jack, keys, etc.- deposit<br \/>- possibility of storing the bicycle in a locked room<\/td><\/tr><tr><td width=\"739\">Bicycles are available for hire:<br \/>\u2013 two electric full-suspension MTB bikes: a ladies' and a men's, please ask at reception for pricing<br \/>- helmets, bags, blankets + drinking water - included in the rental price<\/td><\/tr><tr><td width=\"739\">NORDIC WALKING<br \/>- Nordic Walking trails are available next to the guesthouse<br \/>- we have maps with trails on site<br \/>- poles<\/td><\/tr><tr><td width=\"739\">A few minutes' walk from the Guesthouse is:<br \/>- outdoor swimming pool with a beach area + paddling pool for children<br \/>- a large football pitch and a beach volleyball court<br \/>- two outdoor tennis courts<br \/>- playgrounds, waterfall<br \/>- segregated, asphalted and safe routes for bicycles and rollerskates<\/td><\/tr><tr><td width=\"739\"><p>MEALS \u2014 meals are on an HP\/HB system (breakfast and dinner)<br \/>\u2013 Buffet breakfast served between 7:30 AM and 9:30 AM (includes: cold cuts, cheeses, dairy products, spreads, salads, cereals, jams, homemade and local products, coffee, tea, juices)<br \/>\u2013 Dinner: hot buffet between 6:30 PM and 8:00 PM.<\/p><p>- soup<br \/>- two second courses to choose from<br \/>- buffet with salads and vegetables<br \/>- dessert<\/p><p>After 20:00, dinner will be served on plates to the table by arrangement with the guesthouse.<br \/>- Terrace barbecue - once a week \/weather permitting!\/ instead of the traditional dinner we serve barbecue dishes on the terrace. It consists of:<\/p><p>- directly grilled meats\/neck, ribs, poultry, skewers, etc.\/.<br \/>- Grilled vegetables and side dishes\/baked potatoes or Chips or semolina etc.<br \/>- buffet with salads and vegetables<br \/>- dessert<\/p><p>\u2013 Pizza on the terrace \u2013 once a week \/weather permitting!\/ instead of a traditional dinner, we serve pizza from a stone bread oven. These include:<\/p><p>- various types of pizza \/cheese, tuna, salami, margarita, etc.\/.<br \/>- steamed vegetables<br \/>- pasta in various guises \/ spaghetti or tuna or with pesto, etc.\/<br \/>- buffet with salads and salads<br \/>- dessert\u00a0\u00a0\u00a0\u00a0\u00a0\u00a0<\/p><p>ALL DRINKS FOR DINNER (including tea and coffee) ARE PAID FOR<\/p><p>CANCELLATION CONDITIONS<\/p><p><a href=\"https:\/\/imbachhorn.eu\/en\/cancellation-of-reservation\/\" target=\"_blank\" rel=\"noopener\"><span style=\"color: #3a3a3a;\">Cancellation conditions - https:\/\/imbachhorn.eu\/rezygnajca-z-rezerwacji\/<\/span><\/a><\/p><p>ATTENTION - For all guests who confirm their intention to attend and pay a deposit, we have prepared: - an original guide in Polish to the local ATTRACTIONS in the area for adults and children, showing distances, attractions, approximate prices, important information, and additionally, descriptions of motorcycle and cycling routes, plus maps and descriptions of mountain hikes.<\/p><p>Once you have paid your deposit, please email us if you would like to download the guide, we will provide you with a link to download the guide from our server\/cloud.<\/p><p>Also during your stay at the Pension Imbachhorn, we will help you to plan excursions, make reservations for planned attractions and assist with translations.<\/p><\/td><\/tr><\/tbody><\/table>\t\t\t\t\t\t\t\t<\/div>\n\t\t\t\t<\/div>\n\t\t\t\t\t<\/div>\n\t\t<\/div>\n\t\t\t\t\t<\/div>\n\t\t<\/section>\n\t\t\t\t<section class=\"elementor-section elementor-top-section elementor-element elementor-element-a50a527 elementor-section-boxed elementor-section-height-default elementor-section-height-default\" data-id=\"a50a527\" data-element_type=\"section\">\n\t\t\t\t\t\t<div class=\"elementor-container elementor-column-gap-default\">\n\t\t\t\t\t<div class=\"elementor-column elementor-col-100 elementor-top-column elementor-element elementor-element-b7984dc\" data-id=\"b7984dc\" data-element_type=\"column\">\n\t\t\t<div class=\"elementor-widget-wrap\">\n\t\t\t\t\t\t\t<\/div>\n\t\t<\/div>\n\t\t\t\t\t<\/div>\n\t\t<\/section>\n\t\t\t\t<\/div>","protected":false},"excerpt":{"rendered":"<p>CENNIK NA SEZON LETNI 2026 \u00a0Podane ceny obowi\u0105zuj\u0105 od 30 maja do oko\u0142o 20 wrze\u015bnia 2026, podana cena jest za osob\u0119 doros\u0142\u0105\/dob\u0119. UWAGA: potwierdzeniem rezerwacji jest:\u2013 przy 1 i 2 dobach wplata ca\u0142ej kwoty pobytu.\u2013 od 3 d\u00f3b \u2013 wplata zaliczki w wysoko\u015bci 35% warto\u015bci pobytu. Mamy jasno ustalone kwoty rezygnacji z rezerwacji \u2013 prosz\u0119 [\u2026]<\/p>","protected":false},"author":1,"featured_media":0,"parent":0,"menu_order":0,"comment_status":"closed","ping_status":"closed","template":"elementor_theme","meta":{"inline_featured_image":false,"site-sidebar-layout":"no-sidebar","site-content-layout":"page-builder","ast-site-content-layout":"","site-content-style":"default","site-sidebar-style":"default","ast-global-header-display":"","ast-banner-title-visibility":"","ast-main-header-display":"","ast-hfb-above-header-display":"","ast-hfb-below-header-display":"","ast-hfb-mobile-header-display":"","site-post-title":"disabled","ast-breadcrumbs-content":"","ast-featured-img":"disabled","footer-sml-layout":"","theme-transparent-header-meta":"","adv-header-id-meta":"","stick-header-meta":"","header-above-stick-meta":"","header-main-stick-meta":"","header-below-stick-meta":"","astra-migrate-meta-layouts":"default","ast-page-background-enabled":"default","ast-page-background-meta":{"desktop":{"background-color":"var(--ast-global-color-4)","background-image":"","background-repeat":"repeat","background-position":"center center","background-size":"auto","background-attachment":"scroll","background-type":"","background-media":"","overlay-type":"","overlay-color":"","overlay-opacity":"","overlay-gradient":""},"tablet":{"background-color":"","background-image":"","background-repeat":"repeat","background-position":"center center","background-size":"auto","background-attachment":"scroll","background-type":"","background-media":"","overlay-type":"","overlay-color":"","overlay-opacity":"","overlay-gradient":""},"mobile":{"background-color":"","background-image":"","background-repeat":"repeat","background-position":"center center","background-size":"auto","background-attachment":"scroll","background-type":"","background-media":"","overlay-type":"","overlay-color":"","overlay-opacity":"","overlay-gradient":""}},"ast-content-background-meta":{"desktop":{"background-color":"var(--ast-global-color-5)","background-image":"","background-repeat":"repeat","background-position":"center center","background-size":"auto","background-attachment":"scroll","background-type":"","background-media":"","overlay-type":"","overlay-color":"","overlay-opacity":"","overlay-gradient":""},"tablet":{"background-color":"var(--ast-global-color-5)","background-image":"","background-repeat":"repeat","background-position":"center center","background-size":"auto","background-attachment":"scroll","background-type":"","background-media":"","overlay-type":"","overlay-color":"","overlay-opacity":"","overlay-gradient":""},"mobile":{"background-color":"var(--ast-global-color-5)","background-image":"","background-repeat":"repeat","background-position":"center center","background-size":"auto","background-attachment":"scroll","background-type":"","background-media":"","overlay-type":"","overlay-color":"","overlay-opacity":"","overlay-gradient":""}},"footnotes":""},"class_list":["post-477","page","type-page","status-publish","hentry"],"_links":{"self":[{"href":"https:\/\/imbachhorn.eu\/en\/wp-json\/wp\/v2\/pages\/477","targetHints":{"allow":["GET"]}}],"collection":[{"href":"https:\/\/imbachhorn.eu\/en\/wp-json\/wp\/v2\/pages"}],"about":[{"href":"https:\/\/imbachhorn.eu\/en\/wp-json\/wp\/v2\/types\/page"}],"author":[{"embeddable":true,"href":"https:\/\/imbachhorn.eu\/en\/wp-json\/wp\/v2\/users\/1"}],"replies":[{"embeddable":true,"href":"https:\/\/imbachhorn.eu\/en\/wp-json\/wp\/v2\/comments?post=477"}],"version-history":[{"count":0,"href":"https:\/\/imbachhorn.eu\/en\/wp-json\/wp\/v2\/pages\/477\/revisions"}],"wp:attachment":[{"href":"https:\/\/imbachhorn.eu\/en\/wp-json\/wp\/v2\/media?parent=477"}],"curies":[{"name":"wp","href":"https:\/\/api.w.org\/{rel}","templated":true}]}}