{"id":2693,"date":"2022-09-20T11:58:16","date_gmt":"2022-09-20T09:58:16","guid":{"rendered":"https:\/\/imbachhorn.eu\/?page_id=2693"},"modified":"2023-11-21T07:42:22","modified_gmt":"2023-11-21T06:42:22","slug":"ski-rental","status":"publish","type":"page","link":"https:\/\/imbachhorn.eu\/en\/wypozyczalnia-nart\/","title":{"rendered":"Ski hire"},"content":{"rendered":"<div data-elementor-type=\"wp-page\" data-elementor-id=\"2693\" class=\"elementor elementor-2693\" data-elementor-post-type=\"page\">\n\t\t\t\t\t\t<section class=\"elementor-section elementor-top-section elementor-element elementor-element-24518cbb elementor-section-boxed elementor-section-height-default elementor-section-height-default\" data-id=\"24518cbb\" data-element_type=\"section\">\n\t\t\t\t\t\t<div class=\"elementor-container elementor-column-gap-default\">\n\t\t\t\t\t<div class=\"elementor-column elementor-col-100 elementor-top-column elementor-element elementor-element-72ebd72\" data-id=\"72ebd72\" data-element_type=\"column\">\n\t\t\t<div class=\"elementor-widget-wrap elementor-element-populated\">\n\t\t\t\t\t\t<div class=\"elementor-element elementor-element-c4f7293 elementor-widget elementor-widget-text-editor\" data-id=\"c4f7293\" data-element_type=\"widget\" data-widget_type=\"text-editor.default\">\n\t\t\t\t<div class=\"elementor-widget-container\">\n\t\t\t\t\t\t\t\t\t<p><\/p>\n<div class=\"wp-block-spacer\" style=\"height: 100px;\" aria-hidden=\"true\">\u00a0<\/div>\n<p><\/p>\n<p><\/p>\n<div class=\"wp-block-media-text is-stacked-on-mobile\">\n<figure class=\"wp-block-media-text__media\"><img fetchpriority=\"high\" decoding=\"async\" width=\"1024\" height=\"771\" class=\"wp-image-2698 size-full\" src=\"https:\/\/imbachhorn.eu\/wp-content\/uploads\/2022\/09\/Zrzut-ekranu-2022-09-20-o-12.01.51-1024x771.png\" alt=\"\" srcset=\"https:\/\/imbachhorn.eu\/wp-content\/uploads\/2022\/09\/Zrzut-ekranu-2022-09-20-o-12.01.51-1024x771.png 1024w, https:\/\/imbachhorn.eu\/wp-content\/uploads\/2022\/09\/Zrzut-ekranu-2022-09-20-o-12.01.51-300x226.png 300w, https:\/\/imbachhorn.eu\/wp-content\/uploads\/2022\/09\/Zrzut-ekranu-2022-09-20-o-12.01.51-768x578.png 768w, https:\/\/imbachhorn.eu\/wp-content\/uploads\/2022\/09\/Zrzut-ekranu-2022-09-20-o-12.01.51.png 1280w\" sizes=\"(max-width: 1024px) 100vw, 1024px\" \/><\/figure>\n<div class=\"wp-block-media-text__content\">\n<p><\/p>\n<p>In the vicinity of the Imbachhorn guesthouse, you will find a friendly ski rental company with a wide range of skis, snowboards and other equipment to suit your ability level. Below you will find the current price list of the rental shop and an access map (200 m from the guesthouse).<br \/><br \/>You can pay by card and cash at the rental shop.<br \/>It is possible to book ski equipment, which we recommend during the high season.<br \/><br \/><strong>Working hours<\/strong> <strong>rentals<\/strong><br \/>Sunday-Friday: 8:00am-12:00pm and 4:00pm-6:30pm<br \/>Saturday: 8:00-12:00 and 13:00-18:30<br \/><strong>Equipment reservations<\/strong>: <a href=\"mailto:franz@roemerhof-fusch.at\" target=\"_blank\" rel=\"noreferrer noopener\">franz@roemerhof-fusch.at<\/a><strong>\u00a0<\/strong>or <a href=\"https:\/\/www.intersportrent.at\/skirent-fusch\/intersport-scherer_12625\">online<\/a><\/p>\n<p><\/p>\n<p><\/p>\n<p><\/p>\n<\/div>\n<\/div>\n<p><\/p>\n<p><\/p>\n<p><strong>Rent for 7 days-pay for 6 days<\/strong><br \/>Children under 10 years of age rent free*<br \/><strong>\"50%<\/strong> discounts for children up to 15 years**<br \/><strong>\"20%<\/strong> discounts for young people under 18 years***<br \/>\"Possibility of free replacement within the selected model class<br \/>\"Free daily ski\/snowboard rental equipment service<\/p>\n<p>*) If both parents rent skis or snowboards, their children under 10 years of age receive all ski equipment (skis, ski boots, poles and helmet) free of charge for the same period.<br \/>**) Valid for ECONOM category and helmets only<br \/>***) Valid only for PREMIUM category and helmets<\/p>\n<h2 class=\"has-text-align-center wp-block-heading\">Fusch ski rental price list 2023\/2024<\/h2>\n<p><\/p>\n<p><\/p>\n<figure class=\"wp-block-table alignwide has-small-font-size\">\n<table class=\"has-ast-global-color-7-color has-text-color has-ast-global-color-4-border-color has-border-color\" style=\"border-style: solid; border-width: 1px;\">\n<thead>\n<tr>\n<th>Category \/ number of rental days<\/th>\n<th>1<\/th>\n<th>2<\/th>\n<th>3<\/th>\n<th>4<\/th>\n<th>5<\/th>\n<th>6-7<\/th>\n<\/tr>\n<\/thead>\n<tbody>\n<tr>\n<td><strong>Skis &amp; poles SUPERIOR<\/strong><\/td>\n<td>48<\/td>\n<td>83<\/td>\n<td>116<\/td>\n<td>146<\/td>\n<td>174<\/td>\n<td>199<\/td>\n<\/tr>\n<tr>\n<td><strong>PREMIUM skis &amp; poles<\/strong><\/td>\n<td>40<\/td>\n<td>68<\/td>\n<td>95<\/td>\n<td>120<\/td>\n<td>143<\/td>\n<td>163<\/td>\n<\/tr>\n<tr>\n<td><strong>Skis &amp; poles ECONOMY<\/strong><\/td>\n<td>27<\/td>\n<td>48<\/td>\n<td>67<\/td>\n<td>84<\/td>\n<td>100<\/td>\n<td>110<\/td>\n<\/tr>\n<tr>\n<td><strong>Ski set SUPERIOR<\/strong><\/td>\n<td>59<\/td>\n<td>100<\/td>\n<td>140<\/td>\n<td>177<\/td>\n<td>208<\/td>\n<td>238<\/td>\n<\/tr>\n<tr>\n<td><strong>PREMIUM ski set<\/strong><\/td>\n<td>45<\/td>\n<td>77<\/td>\n<td>107<\/td>\n<td>136<\/td>\n<td>162<\/td>\n<td>185<\/td>\n<\/tr>\n<tr>\n<td><strong>ECONOMY ski set<\/strong><\/td>\n<td>31<\/td>\n<td>55<\/td>\n<td>74<\/td>\n<td>94<\/td>\n<td>112<\/td>\n<td>128<\/td>\n<\/tr>\n<tr>\n<td><strong>Snowboard set ECONOMY<\/strong><\/td>\n<td>45<\/td>\n<td>77<\/td>\n<td>107<\/td>\n<td>136<\/td>\n<td>162<\/td>\n<td>185<\/td>\n<\/tr>\n<tr>\n<td><strong>Snowboard ECONOMY<\/strong><\/td>\n<td>40<\/td>\n<td>68<\/td>\n<td>95<\/td>\n<td>120<\/td>\n<td>143<\/td>\n<td>163<\/td>\n<\/tr>\n<tr>\n<td><strong>Ski &amp; Snowboard Boots ECONOMY<\/strong><\/td>\n<td>19<\/td>\n<td>32<\/td>\n<td>44<\/td>\n<td>56<\/td>\n<td>64<\/td>\n<td>73<\/td>\n<\/tr>\n<tr>\n<td><strong>Helmet<\/strong><\/td>\n<td>10<\/td>\n<td>17<\/td>\n<td>24<\/td>\n<td>31<\/td>\n<td>36<\/td>\n<td>40<\/td>\n<\/tr>\n<tr>\n<td><strong>Sled<\/strong><\/td>\n<td>5<\/td>\n<td>8<\/td>\n<td>12<\/td>\n<td>15<\/td>\n<td>18<\/td>\n<td>21<\/td>\n<\/tr>\n<\/tbody>\n<\/table>\n<figcaption><strong>Prices are shown in Euros and include equipment damage insurance and vat.<\/strong><\/figcaption>\n<\/figure>\n<p><\/p>\t\t\t\t\t\t\t\t<\/div>\n\t\t\t\t<\/div>\n\t\t\t\t<div class=\"elementor-element elementor-element-51d8856 elementor-widget elementor-widget-spacer\" data-id=\"51d8856\" data-element_type=\"widget\" data-widget_type=\"spacer.default\">\n\t\t\t\t<div class=\"elementor-widget-container\">\n\t\t\t\t\t\t\t<div class=\"elementor-spacer\">\n\t\t\t<div class=\"elementor-spacer-inner\"><\/div>\n\t\t<\/div>\n\t\t\t\t\t\t<\/div>\n\t\t\t\t<\/div>\n\t\t\t\t\t<\/div>\n\t\t<\/div>\n\t\t\t\t\t<\/div>\n\t\t<\/section>\n\t\t\t\t<\/div>","protected":false},"excerpt":{"rendered":"<p>Wypo\u017cycz na 7 dni-zap\u0142a\u0107 za 6 dniDzieci do lat 10 wynajmuj\u0105 bezp\u0142atnie*\u00ab50% zni\u017cki dla dzieci do 15 lat**\u00ab20% zni\u017cki dla m\u0142odzie\u017cy do 18 lat***\u00abMo\u017cliwo\u015b\u0107 bezp\u0142atnej wymiany w ramach wybranej klasy modelu\u00abBezp\u0142atny, codzienny serwis sprz\u0119tu do wypo\u017cyczenia nart\/snowboardu *) Je\u015bli oboje rodzice wypo\u017cyczaj\u0105 narty lub deski snowboardowe, ich dzieci do lat 10 otrzymuj\u0105 ca\u0142y sprz\u0119t narciarski [&hellip;]<\/p>","protected":false},"author":2,"featured_media":0,"parent":0,"menu_order":0,"comment_status":"closed","ping_status":"closed","template":"","meta":{"inline_featured_image":false,"site-sidebar-layout":"no-sidebar","site-content-layout":"page-builder","ast-site-content-layout":"","site-content-style":"default","site-sidebar-style":"default","ast-global-header-display":"","ast-banner-title-visibility":"","ast-main-header-display":"","ast-hfb-above-header-display":"","ast-hfb-below-header-display":"","ast-hfb-mobile-header-display":"","site-post-title":"disabled","ast-breadcrumbs-content":"","ast-featured-img":"disabled","footer-sml-layout":"","theme-transparent-header-meta":"","adv-header-id-meta":"","stick-header-meta":"","header-above-stick-meta":"","header-main-stick-meta":"","header-below-stick-meta":"","astra-migrate-meta-layouts":"default","ast-page-background-enabled":"default","ast-page-background-meta":{"desktop":{"background-color":"var(--ast-global-color-4)","background-image":"","background-repeat":"repeat","background-position":"center center","background-size":"auto","background-attachment":"scroll","background-type":"","background-media":"","overlay-type":"","overlay-color":"","overlay-opacity":"","overlay-gradient":""},"tablet":{"background-color":"","background-image":"","background-repeat":"repeat","background-position":"center center","background-size":"auto","background-attachment":"scroll","background-type":"","background-media":"","overlay-type":"","overlay-color":"","overlay-opacity":"","overlay-gradient":""},"mobile":{"background-color":"","background-image":"","background-repeat":"repeat","background-position":"center center","background-size":"auto","background-attachment":"scroll","background-type":"","background-media":"","overlay-type":"","overlay-color":"","overlay-opacity":"","overlay-gradient":""}},"ast-content-background-meta":{"desktop":{"background-color":"var(--ast-global-color-5)","background-image":"","background-repeat":"repeat","background-position":"center center","background-size":"auto","background-attachment":"scroll","background-type":"","background-media":"","overlay-type":"","overlay-color":"","overlay-opacity":"","overlay-gradient":""},"tablet":{"background-color":"var(--ast-global-color-5)","background-image":"","background-repeat":"repeat","background-position":"center center","background-size":"auto","background-attachment":"scroll","background-type":"","background-media":"","overlay-type":"","overlay-color":"","overlay-opacity":"","overlay-gradient":""},"mobile":{"background-color":"var(--ast-global-color-5)","background-image":"","background-repeat":"repeat","background-position":"center center","background-size":"auto","background-attachment":"scroll","background-type":"","background-media":"","overlay-type":"","overlay-color":"","overlay-opacity":"","overlay-gradient":""}},"footnotes":""},"class_list":["post-2693","page","type-page","status-publish","hentry"],"_links":{"self":[{"href":"https:\/\/imbachhorn.eu\/en\/wp-json\/wp\/v2\/pages\/2693","targetHints":{"allow":["GET"]}}],"collection":[{"href":"https:\/\/imbachhorn.eu\/en\/wp-json\/wp\/v2\/pages"}],"about":[{"href":"https:\/\/imbachhorn.eu\/en\/wp-json\/wp\/v2\/types\/page"}],"author":[{"embeddable":true,"href":"https:\/\/imbachhorn.eu\/en\/wp-json\/wp\/v2\/users\/2"}],"replies":[{"embeddable":true,"href":"https:\/\/imbachhorn.eu\/en\/wp-json\/wp\/v2\/comments?post=2693"}],"version-history":[{"count":0,"href":"https:\/\/imbachhorn.eu\/en\/wp-json\/wp\/v2\/pages\/2693\/revisions"}],"wp:attachment":[{"href":"https:\/\/imbachhorn.eu\/en\/wp-json\/wp\/v2\/media?parent=2693"}],"curies":[{"name":"wp","href":"https:\/\/api.w.org\/{rel}","templated":true}]}}