{"id":242,"date":"2022-03-14T11:40:50","date_gmt":"2022-03-14T10:40:50","guid":{"rendered":"http:\/\/imbachhorn2022.freelinelab.pl\/?page_id=242"},"modified":"2025-05-25T09:26:22","modified_gmt":"2025-05-25T07:26:22","slug":"contact","status":"publish","type":"page","link":"https:\/\/imbachhorn.eu\/en\/kontakt\/","title":{"rendered":"Contact"},"content":{"rendered":"<div data-elementor-type=\"wp-page\" data-elementor-id=\"242\" class=\"elementor elementor-242\" data-elementor-post-type=\"page\">\n\t\t\t\t\t\t<section class=\"elementor-section elementor-top-section elementor-element elementor-element-28e92da elementor-section-full_width elementor-section-height-default elementor-section-height-default\" data-id=\"28e92da\" data-element_type=\"section\">\n\t\t\t\t\t\t<div class=\"elementor-container elementor-column-gap-no\">\n\t\t\t\t\t<div class=\"elementor-column elementor-col-100 elementor-top-column elementor-element elementor-element-1bd77d5\" data-id=\"1bd77d5\" data-element_type=\"column\">\n\t\t\t<div class=\"elementor-widget-wrap elementor-element-populated\">\n\t\t\t\t\t\t<section class=\"elementor-section elementor-inner-section elementor-element elementor-element-ef8814e elementor-section-boxed elementor-section-height-default elementor-section-height-default\" data-id=\"ef8814e\" data-element_type=\"section\">\n\t\t\t\t\t\t<div class=\"elementor-container elementor-column-gap-default\">\n\t\t\t\t\t<div class=\"elementor-column elementor-col-50 elementor-inner-column elementor-element elementor-element-db69acd\" data-id=\"db69acd\" data-element_type=\"column\">\n\t\t\t<div class=\"elementor-widget-wrap elementor-element-populated\">\n\t\t\t\t\t\t<div class=\"elementor-element elementor-element-15a02c4 elementor-widget elementor-widget-heading\" data-id=\"15a02c4\" data-element_type=\"widget\" data-widget_type=\"heading.default\">\n\t\t\t\t<div class=\"elementor-widget-container\">\n\t\t\t\t\t<h2 class=\"elementor-heading-title elementor-size-default\">ADDRESS:<\/h2>\t\t\t\t<\/div>\n\t\t\t\t<\/div>\n\t\t\t\t<div class=\"elementor-element elementor-element-2e61c3c elementor-widget elementor-widget-text-editor\" data-id=\"2e61c3c\" data-element_type=\"widget\" data-widget_type=\"text-editor.default\">\n\t\t\t\t<div class=\"elementor-widget-container\">\n\t\t\t\t\t\t\t\t\t<p>Pension Imbachhorn<br \/>ESKO Kotowski KG<br \/>Zeller Fusch 79<br \/>A-5672 Fusch a.d. Gro\u00dfglocknerstra\u00dfe<br \/>NIP\/UID : ATU61614658<br \/>Tel: +43 6546\/306<br \/>Fax: +43 6546\/3061<br \/>info@imbachhorn.eu<\/p>\t\t\t\t\t\t\t\t<\/div>\n\t\t\t\t<\/div>\n\t\t\t\t<div class=\"elementor-element elementor-element-02598fa elementor-widget elementor-widget-heading\" data-id=\"02598fa\" data-element_type=\"widget\" data-widget_type=\"heading.default\">\n\t\t\t\t<div class=\"elementor-widget-container\">\n\t\t\t\t\t<h2 class=\"elementor-heading-title elementor-size-default\">BANK DATA:<\/h2>\t\t\t\t<\/div>\n\t\t\t\t<\/div>\n\t\t\t\t<div class=\"elementor-element elementor-element-1f8689d elementor-widget elementor-widget-text-editor\" data-id=\"1f8689d\" data-element_type=\"widget\" data-widget_type=\"text-editor.default\">\n\t\t\t\t<div class=\"elementor-widget-container\">\n\t\t\t\t\t\t\t\t\t<p>RAIFFEISENBANK HOHE TAUERN<br \/><strong>When transferring abroad:<\/strong><\/p><p>IBAN: AT063501200002012797<br \/>BIC\/SWIFT: RVSAAT2S012<br \/><strong><br \/>Revolut Bank UAB<\/strong><br \/><span style=\"font-style: inherit;\"><strong>Vilnius, Lithuania<\/strong><br \/><\/span><span style=\"font-style: inherit;\"><br \/>EUR IBAN: LT563250090515092676<br \/><\/span><span style=\"font-style: inherit;\">BIC\/SWIFT: REVOLT21<\/span><\/p>\t\t\t\t\t\t\t\t<\/div>\n\t\t\t\t<\/div>\n\t\t\t\t\t<\/div>\n\t\t<\/div>\n\t\t\t\t<div class=\"elementor-column elementor-col-50 elementor-inner-column elementor-element elementor-element-5970de8\" data-id=\"5970de8\" data-element_type=\"column\">\n\t\t\t<div class=\"elementor-widget-wrap elementor-element-populated\">\n\t\t\t\t\t\t<div class=\"elementor-element elementor-element-798c0b2 elementor-widget elementor-widget-heading\" data-id=\"798c0b2\" data-element_type=\"widget\" data-widget_type=\"heading.default\">\n\t\t\t\t<div class=\"elementor-widget-container\">\n\t\t\t\t\t<h2 class=\"elementor-heading-title elementor-size-default\">THE COORDINATES OF THE GUESTHOUSE FOR NAVIGATION:<\/h2>\t\t\t\t<\/div>\n\t\t\t\t<\/div>\n\t\t\t\t<div class=\"elementor-element elementor-element-99ee93e elementor-widget elementor-widget-text-editor\" data-id=\"99ee93e\" data-element_type=\"widget\" data-widget_type=\"text-editor.default\">\n\t\t\t\t<div class=\"elementor-widget-container\">\n\t\t\t\t\t\t\t\t\t<p>E 12\u00b0 49' 34\u2033 (12.826111)<br \/>N 47\u00b0 13' 49\u2033 (47.230278)<\/p><p>DMS: 47\u00ba 13\u2032 48.791\u2033 N 12\u00ba 49\u2032 33.307\u2033 E<br \/>Zeller Fusch 79<\/p>\t\t\t\t\t\t\t\t<\/div>\n\t\t\t\t<\/div>\n\t\t\t\t<div class=\"elementor-element elementor-element-0907489 elementor-position-left elementor-vertical-align-middle elementor-widget__width-initial elementor-widget elementor-widget-image-box\" data-id=\"0907489\" data-element_type=\"widget\" data-widget_type=\"image-box.default\">\n\t\t\t\t<div class=\"elementor-widget-container\">\n\t\t\t\t\t<div class=\"elementor-image-box-wrapper\"><figure class=\"elementor-image-box-img\"><a href=\"tel:+4369917071156\" tabindex=\"-1\"><img decoding=\"async\" width=\"118\" height=\"117\" src=\"https:\/\/imbachhorn.eu\/wp-content\/uploads\/2022\/03\/kontakt_05.png\" class=\"attachment-full size-full wp-image-244\" alt=\"\" \/><\/a><\/figure><div class=\"elementor-image-box-content\"><h3 class=\"elementor-image-box-title\"><a href=\"tel:+4369917071156\">Ela<\/a><\/h3><p class=\"elementor-image-box-description\">+43 699 170 711 56<\/p><\/div><\/div>\t\t\t\t<\/div>\n\t\t\t\t<\/div>\n\t\t\t\t<div class=\"elementor-element elementor-element-1f3a88b elementor-position-left elementor-vertical-align-middle elementor-widget__width-initial elementor-widget elementor-widget-image-box\" data-id=\"1f3a88b\" data-element_type=\"widget\" data-widget_type=\"image-box.default\">\n\t\t\t\t<div class=\"elementor-widget-container\">\n\t\t\t\t\t<div class=\"elementor-image-box-wrapper\"><figure class=\"elementor-image-box-img\"><a href=\"tel:+4369913111114\" tabindex=\"-1\"><img decoding=\"async\" width=\"118\" height=\"117\" src=\"https:\/\/imbachhorn.eu\/wp-content\/uploads\/2022\/03\/kontakt_03.png\" class=\"attachment-full size-full wp-image-245\" alt=\"\" \/><\/a><\/figure><div class=\"elementor-image-box-content\"><h3 class=\"elementor-image-box-title\"><a href=\"tel:+4369913111114\">Slawek<\/a><\/h3><p class=\"elementor-image-box-description\">+43 699 13 11 11 14<\/p><\/div><\/div>\t\t\t\t<\/div>\n\t\t\t\t<\/div>\n\t\t\t\t\t<\/div>\n\t\t<\/div>\n\t\t\t\t\t<\/div>\n\t\t<\/section>\n\t\t\t\t\t<\/div>\n\t\t<\/div>\n\t\t\t\t\t<\/div>\n\t\t<\/section>\n\t\t\t\t<section class=\"elementor-section elementor-top-section elementor-element elementor-element-a87f4dd elementor-section-full_width elementor-section-height-default elementor-section-height-default\" data-id=\"a87f4dd\" data-element_type=\"section\">\n\t\t\t\t\t\t<div class=\"elementor-container elementor-column-gap-no\">\n\t\t\t\t\t<div class=\"elementor-column elementor-col-100 elementor-top-column elementor-element elementor-element-a21b6aa\" data-id=\"a21b6aa\" data-element_type=\"column\">\n\t\t\t<div class=\"elementor-widget-wrap elementor-element-populated\">\n\t\t\t\t\t\t<div class=\"elementor-element elementor-element-ca39c05 elementor-widget elementor-widget-heading\" data-id=\"ca39c05\" data-element_type=\"widget\" data-widget_type=\"heading.default\">\n\t\t\t\t<div class=\"elementor-widget-container\">\n\t\t\t\t\t<h2 class=\"elementor-heading-title elementor-size-default\">HOW TO GET TO US<\/h2>\t\t\t\t<\/div>\n\t\t\t\t<\/div>\n\t\t\t\t<section class=\"elementor-section elementor-inner-section elementor-element elementor-element-e13b4af elementor-section-boxed elementor-section-height-default elementor-section-height-default\" data-id=\"e13b4af\" data-element_type=\"section\">\n\t\t\t\t\t\t<div class=\"elementor-container elementor-column-gap-default\">\n\t\t\t\t\t<div class=\"elementor-column elementor-col-50 elementor-inner-column elementor-element elementor-element-11af024\" data-id=\"11af024\" data-element_type=\"column\">\n\t\t\t<div class=\"elementor-widget-wrap elementor-element-populated\">\n\t\t\t\t\t\t<div class=\"elementor-element elementor-element-3c00e38 elementor-widget elementor-widget-heading\" data-id=\"3c00e38\" data-element_type=\"widget\" data-widget_type=\"heading.default\">\n\t\t\t\t<div class=\"elementor-widget-container\">\n\t\t\t\t\t<h2 class=\"elementor-heading-title elementor-size-default\">By car<\/h2>\t\t\t\t<\/div>\n\t\t\t\t<\/div>\n\t\t\t\t<div class=\"elementor-element elementor-element-5d9e3b8 elementor-widget-divider--view-line elementor-widget elementor-widget-divider\" data-id=\"5d9e3b8\" data-element_type=\"widget\" data-widget_type=\"divider.default\">\n\t\t\t\t<div class=\"elementor-widget-container\">\n\t\t\t\t\t\t\t<div class=\"elementor-divider\">\n\t\t\t<span class=\"elementor-divider-separator\">\n\t\t\t\t\t\t<\/span>\n\t\t<\/div>\n\t\t\t\t\t\t<\/div>\n\t\t\t\t<\/div>\n\t\t\t\t<div class=\"elementor-element elementor-element-af4a995 elementor-widget elementor-widget-text-editor\" data-id=\"af4a995\" data-element_type=\"widget\" data-widget_type=\"text-editor.default\">\n\t\t\t\t<div class=\"elementor-widget-container\">\n\t\t\t\t\t\t\t\t\t<p><strong>Practice Tip:<\/strong><br \/>Please note: Upon entering Fusch, there is a petrol station on the right-hand side. 100 metres behind the station, also on the right, is the guesthouse car park - well marked, visible from the road. In the depth of the car park there is a canopy for the motorcycles and direction signs to the reception and the guesthouse.<\/p>\t\t\t\t\t\t\t\t<\/div>\n\t\t\t\t<\/div>\n\t\t\t\t<div class=\"elementor-element elementor-element-6fe8f33 elementor-widget elementor-widget-google_maps\" data-id=\"6fe8f33\" data-element_type=\"widget\" data-widget_type=\"google_maps.default\">\n\t\t\t\t<div class=\"elementor-widget-container\">\n\t\t\t\t\t\t\t<div class=\"elementor-custom-embed\">\n\t\t\t<iframe loading=\"lazy\"\n\t\t\t\t\tsrc=\"https:\/\/maps.google.com\/maps?q=Zeller%20Fusch%2079%2C%205672%20Zeller-Fusch%2C%20Austria&#038;t=m&#038;z=13&#038;output=embed&#038;iwloc=near\"\n\t\t\t\t\ttitle=\"Zeller Fusch 79, 5672 Zeller-Fusch, Austria\"\n\t\t\t\t\taria-label=\"Zeller Fusch 79, 5672 Zeller-Fusch, Austria\"\n\t\t\t><\/iframe>\n\t\t<\/div>\n\t\t\t\t\t\t<\/div>\n\t\t\t\t<\/div>\n\t\t\t\t\t<\/div>\n\t\t<\/div>\n\t\t\t\t<div class=\"elementor-column elementor-col-50 elementor-inner-column elementor-element elementor-element-4435994\" data-id=\"4435994\" data-element_type=\"column\">\n\t\t\t<div class=\"elementor-widget-wrap elementor-element-populated\">\n\t\t\t\t\t\t<div class=\"elementor-element elementor-element-228de1d elementor-widget elementor-widget-heading\" data-id=\"228de1d\" data-element_type=\"widget\" data-widget_type=\"heading.default\">\n\t\t\t\t<div class=\"elementor-widget-container\">\n\t\t\t\t\t<h2 class=\"elementor-heading-title elementor-size-default\">By train<\/h2>\t\t\t\t<\/div>\n\t\t\t\t<\/div>\n\t\t\t\t<div class=\"elementor-element elementor-element-ce09035 elementor-widget-divider--view-line elementor-widget elementor-widget-divider\" data-id=\"ce09035\" data-element_type=\"widget\" data-widget_type=\"divider.default\">\n\t\t\t\t<div class=\"elementor-widget-container\">\n\t\t\t\t\t\t\t<div class=\"elementor-divider\">\n\t\t\t<span class=\"elementor-divider-separator\">\n\t\t\t\t\t\t<\/span>\n\t\t<\/div>\n\t\t\t\t\t\t<\/div>\n\t\t\t\t<\/div>\n\t\t\t\t<div class=\"elementor-element elementor-element-2431339 elementor-widget elementor-widget-text-editor\" data-id=\"2431339\" data-element_type=\"widget\" data-widget_type=\"text-editor.default\">\n\t\t\t\t<div class=\"elementor-widget-container\">\n\t\t\t\t\t\t\t\t\t<p>Austrian railways - more information at: http:\/\/www.oebb.at<\/p><p>The journey from Salzburg takes approximately 1 h 46 minutes.<\/p>\t\t\t\t\t\t\t\t<\/div>\n\t\t\t\t<\/div>\n\t\t\t\t<div class=\"elementor-element elementor-element-5ceb443 elementor-widget elementor-widget-heading\" data-id=\"5ceb443\" data-element_type=\"widget\" data-widget_type=\"heading.default\">\n\t\t\t\t<div class=\"elementor-widget-container\">\n\t\t\t\t\t<h2 class=\"elementor-heading-title elementor-size-default\">By plane<\/h2>\t\t\t\t<\/div>\n\t\t\t\t<\/div>\n\t\t\t\t<div class=\"elementor-element elementor-element-8090309 elementor-widget-divider--view-line elementor-widget elementor-widget-divider\" data-id=\"8090309\" data-element_type=\"widget\" data-widget_type=\"divider.default\">\n\t\t\t\t<div class=\"elementor-widget-container\">\n\t\t\t\t\t\t\t<div class=\"elementor-divider\">\n\t\t\t<span class=\"elementor-divider-separator\">\n\t\t\t\t\t\t<\/span>\n\t\t<\/div>\n\t\t\t\t\t\t<\/div>\n\t\t\t\t<\/div>\n\t\t\t\t<div class=\"elementor-element elementor-element-9ecc93b elementor-widget elementor-widget-text-editor\" data-id=\"9ecc93b\" data-element_type=\"widget\" data-widget_type=\"text-editor.default\">\n\t\t\t\t<div class=\"elementor-widget-container\">\n\t\t\t\t\t\t\t\t\t<p>Wolfgang Amadeus Mozart Airport in Salzburg is about a 1.5-hour drive from Fusch, with low-cost flights from England and Ireland with Ryanair, Easy jet and bmi baby, and from Germany with Germanwings: http:\/\/engl.salzburg-airport.com\/ By airport shuttle to Fusch - Vorderegger AirportShuttle, Zell am See - Kaprun - tel. +43 (0)6542 770 For more information visit: www.airport-express.at<\/p><p>By bus from the airport to Zell am See\/Fusch<\/p><p>\u00d6BB Postbus: the stop is located opposite Terminal 1.<\/p><p>Bus no. 260 (Kfl.-No. 3062): stops: Salzburg central station, Salzburg airport, BadReichenhall, Unken, Lofer (connection to St. Johann i. Tirol and Kitzb\u00fchel), St. Martin, Wei\u00dfbach, Saalfelden, Maishofen, Zell am See. For more information visit: www.postbus.at<\/p>\t\t\t\t\t\t\t\t<\/div>\n\t\t\t\t<\/div>\n\t\t\t\t<div class=\"elementor-element elementor-element-7553d3a elementor-widget elementor-widget-heading\" data-id=\"7553d3a\" data-element_type=\"widget\" data-widget_type=\"heading.default\">\n\t\t\t\t<div class=\"elementor-widget-container\">\n\t\t\t\t\t<h2 class=\"elementor-heading-title elementor-size-default\">By car - rent a car<\/h2>\t\t\t\t<\/div>\n\t\t\t\t<\/div>\n\t\t\t\t<div class=\"elementor-element elementor-element-9e2ff60 elementor-widget-divider--view-line elementor-widget elementor-widget-divider\" data-id=\"9e2ff60\" data-element_type=\"widget\" data-widget_type=\"divider.default\">\n\t\t\t\t<div class=\"elementor-widget-container\">\n\t\t\t\t\t\t\t<div class=\"elementor-divider\">\n\t\t\t<span class=\"elementor-divider-separator\">\n\t\t\t\t\t\t<\/span>\n\t\t<\/div>\n\t\t\t\t\t\t<\/div>\n\t\t\t\t<\/div>\n\t\t\t\t<div class=\"elementor-element elementor-element-3318190 elementor-widget elementor-widget-text-editor\" data-id=\"3318190\" data-element_type=\"widget\" data-widget_type=\"text-editor.default\">\n\t\t\t\t<div class=\"elementor-widget-container\">\n\t\t\t\t\t\t\t\t\t<p>The airport is home to, among others: EUROPCAR<\/p><p>Tel. +43 (0) 662 850208 Tel. +43 (0) 664 825 86 04<\/p><p>http:\/\/www.europcar.at\/<\/p><p>AVIS<\/p><p>Tel. +43 (0)662-877278 Email: salzburg@avis.at<\/p>\t\t\t\t\t\t\t\t<\/div>\n\t\t\t\t<\/div>\n\t\t\t\t\t<\/div>\n\t\t<\/div>\n\t\t\t\t\t<\/div>\n\t\t<\/section>\n\t\t\t\t\t<\/div>\n\t\t<\/div>\n\t\t\t\t\t<\/div>\n\t\t<\/section>\n\t\t\t\t<\/div>","protected":false},"excerpt":{"rendered":"<p>ADRES: Pension ImbachhornESKO Kotowski KGZeller Fusch 79A-5672 Fusch a.d. Gro\u00dfglocknerstra\u00dfeNIP\/UID : ATU61614658Tel.: +43 6546\/306Fax.: +43 6546\/3061info@imbachhorn.eu DANE BANKU: RAIFFEISENBANK HOHE TAUERNPrzy przelewach zagranicznych: IBAN: AT063501200002012797BIC\/SWIFT: RVSAAT2S012Revolut Bank UABVilnius, Lithuania IBAN EUR: LT563250090515092676BIC\/SWIFT: REVOLT21 WSP\u00d3\u0141RZ\u0118DNE PENSJONATU DO NAWIGACJI: E 12\u00b0 49\u2019 34&#8243; (12.826111)N 47\u00b0 13\u2019 49&#8243; (47.230278) DMS: 47\u00ba 13&#8242; 48.791&#8243; N 12\u00ba 49&#8242; 33.307&#8243; EZeller [&hellip;]<\/p>","protected":false},"author":1,"featured_media":0,"parent":0,"menu_order":0,"comment_status":"closed","ping_status":"closed","template":"","meta":{"inline_featured_image":false,"site-sidebar-layout":"no-sidebar","site-content-layout":"page-builder","ast-site-content-layout":"","site-content-style":"default","site-sidebar-style":"default","ast-global-header-display":"","ast-banner-title-visibility":"","ast-main-header-display":"","ast-hfb-above-header-display":"","ast-hfb-below-header-display":"","ast-hfb-mobile-header-display":"","site-post-title":"disabled","ast-breadcrumbs-content":"","ast-featured-img":"disabled","footer-sml-layout":"","theme-transparent-header-meta":"","adv-header-id-meta":"","stick-header-meta":"","header-above-stick-meta":"","header-main-stick-meta":"","header-below-stick-meta":"","astra-migrate-meta-layouts":"default","ast-page-background-enabled":"default","ast-page-background-meta":{"desktop":{"background-color":"var(--ast-global-color-4)","background-image":"","background-repeat":"repeat","background-position":"center center","background-size":"auto","background-attachment":"scroll","background-type":"","background-media":"","overlay-type":"","overlay-color":"","overlay-opacity":"","overlay-gradient":""},"tablet":{"background-color":"","background-image":"","background-repeat":"repeat","background-position":"center center","background-size":"auto","background-attachment":"scroll","background-type":"","background-media":"","overlay-type":"","overlay-color":"","overlay-opacity":"","overlay-gradient":""},"mobile":{"background-color":"","background-image":"","background-repeat":"repeat","background-position":"center center","background-size":"auto","background-attachment":"scroll","background-type":"","background-media":"","overlay-type":"","overlay-color":"","overlay-opacity":"","overlay-gradient":""}},"ast-content-background-meta":{"desktop":{"background-color":"var(--ast-global-color-5)","background-image":"","background-repeat":"repeat","background-position":"center center","background-size":"auto","background-attachment":"scroll","background-type":"","background-media":"","overlay-type":"","overlay-color":"","overlay-opacity":"","overlay-gradient":""},"tablet":{"background-color":"var(--ast-global-color-5)","background-image":"","background-repeat":"repeat","background-position":"center center","background-size":"auto","background-attachment":"scroll","background-type":"","background-media":"","overlay-type":"","overlay-color":"","overlay-opacity":"","overlay-gradient":""},"mobile":{"background-color":"var(--ast-global-color-5)","background-image":"","background-repeat":"repeat","background-position":"center center","background-size":"auto","background-attachment":"scroll","background-type":"","background-media":"","overlay-type":"","overlay-color":"","overlay-opacity":"","overlay-gradient":""}},"footnotes":""},"class_list":["post-242","page","type-page","status-publish","hentry"],"_links":{"self":[{"href":"https:\/\/imbachhorn.eu\/en\/wp-json\/wp\/v2\/pages\/242","targetHints":{"allow":["GET"]}}],"collection":[{"href":"https:\/\/imbachhorn.eu\/en\/wp-json\/wp\/v2\/pages"}],"about":[{"href":"https:\/\/imbachhorn.eu\/en\/wp-json\/wp\/v2\/types\/page"}],"author":[{"embeddable":true,"href":"https:\/\/imbachhorn.eu\/en\/wp-json\/wp\/v2\/users\/1"}],"replies":[{"embeddable":true,"href":"https:\/\/imbachhorn.eu\/en\/wp-json\/wp\/v2\/comments?post=242"}],"version-history":[{"count":0,"href":"https:\/\/imbachhorn.eu\/en\/wp-json\/wp\/v2\/pages\/242\/revisions"}],"wp:attachment":[{"href":"https:\/\/imbachhorn.eu\/en\/wp-json\/wp\/v2\/media?parent=242"}],"curies":[{"name":"wp","href":"https:\/\/api.w.org\/{rel}","templated":true}]}}