{"id":1925,"date":"2022-06-29T08:18:06","date_gmt":"2022-06-29T06:18:06","guid":{"rendered":"https:\/\/imbachhorn.eu\/?page_id=1925"},"modified":"2022-06-29T08:49:02","modified_gmt":"2022-06-29T06:49:02","slug":"restaurant-bar-2","status":"publish","type":"page","link":"https:\/\/imbachhorn.eu\/en\/restauracja-bar-2\/","title":{"rendered":"Restaurant | BAR"},"content":{"rendered":"<div data-elementor-type=\"wp-page\" data-elementor-id=\"1925\" class=\"elementor elementor-1925\" data-elementor-post-type=\"page\">\n\t\t\t\t\t\t<section class=\"elementor-section elementor-top-section elementor-element elementor-element-9a3b2bc elementor-section-boxed elementor-section-height-default elementor-section-height-default\" data-id=\"9a3b2bc\" data-element_type=\"section\">\n\t\t\t\t\t\t<div class=\"elementor-container elementor-column-gap-default\">\n\t\t\t\t\t<div class=\"elementor-column elementor-col-100 elementor-top-column elementor-element elementor-element-25f191e\" data-id=\"25f191e\" data-element_type=\"column\">\n\t\t\t<div class=\"elementor-widget-wrap elementor-element-populated\">\n\t\t\t\t\t\t<div class=\"elementor-element elementor-element-1252d88 elementor-widget elementor-widget-spacer\" data-id=\"1252d88\" data-element_type=\"widget\" data-widget_type=\"spacer.default\">\n\t\t\t\t<div class=\"elementor-widget-container\">\n\t\t\t\t\t\t\t<div class=\"elementor-spacer\">\n\t\t\t<div class=\"elementor-spacer-inner\"><\/div>\n\t\t<\/div>\n\t\t\t\t\t\t<\/div>\n\t\t\t\t<\/div>\n\t\t\t\t\t<\/div>\n\t\t<\/div>\n\t\t\t\t\t<\/div>\n\t\t<\/section>\n\t\t\t\t<section class=\"elementor-section elementor-top-section elementor-element elementor-element-6789271 elementor-section-boxed elementor-section-height-default elementor-section-height-default\" data-id=\"6789271\" data-element_type=\"section\">\n\t\t\t\t\t\t<div class=\"elementor-container elementor-column-gap-default\">\n\t\t\t\t\t<div class=\"elementor-column elementor-col-100 elementor-top-column elementor-element elementor-element-94b8354\" data-id=\"94b8354\" data-element_type=\"column\">\n\t\t\t<div class=\"elementor-widget-wrap elementor-element-populated\">\n\t\t\t\t\t\t<div class=\"elementor-element elementor-element-7ec4201 elementor-widget elementor-widget-heading\" data-id=\"7ec4201\" data-element_type=\"widget\" data-widget_type=\"heading.default\">\n\t\t\t\t<div class=\"elementor-widget-container\">\n\t\t\t\t\t<h2 class=\"elementor-heading-title elementor-size-default\">Drinks and beverages menu<\/h2>\t\t\t\t<\/div>\n\t\t\t\t<\/div>\n\t\t\t\t\t<\/div>\n\t\t<\/div>\n\t\t\t\t\t<\/div>\n\t\t<\/section>\n\t\t\t\t<section class=\"elementor-section elementor-top-section elementor-element elementor-element-3fd6837 elementor-section-boxed elementor-section-height-default elementor-section-height-default\" data-id=\"3fd6837\" data-element_type=\"section\">\n\t\t\t\t\t\t<div class=\"elementor-container elementor-column-gap-default\">\n\t\t\t\t\t<div class=\"elementor-column elementor-col-100 elementor-top-column elementor-element elementor-element-8caef94\" data-id=\"8caef94\" data-element_type=\"column\">\n\t\t\t<div class=\"elementor-widget-wrap elementor-element-populated\">\n\t\t\t\t\t\t<div class=\"elementor-element elementor-element-d2af128 elementor-tabs-view-vertical elementor-widget elementor-widget-tabs\" data-id=\"d2af128\" data-element_type=\"widget\" data-widget_type=\"tabs.default\">\n\t\t\t\t<div class=\"elementor-widget-container\">\n\t\t\t\t\t\t\t<div class=\"elementor-tabs\">\n\t\t\t<div class=\"elementor-tabs-wrapper\" role=\"tablist\" >\n\t\t\t\t\t\t\t\t\t<div id=\"elementor-tab-title-2201\" class=\"elementor-tab-title elementor-tab-desktop-title\" aria-selected=\"true\" data-tab=\"1\" role=\"tab\" tabindex=\"0\" aria-controls=\"elementor-tab-content-2201\" aria-expanded=\"false\">Hot drinks<\/div>\n\t\t\t\t\t\t\t\t\t<div id=\"elementor-tab-title-2202\" class=\"elementor-tab-title elementor-tab-desktop-title\" aria-selected=\"false\" data-tab=\"2\" role=\"tab\" tabindex=\"-1\" aria-controls=\"elementor-tab-content-2202\" aria-expanded=\"false\">Soft drinks<\/div>\n\t\t\t\t\t\t\t\t\t<div id=\"elementor-tab-title-2203\" class=\"elementor-tab-title elementor-tab-desktop-title\" aria-selected=\"false\" data-tab=\"3\" role=\"tab\" tabindex=\"-1\" aria-controls=\"elementor-tab-content-2203\" aria-expanded=\"false\">Cocktails<\/div>\n\t\t\t\t\t\t\t\t\t<div id=\"elementor-tab-title-2204\" class=\"elementor-tab-title elementor-tab-desktop-title\" aria-selected=\"false\" data-tab=\"4\" role=\"tab\" tabindex=\"-1\" aria-controls=\"elementor-tab-content-2204\" aria-expanded=\"false\">Drinks<\/div>\n\t\t\t\t\t\t\t\t\t<div id=\"elementor-tab-title-2205\" class=\"elementor-tab-title elementor-tab-desktop-title\" aria-selected=\"false\" data-tab=\"5\" role=\"tab\" tabindex=\"-1\" aria-controls=\"elementor-tab-content-2205\" aria-expanded=\"false\">Rumy<\/div>\n\t\t\t\t\t\t\t\t\t<div id=\"elementor-tab-title-2206\" class=\"elementor-tab-title elementor-tab-desktop-title\" aria-selected=\"false\" data-tab=\"6\" role=\"tab\" tabindex=\"-1\" aria-controls=\"elementor-tab-content-2206\" aria-expanded=\"false\">Cognac<\/div>\n\t\t\t\t\t\t\t\t\t<div id=\"elementor-tab-title-2207\" class=\"elementor-tab-title elementor-tab-desktop-title\" aria-selected=\"false\" data-tab=\"7\" role=\"tab\" tabindex=\"-1\" aria-controls=\"elementor-tab-content-2207\" aria-expanded=\"false\">Alcohol<\/div>\n\t\t\t\t\t\t\t\t\t<div id=\"elementor-tab-title-2208\" class=\"elementor-tab-title elementor-tab-desktop-title\" aria-selected=\"false\" data-tab=\"8\" role=\"tab\" tabindex=\"-1\" aria-controls=\"elementor-tab-content-2208\" aria-expanded=\"false\">Whisky<\/div>\n\t\t\t\t\t\t\t\t\t<div id=\"elementor-tab-title-2209\" class=\"elementor-tab-title elementor-tab-desktop-title\" aria-selected=\"false\" data-tab=\"9\" role=\"tab\" tabindex=\"-1\" aria-controls=\"elementor-tab-content-2209\" aria-expanded=\"false\">Shattered | Shots<\/div>\n\t\t\t\t\t\t\t\t\t<div id=\"elementor-tab-title-22010\" class=\"elementor-tab-title elementor-tab-desktop-title\" aria-selected=\"false\" data-tab=\"10\" role=\"tab\" tabindex=\"-1\" aria-controls=\"elementor-tab-content-22010\" aria-expanded=\"false\">White wine<\/div>\n\t\t\t\t\t\t\t\t\t<div id=\"elementor-tab-title-22011\" class=\"elementor-tab-title elementor-tab-desktop-title\" aria-selected=\"false\" data-tab=\"11\" role=\"tab\" tabindex=\"-1\" aria-controls=\"elementor-tab-content-22011\" aria-expanded=\"false\">Red wine<\/div>\n\t\t\t\t\t\t\t\t\t<div id=\"elementor-tab-title-22012\" class=\"elementor-tab-title elementor-tab-desktop-title\" aria-selected=\"false\" data-tab=\"12\" role=\"tab\" tabindex=\"-1\" aria-controls=\"elementor-tab-content-22012\" aria-expanded=\"false\">Beer<\/div>\n\t\t\t\t\t\t\t<\/div>\n\t\t\t<div class=\"elementor-tabs-content-wrapper\" role=\"tablist\" aria-orientation=\"vertical\">\n\t\t\t\t\t\t\t\t\t<div class=\"elementor-tab-title elementor-tab-mobile-title\" aria-selected=\"true\" data-tab=\"1\" role=\"tab\" tabindex=\"0\" aria-controls=\"elementor-tab-content-2201\" aria-expanded=\"false\">Hot drinks<\/div>\n\t\t\t\t\t<div id=\"elementor-tab-content-2201\" class=\"elementor-tab-content elementor-clearfix\" data-tab=\"1\" role=\"tabpanel\" aria-labelledby=\"elementor-tab-title-2201\" tabindex=\"0\" hidden=\"false\"><ul><li>Coffee from the machine, \u20ac3.00<\/li><li>Espresso or Espresso Latte \u00a32.40<\/li><li>Double Espresso \u20ac3.50<\/li><li>Cappuccino \u00a33.30<\/li><li>Latte Macchiato \u00a33.50<\/li><li>Coffee with liqueur \u2013 various types \u20ac6.00<\/li><li>Teas \u2013 various types \u00a32.60<\/li><li>Highlander tea + 2cl STROH 80 rum% 4.80\u20ac<\/li><li>Hunter's tea + 4 cl Jagatee \u00a34.80<\/li><li>Hot chocolate - various types \u00a33.00<\/li><li>Mulled wine 0.2 l \u20ac4.00<\/li><\/ul><\/div>\n\t\t\t\t\t\t\t\t\t<div class=\"elementor-tab-title elementor-tab-mobile-title\" aria-selected=\"false\" data-tab=\"2\" role=\"tab\" tabindex=\"-1\" aria-controls=\"elementor-tab-content-2202\" aria-expanded=\"false\">Soft drinks<\/div>\n\t\t\t\t\t<div id=\"elementor-tab-content-2202\" class=\"elementor-tab-content elementor-clearfix\" data-tab=\"2\" role=\"tabpanel\" aria-labelledby=\"elementor-tab-title-2202\" tabindex=\"0\" hidden=\"hidden\"><ul><li>0.25L Coca-Cola, Fanta, Sprite, Spezi \u00a33.00<\/li><li>0.25 l Orange juice, apple juice, iced tea \u20ac3.00<\/li><li>0.25l Apple or orange juice with soda water \u00a32.00<\/li><li>0.25 l Blackcurrant or mango juice \u20ac3.20<\/li><li>0.25L blackcurrant or mango juice with soda water \u00a32.20<\/li><li>0.33l Coca-Cola Light\/Zero 3.10\u20ac<\/li><li>0.20 l Tonic Water, Tonic Bitter Lemon \u20ac3.00<\/li><li>0.33 l sparkling or still mineral water \u00a32.60<\/li><li>0.33 l Mineral water with lemon 2.80\u20ac<\/li><li>0.35l Almdudler \u2013 Alpine herb lemonade \u20ac3.30\u00a0<\/li><li>0.50 l Youth drink - water with syrup \u00a32.50\u00a0<\/li><li>0.25l Red Bull \u20ac3.00<\/li><\/ul><\/div>\n\t\t\t\t\t\t\t\t\t<div class=\"elementor-tab-title elementor-tab-mobile-title\" aria-selected=\"false\" data-tab=\"3\" role=\"tab\" tabindex=\"-1\" aria-controls=\"elementor-tab-content-2203\" aria-expanded=\"false\">Cocktails<\/div>\n\t\t\t\t\t<div id=\"elementor-tab-content-2203\" class=\"elementor-tab-content elementor-clearfix\" data-tab=\"3\" role=\"tabpanel\" aria-labelledby=\"elementor-tab-title-2203\" tabindex=\"0\" hidden=\"hidden\"><ul><li>Hugo (Elderflower) \u20ac5.50\u00a0<\/li><li>Aperol + Prosecco + soda water \u20ac5.50\u00a0<\/li><li>Campari, Prosecco, and soda water \u20ac5.50\u00a0<\/li><li>Campari and orange juice \u00a34.50\u00a0<\/li><li>Campari and soda \u00a33.50\u00a0<\/li><li>Pina Colada \u00a311.00\u00a0<\/li><li>Manhattan \u00a37.00\u00a0<\/li><li>Mojito \u00a38.50\u00a0<\/li><li>Cuba Libre \u00a38.00\u00a0<\/li><li>Vesper Martini \u00a311.00\u00a0<\/li><li>Tequila Sunrise \u00a38.50\u00a0<\/li><li>Margarita \u00a38.00\u00a0<\/li><li>Americano \u00a38.00\u00a0<\/li><li>J\u00e4germeister and orange juice \u20ac7.00\u00a0<\/li><\/ul><\/div>\n\t\t\t\t\t\t\t\t\t<div class=\"elementor-tab-title elementor-tab-mobile-title\" aria-selected=\"false\" data-tab=\"4\" role=\"tab\" tabindex=\"-1\" aria-controls=\"elementor-tab-content-2204\" aria-expanded=\"false\">Drinks<\/div>\n\t\t\t\t\t<div id=\"elementor-tab-content-2204\" class=\"elementor-tab-content elementor-clearfix\" data-tab=\"4\" role=\"tabpanel\" aria-labelledby=\"elementor-tab-title-2204\" tabindex=\"0\" hidden=\"hidden\"><ul><li>4 cl Gordon's Gin + Tonic \u00a36.00\u00a0<\/li><li>4 cl Gin Brooklyn Tonic 7,50\u20ac\u00a0<\/li><li>4cl Bacardi and Coke \u20ac6.00\u00a0<\/li><li>4 cl Captain Morgan with Cola - \u20ac6.00\u00a0<\/li><li>4 cl Havana Club A\u00f1ejo 3 A\u00f1os + Cola \u20ac7.00\u00a0<\/li><li>4 cl Jim Beam &amp; Coke \u00a35.50<\/li><li>\u00a04 cl Johnnie Walker 3 Year Old + Cola \u20ac6.00\u00a0<\/li><li>4 cl Ballantine's + Cola \u00a37.00\u00a0<\/li><li>4 cl Jack Daniels with Coke 7.00\u20ac<\/li><\/ul><\/div>\n\t\t\t\t\t\t\t\t\t<div class=\"elementor-tab-title elementor-tab-mobile-title\" aria-selected=\"false\" data-tab=\"5\" role=\"tab\" tabindex=\"-1\" aria-controls=\"elementor-tab-content-2205\" aria-expanded=\"false\">Rumy<\/div>\n\t\t\t\t\t<div id=\"elementor-tab-content-2205\" class=\"elementor-tab-content elementor-clearfix\" data-tab=\"5\" role=\"tabpanel\" aria-labelledby=\"elementor-tab-title-2205\" tabindex=\"0\" hidden=\"hidden\"><ul><li>2 cl Bacardi \u00a32.60\u00a0<\/li><li>2 cl Captain Morgan White \u00a32.60\u00a0<\/li><li>2 cl Captain Morgan Gold \u00a32.60\u00a0<\/li><li>2 cl Coruba Jamaican 18 Year Old from Jamaica 5.00\u20ac\u00a0<\/li><li>2 cl Havana Club 3 Year Old \u00a33.00\u00a0<\/li><li>2 cl Havana Club 7-year-old \u00a34.00 2<\/li><li>\u00a0Havana Club 15 Year Old<\/li><\/ul><\/div>\n\t\t\t\t\t\t\t\t\t<div class=\"elementor-tab-title elementor-tab-mobile-title\" aria-selected=\"false\" data-tab=\"6\" role=\"tab\" tabindex=\"-1\" aria-controls=\"elementor-tab-content-2206\" aria-expanded=\"false\">Cognac<\/div>\n\t\t\t\t\t<div id=\"elementor-tab-content-2206\" class=\"elementor-tab-content elementor-clearfix\" data-tab=\"6\" role=\"tabpanel\" aria-labelledby=\"elementor-tab-title-2206\" tabindex=\"0\" hidden=\"hidden\"><ul><li>2 cl Metaxa 5-star 3.00\u20ac\u00a0<\/li><li>2 cl Metaxa 7 Star 3.50\u20ac\u00a0<\/li><li>2 shots Remy Martin VSOP \u20ac4.50\u00a0<\/li><li>2 bottles of Remy Martin XO Excellence \u00a37.00<\/li><\/ul><\/div>\n\t\t\t\t\t\t\t\t\t<div class=\"elementor-tab-title elementor-tab-mobile-title\" aria-selected=\"false\" data-tab=\"7\" role=\"tab\" tabindex=\"-1\" aria-controls=\"elementor-tab-content-2207\" aria-expanded=\"false\">Alcohol<\/div>\n\t\t\t\t\t<div id=\"elementor-tab-content-2207\" class=\"elementor-tab-content elementor-clearfix\" data-tab=\"7\" role=\"tabpanel\" aria-labelledby=\"elementor-tab-title-2207\" tabindex=\"0\" hidden=\"hidden\"><ul><li>2cl Tequila \u00a33.00\u00a0<\/li><li>2 measures of Gordon's Gin 2.40\u20ac\u00a0<\/li><li>2 cl Gin Brooklyn \u00a33.50\u00a0<\/li><li>2 cl Rum STROH 80% 2,50\u20ac\u00a0<\/li><li>1\/8 l Martini Bianco, Rosso, Extra Dry 2.30\u20ac\u00a0<\/li><li>2 cl Amaretto \u2013 almond liqueur \u20ac2.40\u00a0<\/li><li>2cl Baileys - hazelnut liqueur \u20ac2.40\u00a0<\/li><li>2 cl Advocaat \u00a32.50\u00a0<\/li><li>2cl Sambuca - anise liqueur \u20ac2.50\u00a0<\/li><li>2cl J\u00e4germeister \u2013 Herbal Liqueur \u00a32.50\u00a0<\/li><li>2 cl Ramazotti Amaro \u2013 herbal liqueur \u00a33.00<\/li><\/ul><\/div>\n\t\t\t\t\t\t\t\t\t<div class=\"elementor-tab-title elementor-tab-mobile-title\" aria-selected=\"false\" data-tab=\"8\" role=\"tab\" tabindex=\"-1\" aria-controls=\"elementor-tab-content-2208\" aria-expanded=\"false\">Whisky<\/div>\n\t\t\t\t\t<div id=\"elementor-tab-content-2208\" class=\"elementor-tab-content elementor-clearfix\" data-tab=\"8\" role=\"tabpanel\" aria-labelledby=\"elementor-tab-title-2208\" tabindex=\"0\" hidden=\"hidden\"><ul><li>2cl Jim Beam bourbon \u00a32.50\u00a0<\/li><li>2 measures of Jack Daniels, Ballantines \u00a33.00\u00a0<\/li><li>2 cl Jameson, Tullamore Dew \u00a33.00\u00a0<\/li><li>2 cl Johnnie Walker 3 year old 3.00\u20ac\u00a0<\/li><li>2 cl Johnnie Walker 12 Year Old \u00a34.00\u00a0<\/li><li>2 cl Johnnie Walker 15 Year Old \u00a35.00\u00a0<\/li><li>2 cl Johnnie Walker 18 Year Old \u00a36.00\u00a0<\/li><li>2cl Chivas Regal 12 Year Old \u20ac4.00\u00a0<\/li><li>2cl Glenfiddich 12 year old \u20ac4.00\u00a0<\/li><li>2 cl Glenfiddich 15 year old \u00a35.00\u00a0<\/li><li>2 cl Glenfiddich 18 Year Old \u00a36.00\u00a0<\/li><li>2cl Dimple 15 Year Old \u00a35.00\u00a0<\/li><li>2 cl Lagavulin 16 Year Old \u20ac5.50\u00a0<\/li><li>2 cl Oban 14 Year Old \u00a35.00\u00a0<\/li><li>2 cl NC\u2019Nean whiskey organic \u2013 bio \u20ac4.00<\/li><\/ul><\/div>\n\t\t\t\t\t\t\t\t\t<div class=\"elementor-tab-title elementor-tab-mobile-title\" aria-selected=\"false\" data-tab=\"9\" role=\"tab\" tabindex=\"-1\" aria-controls=\"elementor-tab-content-2209\" aria-expanded=\"false\">Shattered | Shots<\/div>\n\t\t\t\t\t<div id=\"elementor-tab-content-2209\" class=\"elementor-tab-content elementor-clearfix\" data-tab=\"9\" role=\"tabpanel\" aria-labelledby=\"elementor-tab-title-2209\" tabindex=\"0\" hidden=\"hidden\"><ul><li>2 cl Obstler \u2013 fruit spirit \u20ac2.50\u00a0<\/li><li>2 cl Williams pear \u2013 from Williams pears \u20ac2.80\u00a0<\/li><li>2 cl Apricot \u2013 2.80\u20ac\u00a0<\/li><li>2 cl plum liqueur - 2.80\u20ac\u00a0<\/li><li>2 cl Enzian \u2013 from Enzian roots \u20ac2.80\u00a0<\/li><li>2 cl Rowanberry liqueur - 3.30\u20ac\u00a0<\/li><li>2 cl Swiss pine liqueur - from the stone pine flower 3.30\u20ac\u00a0<\/li><li>2 cl vodka straight 2.50\u20ac<\/li><\/ul><\/div>\n\t\t\t\t\t\t\t\t\t<div class=\"elementor-tab-title elementor-tab-mobile-title\" aria-selected=\"false\" data-tab=\"10\" role=\"tab\" tabindex=\"-1\" aria-controls=\"elementor-tab-content-22010\" aria-expanded=\"false\">White wine<\/div>\n\t\t\t\t\t<div id=\"elementor-tab-content-22010\" class=\"elementor-tab-content elementor-clearfix\" data-tab=\"10\" role=\"tabpanel\" aria-labelledby=\"elementor-tab-title-22010\" tabindex=\"0\" hidden=\"hidden\"><ul><li>1\/4 l Gr\u00fcner Veltliner \u20ac5.20\u00a0<\/li><li>1\/4 litre Riesling M\u00fcller \u20ac5.40<\/li><li>1\/4 l Chardonnay M\u00fcller 5.40\u20ac\u00a0<\/li><li>1\/4 l Spritzer Weiss \u2013 1\/8 Wine with soda water \u20ac3.20\u00a0<\/li><li>0.2l bottle of Henkell \u20ac7.00\u00a0<\/li><li>0.375l bottle of Prosecco, \u20ac7.00<\/li><\/ul><\/div>\n\t\t\t\t\t\t\t\t\t<div class=\"elementor-tab-title elementor-tab-mobile-title\" aria-selected=\"false\" data-tab=\"11\" role=\"tab\" tabindex=\"-1\" aria-controls=\"elementor-tab-content-22011\" aria-expanded=\"false\">Red wine<\/div>\n\t\t\t\t\t<div id=\"elementor-tab-content-22011\" class=\"elementor-tab-content elementor-clearfix\" data-tab=\"11\" role=\"tabpanel\" aria-labelledby=\"elementor-tab-title-22011\" tabindex=\"0\" hidden=\"hidden\"><ul><li>1\/4 litre Blaufr\u00e4nkischer \u00a35.20\u00a0<\/li><li>1\/4 l Red Zweigelt 5.20\u20ac\u00a0<\/li><li>1\/4 litre Ros\u00e9 Zweigelt 5.20\u20ac\u00a0<\/li><li>1\/4 litre red wine spritzer \u2013 1\/8 wine with soda water \u20ac3.20<\/li><\/ul><\/div>\n\t\t\t\t\t\t\t\t\t<div class=\"elementor-tab-title elementor-tab-mobile-title\" aria-selected=\"false\" data-tab=\"12\" role=\"tab\" tabindex=\"-1\" aria-controls=\"elementor-tab-content-22012\" aria-expanded=\"false\">Beer<\/div>\n\t\t\t\t\t<div id=\"elementor-tab-content-22012\" class=\"elementor-tab-content elementor-clearfix\" data-tab=\"12\" role=\"tabpanel\" aria-labelledby=\"elementor-tab-title-22012\" tabindex=\"0\" hidden=\"hidden\"><ul><li>0.3L G\u00f6sser - draught beer \u20ac3.40\u00a0<\/li><li>0.5l G\u00f6sser \u2013 beer from the tap \u20ac4.60\u00a0<\/li><li>0.5 l Non-alcoholic beer \u20ac4.60\u00a0<\/li><li>0.3 L Edelweiss Hofbrau \u00a33.60\u00a0<\/li><li>0.5l Edelwei\u00df Hofbr\u00e4u \u00a34.80\u00a0<\/li><li>0.3l G\u00f6sser Radler \u00a33.40\u00a0<\/li><li>0.5 L G\u00f6sserradler \u00a34.60\u00a0<\/li><li>0.5 l Beer with raspberry juice 4.60\u20ac<\/li><\/ul><\/div>\n\t\t\t\t\t\t\t<\/div>\n\t\t<\/div>\n\t\t\t\t\t\t<\/div>\n\t\t\t\t<\/div>\n\t\t\t\t\t<\/div>\n\t\t<\/div>\n\t\t\t\t\t<\/div>\n\t\t<\/section>\n\t\t\t\t<\/div>","protected":false},"excerpt":{"rendered":"<p>Karta drink\u00f3w i napoj\u00f3w Napoje gor\u0105ce Napoje bezalkoholowe Koktajle Drinki Rumy Koniak Alkohole Whiskey Bimberki | sznapsy Wina bia\u0142e Wina czerwone Piwa Napoje gor\u0105ce Kawa z ekspresu 3,00\u20ac Espresso lub Espresso Latte 2,40\u20ac Podw\u00f3jne Espresso 3,50\u20ac Cappuccino 3,30\u20ac Latte Machiatto 3,50\u20ac Kawa z likierem &#8211; r\u00f3\u017cne rodzaje 6,00\u20ac Herbaty &#8211; r\u00f3\u017cne rodzaje 2,60\u20ac Herbata g\u00f3ralska [&hellip;]<\/p>","protected":false},"author":2,"featured_media":0,"parent":0,"menu_order":0,"comment_status":"closed","ping_status":"closed","template":"","meta":{"inline_featured_image":false,"site-sidebar-layout":"no-sidebar","site-content-layout":"page-builder","ast-site-content-layout":"","site-content-style":"default","site-sidebar-style":"default","ast-global-header-display":"","ast-banner-title-visibility":"","ast-main-header-display":"","ast-hfb-above-header-display":"","ast-hfb-below-header-display":"","ast-hfb-mobile-header-display":"","site-post-title":"disabled","ast-breadcrumbs-content":"","ast-featured-img":"disabled","footer-sml-layout":"","theme-transparent-header-meta":"","adv-header-id-meta":"","stick-header-meta":"","header-above-stick-meta":"","header-main-stick-meta":"","header-below-stick-meta":"","astra-migrate-meta-layouts":"default","ast-page-background-enabled":"default","ast-page-background-meta":{"desktop":{"background-color":"var(--ast-global-color-4)","background-image":"","background-repeat":"repeat","background-position":"center center","background-size":"auto","background-attachment":"scroll","background-type":"","background-media":"","overlay-type":"","overlay-color":"","overlay-opacity":"","overlay-gradient":""},"tablet":{"background-color":"","background-image":"","background-repeat":"repeat","background-position":"center center","background-size":"auto","background-attachment":"scroll","background-type":"","background-media":"","overlay-type":"","overlay-color":"","overlay-opacity":"","overlay-gradient":""},"mobile":{"background-color":"","background-image":"","background-repeat":"repeat","background-position":"center center","background-size":"auto","background-attachment":"scroll","background-type":"","background-media":"","overlay-type":"","overlay-color":"","overlay-opacity":"","overlay-gradient":""}},"ast-content-background-meta":{"desktop":{"background-color":"var(--ast-global-color-5)","background-image":"","background-repeat":"repeat","background-position":"center center","background-size":"auto","background-attachment":"scroll","background-type":"","background-media":"","overlay-type":"","overlay-color":"","overlay-opacity":"","overlay-gradient":""},"tablet":{"background-color":"var(--ast-global-color-5)","background-image":"","background-repeat":"repeat","background-position":"center center","background-size":"auto","background-attachment":"scroll","background-type":"","background-media":"","overlay-type":"","overlay-color":"","overlay-opacity":"","overlay-gradient":""},"mobile":{"background-color":"var(--ast-global-color-5)","background-image":"","background-repeat":"repeat","background-position":"center center","background-size":"auto","background-attachment":"scroll","background-type":"","background-media":"","overlay-type":"","overlay-color":"","overlay-opacity":"","overlay-gradient":""}},"footnotes":""},"class_list":["post-1925","page","type-page","status-publish","hentry"],"_links":{"self":[{"href":"https:\/\/imbachhorn.eu\/en\/wp-json\/wp\/v2\/pages\/1925","targetHints":{"allow":["GET"]}}],"collection":[{"href":"https:\/\/imbachhorn.eu\/en\/wp-json\/wp\/v2\/pages"}],"about":[{"href":"https:\/\/imbachhorn.eu\/en\/wp-json\/wp\/v2\/types\/page"}],"author":[{"embeddable":true,"href":"https:\/\/imbachhorn.eu\/en\/wp-json\/wp\/v2\/users\/2"}],"replies":[{"embeddable":true,"href":"https:\/\/imbachhorn.eu\/en\/wp-json\/wp\/v2\/comments?post=1925"}],"version-history":[{"count":0,"href":"https:\/\/imbachhorn.eu\/en\/wp-json\/wp\/v2\/pages\/1925\/revisions"}],"wp:attachment":[{"href":"https:\/\/imbachhorn.eu\/en\/wp-json\/wp\/v2\/media?parent=1925"}],"curies":[{"name":"wp","href":"https:\/\/api.w.org\/{rel}","templated":true}]}}