{"id":175,"date":"2022-03-14T10:55:03","date_gmt":"2022-03-14T09:55:03","guid":{"rendered":"http:\/\/imbachhorn2022.freelinelab.pl\/?page_id=175"},"modified":"2025-02-03T20:05:27","modified_gmt":"2025-02-03T19:05:27","slug":"ski-room-and-bicycle-storage","status":"publish","type":"page","link":"https:\/\/imbachhorn.eu\/en\/narciarnia-i-przechowalnia-rowerow\/","title":{"rendered":"Skiing and bicycle storage facility"},"content":{"rendered":"<div data-elementor-type=\"wp-page\" data-elementor-id=\"175\" class=\"elementor elementor-175\" data-elementor-post-type=\"page\">\n\t\t\t\t\t\t<section class=\"elementor-section elementor-top-section elementor-element elementor-element-28e92da elementor-section-full_width elementor-section-height-default elementor-section-height-default\" data-id=\"28e92da\" data-element_type=\"section\">\n\t\t\t\t\t\t<div class=\"elementor-container elementor-column-gap-no\">\n\t\t\t\t\t<div class=\"elementor-column elementor-col-100 elementor-top-column elementor-element elementor-element-1bd77d5\" data-id=\"1bd77d5\" data-element_type=\"column\">\n\t\t\t<div class=\"elementor-widget-wrap elementor-element-populated\">\n\t\t\t\t\t\t<section class=\"elementor-section elementor-inner-section elementor-element elementor-element-a7077a3 elementor-section-boxed elementor-section-height-default elementor-section-height-default\" data-id=\"a7077a3\" data-element_type=\"section\">\n\t\t\t\t\t\t<div class=\"elementor-container elementor-column-gap-default\">\n\t\t\t\t\t<div class=\"elementor-column elementor-col-33 elementor-inner-column elementor-element elementor-element-fe9d6d8\" data-id=\"fe9d6d8\" data-element_type=\"column\">\n\t\t\t<div class=\"elementor-widget-wrap elementor-element-populated\">\n\t\t\t\t\t\t<div class=\"elementor-element elementor-element-27e2db5 elementor-widget elementor-widget-heading\" data-id=\"27e2db5\" data-element_type=\"widget\" data-widget_type=\"heading.default\">\n\t\t\t\t<div class=\"elementor-widget-container\">\n\t\t\t\t\t<h2 class=\"elementor-heading-title elementor-size-default\">SKI ROOM AND BICYCLE STORAGE<\/h2>\t\t\t\t<\/div>\n\t\t\t\t<\/div>\n\t\t\t\t<div class=\"elementor-element elementor-element-1a5c476 elementor-widget elementor-widget-text-editor\" data-id=\"1a5c476\" data-element_type=\"widget\" data-widget_type=\"text-editor.default\">\n\t\t\t\t<div class=\"elementor-widget-container\">\n\t\t\t\t\t\t\t\t\t<p>We have a heated ski room for 60 pairs of boots and space for skis and boards.<\/p><p>The ski room is entered directly from the outside ( entrance at the side of the Guesthouse) and goes directly into the corridor and staircase.<\/p><p>The heaters in the ski room turn on automatically at night.<\/p><p>We kindly ask you to leave your ski equipment in the ski room.<\/p><p>Gloves, helmets and other wet items can also be left behind.<\/p><p>The ski area is locked at night.<\/p>\t\t\t\t\t\t\t\t<\/div>\n\t\t\t\t<\/div>\n\t\t\t\t\t<\/div>\n\t\t<\/div>\n\t\t\t\t<div class=\"elementor-column elementor-col-33 elementor-inner-column elementor-element elementor-element-11b26d1\" data-id=\"11b26d1\" data-element_type=\"column\">\n\t\t\t<div class=\"elementor-widget-wrap elementor-element-populated\">\n\t\t\t\t\t\t<div class=\"elementor-element elementor-element-358b0da elementor-widget__width-auto elementor-widget elementor-widget-image\" data-id=\"358b0da\" data-element_type=\"widget\" data-widget_type=\"image.default\">\n\t\t\t\t<div class=\"elementor-widget-container\">\n\t\t\t\t\t\t\t\t\t\t\t\t\t\t\t<img fetchpriority=\"high\" decoding=\"async\" width=\"2560\" height=\"1707\" src=\"https:\/\/imbachhorn.eu\/wp-content\/uploads\/2025\/02\/P1013520-scaled.jpg\" class=\"attachment-full size-full wp-image-4339\" alt=\"\" srcset=\"https:\/\/imbachhorn.eu\/wp-content\/uploads\/2025\/02\/P1013520-scaled.jpg 2560w, https:\/\/imbachhorn.eu\/wp-content\/uploads\/2025\/02\/P1013520-300x200.jpg 300w, https:\/\/imbachhorn.eu\/wp-content\/uploads\/2025\/02\/P1013520-1024x683.jpg 1024w, https:\/\/imbachhorn.eu\/wp-content\/uploads\/2025\/02\/P1013520-768x512.jpg 768w, https:\/\/imbachhorn.eu\/wp-content\/uploads\/2025\/02\/P1013520-1536x1024.jpg 1536w, https:\/\/imbachhorn.eu\/wp-content\/uploads\/2025\/02\/P1013520-2048x1365.jpg 2048w\" sizes=\"(max-width: 2560px) 100vw, 2560px\" \/>\t\t\t\t\t\t\t\t\t\t\t\t\t\t\t<\/div>\n\t\t\t\t<\/div>\n\t\t\t\t<div class=\"elementor-element elementor-element-ae98799 elementor-widget__width-auto elementor-widget elementor-widget-image\" data-id=\"ae98799\" data-element_type=\"widget\" data-widget_type=\"image.default\">\n\t\t\t\t<div class=\"elementor-widget-container\">\n\t\t\t\t\t\t\t\t\t\t\t\t\t\t\t<img decoding=\"async\" width=\"2560\" height=\"1707\" src=\"https:\/\/imbachhorn.eu\/wp-content\/uploads\/2025\/02\/P1013523-scaled.jpg\" class=\"attachment-full size-full wp-image-4340\" alt=\"\" srcset=\"https:\/\/imbachhorn.eu\/wp-content\/uploads\/2025\/02\/P1013523-scaled.jpg 2560w, https:\/\/imbachhorn.eu\/wp-content\/uploads\/2025\/02\/P1013523-300x200.jpg 300w, https:\/\/imbachhorn.eu\/wp-content\/uploads\/2025\/02\/P1013523-1024x683.jpg 1024w, https:\/\/imbachhorn.eu\/wp-content\/uploads\/2025\/02\/P1013523-768x512.jpg 768w, https:\/\/imbachhorn.eu\/wp-content\/uploads\/2025\/02\/P1013523-1536x1024.jpg 1536w, https:\/\/imbachhorn.eu\/wp-content\/uploads\/2025\/02\/P1013523-2048x1365.jpg 2048w\" sizes=\"(max-width: 2560px) 100vw, 2560px\" \/>\t\t\t\t\t\t\t\t\t\t\t\t\t\t\t<\/div>\n\t\t\t\t<\/div>\n\t\t\t\t\t<\/div>\n\t\t<\/div>\n\t\t\t\t<div class=\"elementor-column elementor-col-33 elementor-inner-column elementor-element elementor-element-2b61980\" data-id=\"2b61980\" data-element_type=\"column\">\n\t\t\t<div class=\"elementor-widget-wrap elementor-element-populated\">\n\t\t\t\t\t\t<div class=\"elementor-element elementor-element-5b251cf elementor-widget__width-auto elementor-widget elementor-widget-image\" data-id=\"5b251cf\" data-element_type=\"widget\" data-widget_type=\"image.default\">\n\t\t\t\t<div class=\"elementor-widget-container\">\n\t\t\t\t\t\t\t\t\t\t\t\t\t\t\t<img decoding=\"async\" width=\"2560\" height=\"1707\" src=\"https:\/\/imbachhorn.eu\/wp-content\/uploads\/2025\/02\/P1013522-scaled.jpg\" class=\"attachment-full size-full wp-image-4341\" alt=\"\" srcset=\"https:\/\/imbachhorn.eu\/wp-content\/uploads\/2025\/02\/P1013522-scaled.jpg 2560w, https:\/\/imbachhorn.eu\/wp-content\/uploads\/2025\/02\/P1013522-300x200.jpg 300w, https:\/\/imbachhorn.eu\/wp-content\/uploads\/2025\/02\/P1013522-1024x683.jpg 1024w, https:\/\/imbachhorn.eu\/wp-content\/uploads\/2025\/02\/P1013522-768x512.jpg 768w, https:\/\/imbachhorn.eu\/wp-content\/uploads\/2025\/02\/P1013522-1536x1024.jpg 1536w, https:\/\/imbachhorn.eu\/wp-content\/uploads\/2025\/02\/P1013522-2048x1365.jpg 2048w\" sizes=\"(max-width: 2560px) 100vw, 2560px\" \/>\t\t\t\t\t\t\t\t\t\t\t\t\t\t\t<\/div>\n\t\t\t\t<\/div>\n\t\t\t\t<div class=\"elementor-element elementor-element-008f163 elementor-widget__width-auto elementor-widget elementor-widget-image\" data-id=\"008f163\" data-element_type=\"widget\" data-widget_type=\"image.default\">\n\t\t\t\t<div class=\"elementor-widget-container\">\n\t\t\t\t\t\t\t\t\t\t\t\t\t\t\t<img loading=\"lazy\" decoding=\"async\" width=\"2560\" height=\"1707\" src=\"https:\/\/imbachhorn.eu\/wp-content\/uploads\/2025\/02\/P1013526-scaled.jpg\" class=\"attachment-full size-full wp-image-4342\" alt=\"\" srcset=\"https:\/\/imbachhorn.eu\/wp-content\/uploads\/2025\/02\/P1013526-scaled.jpg 2560w, https:\/\/imbachhorn.eu\/wp-content\/uploads\/2025\/02\/P1013526-300x200.jpg 300w, https:\/\/imbachhorn.eu\/wp-content\/uploads\/2025\/02\/P1013526-1024x683.jpg 1024w, https:\/\/imbachhorn.eu\/wp-content\/uploads\/2025\/02\/P1013526-768x512.jpg 768w, https:\/\/imbachhorn.eu\/wp-content\/uploads\/2025\/02\/P1013526-1536x1024.jpg 1536w, https:\/\/imbachhorn.eu\/wp-content\/uploads\/2025\/02\/P1013526-2048x1365.jpg 2048w\" sizes=\"(max-width: 2560px) 100vw, 2560px\" \/>\t\t\t\t\t\t\t\t\t\t\t\t\t\t\t<\/div>\n\t\t\t\t<\/div>\n\t\t\t\t\t<\/div>\n\t\t<\/div>\n\t\t\t\t\t<\/div>\n\t\t<\/section>\n\t\t\t\t\t<\/div>\n\t\t<\/div>\n\t\t\t\t\t<\/div>\n\t\t<\/section>\n\t\t\t\t<\/div>","protected":false},"excerpt":{"rendered":"<p>NARCIARNIA I PRZECHOWALNIA ROWER\u00d3W Posiadamy ogrzewan\u0105 narciarni\u0119 na 60 par but\u00f3w oraz miejsce na narty i deski. Do narciarni wchodzi si\u0119 bezpo\u015brednio z zewn\u0105trz ( wej\u015bcie z boku Pensjonatu) i wychodzi bezpo\u015brednio na korytarz i klatk\u0119 schodow\u0105. Grza\u0142ki w narciarni w\u0142\u0105czaj\u0105\u00a0 si\u0119 automatycznie w nocy. Uprzejmie prosimy zostawia\u0107 sprz\u0119t narciarski w narciarni. Mo\u017cna zostawia\u0107 r\u00f3wnie\u017c [&hellip;]<\/p>","protected":false},"author":1,"featured_media":0,"parent":0,"menu_order":0,"comment_status":"closed","ping_status":"closed","template":"","meta":{"inline_featured_image":false,"site-sidebar-layout":"no-sidebar","site-content-layout":"page-builder","ast-site-content-layout":"","site-content-style":"default","site-sidebar-style":"default","ast-global-header-display":"","ast-banner-title-visibility":"","ast-main-header-display":"","ast-hfb-above-header-display":"","ast-hfb-below-header-display":"","ast-hfb-mobile-header-display":"","site-post-title":"disabled","ast-breadcrumbs-content":"","ast-featured-img":"disabled","footer-sml-layout":"","theme-transparent-header-meta":"","adv-header-id-meta":"","stick-header-meta":"","header-above-stick-meta":"","header-main-stick-meta":"","header-below-stick-meta":"","astra-migrate-meta-layouts":"default","ast-page-background-enabled":"default","ast-page-background-meta":{"desktop":{"background-color":"var(--ast-global-color-4)","background-image":"","background-repeat":"repeat","background-position":"center center","background-size":"auto","background-attachment":"scroll","background-type":"","background-media":"","overlay-type":"","overlay-color":"","overlay-opacity":"","overlay-gradient":""},"tablet":{"background-color":"","background-image":"","background-repeat":"repeat","background-position":"center center","background-size":"auto","background-attachment":"scroll","background-type":"","background-media":"","overlay-type":"","overlay-color":"","overlay-opacity":"","overlay-gradient":""},"mobile":{"background-color":"","background-image":"","background-repeat":"repeat","background-position":"center center","background-size":"auto","background-attachment":"scroll","background-type":"","background-media":"","overlay-type":"","overlay-color":"","overlay-opacity":"","overlay-gradient":""}},"ast-content-background-meta":{"desktop":{"background-color":"var(--ast-global-color-5)","background-image":"","background-repeat":"repeat","background-position":"center center","background-size":"auto","background-attachment":"scroll","background-type":"","background-media":"","overlay-type":"","overlay-color":"","overlay-opacity":"","overlay-gradient":""},"tablet":{"background-color":"var(--ast-global-color-5)","background-image":"","background-repeat":"repeat","background-position":"center center","background-size":"auto","background-attachment":"scroll","background-type":"","background-media":"","overlay-type":"","overlay-color":"","overlay-opacity":"","overlay-gradient":""},"mobile":{"background-color":"var(--ast-global-color-5)","background-image":"","background-repeat":"repeat","background-position":"center center","background-size":"auto","background-attachment":"scroll","background-type":"","background-media":"","overlay-type":"","overlay-color":"","overlay-opacity":"","overlay-gradient":""}},"footnotes":""},"class_list":["post-175","page","type-page","status-publish","hentry"],"_links":{"self":[{"href":"https:\/\/imbachhorn.eu\/en\/wp-json\/wp\/v2\/pages\/175","targetHints":{"allow":["GET"]}}],"collection":[{"href":"https:\/\/imbachhorn.eu\/en\/wp-json\/wp\/v2\/pages"}],"about":[{"href":"https:\/\/imbachhorn.eu\/en\/wp-json\/wp\/v2\/types\/page"}],"author":[{"embeddable":true,"href":"https:\/\/imbachhorn.eu\/en\/wp-json\/wp\/v2\/users\/1"}],"replies":[{"embeddable":true,"href":"https:\/\/imbachhorn.eu\/en\/wp-json\/wp\/v2\/comments?post=175"}],"version-history":[{"count":0,"href":"https:\/\/imbachhorn.eu\/en\/wp-json\/wp\/v2\/pages\/175\/revisions"}],"wp:attachment":[{"href":"https:\/\/imbachhorn.eu\/en\/wp-json\/wp\/v2\/media?parent=175"}],"curies":[{"name":"wp","href":"https:\/\/api.w.org\/{rel}","templated":true}]}}