{"id":611,"date":"2022-03-23T13:30:20","date_gmt":"2022-03-23T12:30:20","guid":{"rendered":"http:\/\/imbachhorn2022.freelinelab.pl\/?page_id=611"},"modified":"2023-02-07T10:23:39","modified_gmt":"2023-02-07T09:23:39","slug":"fur-motorradfahrer","status":"publish","type":"page","link":"https:\/\/imbachhorn.eu\/de\/dla-motocyklistow\/","title":{"rendered":"F\u00fcr Motorradfahrer"},"content":{"rendered":"<div data-elementor-type=\"wp-page\" data-elementor-id=\"611\" class=\"elementor elementor-611\" data-elementor-post-type=\"page\">\n\t\t\t\t\t\t<section class=\"elementor-section elementor-top-section elementor-element elementor-element-28e92da elementor-section-full_width elementor-section-height-default elementor-section-height-default\" data-id=\"28e92da\" data-element_type=\"section\">\n\t\t\t\t\t\t<div class=\"elementor-container elementor-column-gap-no\">\n\t\t\t\t\t<div class=\"elementor-column elementor-col-100 elementor-top-column elementor-element elementor-element-1bd77d5\" data-id=\"1bd77d5\" data-element_type=\"column\">\n\t\t\t<div class=\"elementor-widget-wrap elementor-element-populated\">\n\t\t\t\t\t\t<section class=\"elementor-section elementor-inner-section elementor-element elementor-element-a7077a3 elementor-section-boxed elementor-section-height-default elementor-section-height-default\" data-id=\"a7077a3\" data-element_type=\"section\">\n\t\t\t\t\t\t<div class=\"elementor-container elementor-column-gap-default\">\n\t\t\t\t\t<div class=\"elementor-column elementor-col-100 elementor-inner-column elementor-element elementor-element-fe9d6d8\" data-id=\"fe9d6d8\" data-element_type=\"column\">\n\t\t\t<div class=\"elementor-widget-wrap elementor-element-populated\">\n\t\t\t\t\t\t<div class=\"elementor-element elementor-element-d182338 elementor-grid-3 elementor-grid-tablet-2 elementor-grid-mobile-1 elementor-posts--thumbnail-top elementor-card-shadow-yes elementor-posts__hover-gradient elementor-widget elementor-widget-posts\" data-id=\"d182338\" data-element_type=\"widget\" data-settings=\"{&quot;pagination_type&quot;:&quot;numbers&quot;,&quot;cards_columns&quot;:&quot;3&quot;,&quot;cards_columns_tablet&quot;:&quot;2&quot;,&quot;cards_columns_mobile&quot;:&quot;1&quot;,&quot;cards_row_gap&quot;:{&quot;unit&quot;:&quot;px&quot;,&quot;size&quot;:35,&quot;sizes&quot;:[]},&quot;cards_row_gap_tablet&quot;:{&quot;unit&quot;:&quot;px&quot;,&quot;size&quot;:&quot;&quot;,&quot;sizes&quot;:[]},&quot;cards_row_gap_mobile&quot;:{&quot;unit&quot;:&quot;px&quot;,&quot;size&quot;:&quot;&quot;,&quot;sizes&quot;:[]}}\" data-widget_type=\"posts.cards\">\n\t\t\t\t<div class=\"elementor-widget-container\">\n\t\t\t\t\t\t\t<div class=\"elementor-posts-container elementor-posts elementor-posts--skin-cards elementor-grid\">\n\t\t\t\t<article class=\"elementor-post elementor-grid-item post-1265 post type-post status-publish format-standard has-post-thumbnail hentry category-dla-motocyklistow\">\n\t\t\t<div class=\"elementor-post__card\">\n\t\t\t\t<a class=\"elementor-post__thumbnail__link\" href=\"https:\/\/imbachhorn.eu\/de\/proponowane-trasy-w-naszej-okolicy\/\" tabindex=\"-1\" ><div class=\"elementor-post__thumbnail\"><img fetchpriority=\"high\" decoding=\"async\" width=\"1800\" height=\"1244\" src=\"https:\/\/imbachhorn.eu\/wp-content\/uploads\/2022\/04\/trasy-motocyklowe-austria-alpy.png\" class=\"attachment-full size-full wp-image-2065\" alt=\"\" srcset=\"https:\/\/imbachhorn.eu\/wp-content\/uploads\/2022\/04\/trasy-motocyklowe-austria-alpy.png 1800w, https:\/\/imbachhorn.eu\/wp-content\/uploads\/2022\/04\/trasy-motocyklowe-austria-alpy-300x207.png 300w, https:\/\/imbachhorn.eu\/wp-content\/uploads\/2022\/04\/trasy-motocyklowe-austria-alpy-1024x708.png 1024w, https:\/\/imbachhorn.eu\/wp-content\/uploads\/2022\/04\/trasy-motocyklowe-austria-alpy-768x531.png 768w, https:\/\/imbachhorn.eu\/wp-content\/uploads\/2022\/04\/trasy-motocyklowe-austria-alpy-1536x1062.png 1536w\" sizes=\"(max-width: 1800px) 100vw, 1800px\" \/><\/div><\/a>\n\t\t\t\t<div class=\"elementor-post__text\">\n\t\t\t\t<h3 class=\"elementor-post__title\">\n\t\t\t<a href=\"https:\/\/imbachhorn.eu\/de\/proponowane-trasy-w-naszej-okolicy\/\" >\n\t\t\t\tVorgeschlagene Routen in unserer Umgebung\t\t\t<\/a>\n\t\t<\/h3>\n\t\t\t\t<div class=\"elementor-post__excerpt\">\n\t\t\t<p>Siehe Routendetails von der Pension Imbachhorn<\/p>\n\t\t<\/div>\n\t\t\n\t\t<a class=\"elementor-post__read-more\" href=\"https:\/\/imbachhorn.eu\/de\/proponowane-trasy-w-naszej-okolicy\/\" aria-label=\"Read more about Proponowane trasy w naszej okolicy\" tabindex=\"-1\" >\n\t\t\tMehr lesen\t\t<\/a>\n\n\t\t\t\t<\/div>\n\t\t\t\t\t<\/div>\n\t\t<\/article>\n\t\t\t\t<article class=\"elementor-post elementor-grid-item post-1274 post type-post status-publish format-standard has-post-thumbnail hentry category-dla-motocyklistow\">\n\t\t\t<div class=\"elementor-post__card\">\n\t\t\t\t<a class=\"elementor-post__thumbnail__link\" href=\"https:\/\/imbachhorn.eu\/de\/tura-1-kitzbuheler-alpen-ok-240-km\/\" tabindex=\"-1\" ><div class=\"elementor-post__thumbnail\"><img decoding=\"async\" width=\"885\" height=\"640\" src=\"https:\/\/imbachhorn.eu\/wp-content\/uploads\/2022\/04\/278743264_5067870346593166_1583989996324115537_n.jpg\" class=\"attachment-full size-full wp-image-1999\" alt=\"\" srcset=\"https:\/\/imbachhorn.eu\/wp-content\/uploads\/2022\/04\/278743264_5067870346593166_1583989996324115537_n.jpg 885w, https:\/\/imbachhorn.eu\/wp-content\/uploads\/2022\/04\/278743264_5067870346593166_1583989996324115537_n-300x217.jpg 300w, https:\/\/imbachhorn.eu\/wp-content\/uploads\/2022\/04\/278743264_5067870346593166_1583989996324115537_n-768x555.jpg 768w\" sizes=\"(max-width: 885px) 100vw, 885px\" \/><\/div><\/a>\n\t\t\t\t<div class=\"elementor-post__text\">\n\t\t\t\t<h3 class=\"elementor-post__title\">\n\t\t\t<a href=\"https:\/\/imbachhorn.eu\/de\/tura-1-kitzbuheler-alpen-ok-240-km\/\" >\n\t\t\t\tTura 1 GerlosPass \u2013 ok. 270 km\t\t\t<\/a>\n\t\t<\/h3>\n\t\t\t\t<div class=\"elementor-post__excerpt\">\n\t\t\t<p>GerlossPass &amp; Zillertaler H\u00f6henstra\u00dfe &amp; Thurn Pass an einem Tag! 270 km Motorradgl\u00fcck. Wir starten am Imbachhorn, passieren Kaprun und fahren Richtung Tirol. Nach nicht einmal<\/p>\n\t\t<\/div>\n\t\t\n\t\t<a class=\"elementor-post__read-more\" href=\"https:\/\/imbachhorn.eu\/de\/tura-1-kitzbuheler-alpen-ok-240-km\/\" aria-label=\"Read more about Tura 1 GerlosPass &#8211; ok. 270 km\" tabindex=\"-1\" >\n\t\t\tMehr lesen\t\t<\/a>\n\n\t\t\t\t<\/div>\n\t\t\t\t\t<\/div>\n\t\t<\/article>\n\t\t\t\t<article class=\"elementor-post elementor-grid-item post-1282 post type-post status-publish format-standard has-post-thumbnail hentry category-dla-motocyklistow\">\n\t\t\t<div class=\"elementor-post__card\">\n\t\t\t\t<a class=\"elementor-post__thumbnail__link\" href=\"https:\/\/imbachhorn.eu\/de\/tura-2-grossglockner-hochalpenstrasse-ok-310-km\/\" tabindex=\"-1\" ><div class=\"elementor-post__thumbnail\"><img decoding=\"async\" width=\"1770\" height=\"1282\" src=\"https:\/\/imbachhorn.eu\/wp-content\/uploads\/2022\/04\/Zrzut-ekranu-2022-08-1-o-11.30.19.png\" class=\"attachment-full size-full wp-image-2142\" alt=\"\" srcset=\"https:\/\/imbachhorn.eu\/wp-content\/uploads\/2022\/04\/Zrzut-ekranu-2022-08-1-o-11.30.19.png 1770w, https:\/\/imbachhorn.eu\/wp-content\/uploads\/2022\/04\/Zrzut-ekranu-2022-08-1-o-11.30.19-300x217.png 300w, https:\/\/imbachhorn.eu\/wp-content\/uploads\/2022\/04\/Zrzut-ekranu-2022-08-1-o-11.30.19-1024x742.png 1024w, https:\/\/imbachhorn.eu\/wp-content\/uploads\/2022\/04\/Zrzut-ekranu-2022-08-1-o-11.30.19-768x556.png 768w, https:\/\/imbachhorn.eu\/wp-content\/uploads\/2022\/04\/Zrzut-ekranu-2022-08-1-o-11.30.19-1536x1113.png 1536w\" sizes=\"(max-width: 1770px) 100vw, 1770px\" \/><\/div><\/a>\n\t\t\t\t<div class=\"elementor-post__text\">\n\t\t\t\t<h3 class=\"elementor-post__title\">\n\t\t\t<a href=\"https:\/\/imbachhorn.eu\/de\/tura-2-grossglockner-hochalpenstrasse-ok-310-km\/\" >\n\t\t\t\tTura 2 Gro\u00dfglockner Hochalpenstra\u00dfe &amp; Stallersattel ok. 310 km\t\t\t<\/a>\n\t\t<\/h3>\n\t\t\t\t<div class=\"elementor-post__excerpt\">\n\t\t\t<p>Zwei wahnsinnige P\u00e4sse an einem Tag! Unsere n\u00e4chste Route f\u00fchrt uns teilweise nach Italien, wo wir ein wahres Juwel entdecken \u2013 das Passo Stalle. Liegt im Gebirge<\/p>\n\t\t<\/div>\n\t\t\n\t\t<a class=\"elementor-post__read-more\" href=\"https:\/\/imbachhorn.eu\/de\/tura-2-grossglockner-hochalpenstrasse-ok-310-km\/\" aria-label=\"Read more about Tura 2 Grossglockner Hochalpenstra\u00dfe &#038; Passo Stalle ok. 310 km\" tabindex=\"-1\" >\n\t\t\tMehr lesen\t\t<\/a>\n\n\t\t\t\t<\/div>\n\t\t\t\t\t<\/div>\n\t\t<\/article>\n\t\t\t\t<article class=\"elementor-post elementor-grid-item post-1290 post type-post status-publish format-standard has-post-thumbnail hentry category-dla-motocyklistow\">\n\t\t\t<div class=\"elementor-post__card\">\n\t\t\t\t<a class=\"elementor-post__thumbnail__link\" href=\"https:\/\/imbachhorn.eu\/de\/orle-gniazdo-rossweld-panoramastrasse\/\" tabindex=\"-1\" ><div class=\"elementor-post__thumbnail\"><img loading=\"lazy\" decoding=\"async\" width=\"1866\" height=\"1352\" src=\"https:\/\/imbachhorn.eu\/wp-content\/uploads\/2022\/04\/279453962_5112587575454776_4040326763776463476_n.jpg\" class=\"attachment-full size-full wp-image-2035\" alt=\"\" srcset=\"https:\/\/imbachhorn.eu\/wp-content\/uploads\/2022\/04\/279453962_5112587575454776_4040326763776463476_n.jpg 1866w, https:\/\/imbachhorn.eu\/wp-content\/uploads\/2022\/04\/279453962_5112587575454776_4040326763776463476_n-300x217.jpg 300w, https:\/\/imbachhorn.eu\/wp-content\/uploads\/2022\/04\/279453962_5112587575454776_4040326763776463476_n-1024x742.jpg 1024w, https:\/\/imbachhorn.eu\/wp-content\/uploads\/2022\/04\/279453962_5112587575454776_4040326763776463476_n-768x556.jpg 768w, https:\/\/imbachhorn.eu\/wp-content\/uploads\/2022\/04\/279453962_5112587575454776_4040326763776463476_n-1536x1113.jpg 1536w\" sizes=\"(max-width: 1866px) 100vw, 1866px\" \/><\/div><\/a>\n\t\t\t\t<div class=\"elementor-post__text\">\n\t\t\t\t<h3 class=\"elementor-post__title\">\n\t\t\t<a href=\"https:\/\/imbachhorn.eu\/de\/orle-gniazdo-rossweld-panoramastrasse\/\" >\n\t\t\t\tTura 3 Orle Gniazdo &amp; Rossweld PanoramaStrasse ca. 235 km\t\t\t<\/a>\n\t\t<\/h3>\n\t\t\t\t<div class=\"elementor-post__excerpt\">\n\t\t\t<p>Heute erwartet Sie eine Route voller Attraktionen, die teilweise durch Deutschland f\u00fchrt. Sie beginnt mit einer Fahrt durch Zell am See in Richtung M\u00fcnchen, um dann<\/p>\n\t\t<\/div>\n\t\t\n\t\t<a class=\"elementor-post__read-more\" href=\"https:\/\/imbachhorn.eu\/de\/orle-gniazdo-rossweld-panoramastrasse\/\" aria-label=\"Read more about Tura 3 Orle Gniazdo &#038; Rossweld PanoramaStrasse ok. 235 km\" tabindex=\"-1\" >\n\t\t\tMehr lesen\t\t<\/a>\n\n\t\t\t\t<\/div>\n\t\t\t\t\t<\/div>\n\t\t<\/article>\n\t\t\t\t<article class=\"elementor-post elementor-grid-item post-1298 post type-post status-publish format-standard has-post-thumbnail hentry category-dla-motocyklistow\">\n\t\t\t<div class=\"elementor-post__card\">\n\t\t\t\t<a class=\"elementor-post__thumbnail__link\" href=\"https:\/\/imbachhorn.eu\/de\/tura-4-museum-porsche-gmund-ok-280-km\/\" tabindex=\"-1\" ><div class=\"elementor-post__thumbnail\"><img loading=\"lazy\" decoding=\"async\" width=\"1860\" height=\"1348\" src=\"https:\/\/imbachhorn.eu\/wp-content\/uploads\/2022\/04\/Imbachhprn-trasa-gmund.png\" class=\"attachment-full size-full wp-image-1759\" alt=\"\" srcset=\"https:\/\/imbachhorn.eu\/wp-content\/uploads\/2022\/04\/Imbachhprn-trasa-gmund.png 1860w, https:\/\/imbachhorn.eu\/wp-content\/uploads\/2022\/04\/Imbachhprn-trasa-gmund-300x217.png 300w, https:\/\/imbachhorn.eu\/wp-content\/uploads\/2022\/04\/Imbachhprn-trasa-gmund-1024x742.png 1024w, https:\/\/imbachhorn.eu\/wp-content\/uploads\/2022\/04\/Imbachhprn-trasa-gmund-768x557.png 768w, https:\/\/imbachhorn.eu\/wp-content\/uploads\/2022\/04\/Imbachhprn-trasa-gmund-1536x1113.png 1536w\" sizes=\"(max-width: 1860px) 100vw, 1860px\" \/><\/div><\/a>\n\t\t\t\t<div class=\"elementor-post__text\">\n\t\t\t\t<h3 class=\"elementor-post__title\">\n\t\t\t<a href=\"https:\/\/imbachhorn.eu\/de\/tura-4-museum-porsche-gmund-ok-280-km\/\" >\n\t\t\t\tTura 4 Porsche Museum Gm\u00fcnd ok. 280 km\t\t\t<\/a>\n\t\t<\/h3>\n\t\t\t\t<div class=\"elementor-post__excerpt\">\n\t\t\t<p>Hier ist eine weitere interessante Route, die wir f\u00fcr Sie vorbereitet haben. Sie beginnt mit der Abfahrt von Fusch in Richtung Salzburg. Dann biegen wir in der Ortschaft Lend in Richtung<\/p>\n\t\t<\/div>\n\t\t\n\t\t<a class=\"elementor-post__read-more\" href=\"https:\/\/imbachhorn.eu\/de\/tura-4-museum-porsche-gmund-ok-280-km\/\" aria-label=\"Read more about Tura 4 Museum Porsche Gm\u00fcnd ok. 280 km\" tabindex=\"-1\" >\n\t\t\tMehr lesen\t\t<\/a>\n\n\t\t\t\t<\/div>\n\t\t\t\t\t<\/div>\n\t\t<\/article>\n\t\t\t\t<article class=\"elementor-post elementor-grid-item post-1309 post type-post status-publish format-standard has-post-thumbnail hentry category-dla-motocyklistow\">\n\t\t\t<div class=\"elementor-post__card\">\n\t\t\t\t<a class=\"elementor-post__thumbnail__link\" href=\"https:\/\/imbachhorn.eu\/de\/tura-5-dookola-jeziora-hallstatter-see-ok-280km\/\" tabindex=\"-1\" ><div class=\"elementor-post__thumbnail\"><img loading=\"lazy\" decoding=\"async\" width=\"1768\" height=\"1282\" src=\"https:\/\/imbachhorn.eu\/wp-content\/uploads\/2022\/04\/289344175_5232291730151026_4403012594329636167_n.jpg\" class=\"attachment-full size-full wp-image-2026\" alt=\"\" srcset=\"https:\/\/imbachhorn.eu\/wp-content\/uploads\/2022\/04\/289344175_5232291730151026_4403012594329636167_n.jpg 1768w, https:\/\/imbachhorn.eu\/wp-content\/uploads\/2022\/04\/289344175_5232291730151026_4403012594329636167_n-300x218.jpg 300w, https:\/\/imbachhorn.eu\/wp-content\/uploads\/2022\/04\/289344175_5232291730151026_4403012594329636167_n-1024x743.jpg 1024w, https:\/\/imbachhorn.eu\/wp-content\/uploads\/2022\/04\/289344175_5232291730151026_4403012594329636167_n-768x557.jpg 768w, https:\/\/imbachhorn.eu\/wp-content\/uploads\/2022\/04\/289344175_5232291730151026_4403012594329636167_n-1536x1114.jpg 1536w\" sizes=\"(max-width: 1768px) 100vw, 1768px\" \/><\/div><\/a>\n\t\t\t\t<div class=\"elementor-post__text\">\n\t\t\t\t<h3 class=\"elementor-post__title\">\n\t\t\t<a href=\"https:\/\/imbachhorn.eu\/de\/tura-5-dookola-jeziora-hallstatter-see-ok-280km\/\" >\n\t\t\t\tTura 5 Hallstatt und PostalmStrasse ca. 300 km\t\t\t<\/a>\n\t\t<\/h3>\n\t\t\t\t<div class=\"elementor-post__excerpt\">\n\t\t\t<p>Hallstatt, die Ikone \u00d6sterreichs. Absolut m\u00e4rchenhaftes St\u00e4dtchen direkt am See gelegen. Die Route, obwohl nicht lang, wird Sie angesichts der vielen Attraktionen bestimmt besch\u00e4ftigen<\/p>\n\t\t<\/div>\n\t\t\n\t\t<a class=\"elementor-post__read-more\" href=\"https:\/\/imbachhorn.eu\/de\/tura-5-dookola-jeziora-hallstatter-see-ok-280km\/\" aria-label=\"Read more about Tura 5 Hallstatt i PostalmStrasse ok. 300km\" tabindex=\"-1\" >\n\t\t\tMehr lesen\t\t<\/a>\n\n\t\t\t\t<\/div>\n\t\t\t\t\t<\/div>\n\t\t<\/article>\n\t\t\t\t<article class=\"elementor-post elementor-grid-item post-1316 post type-post status-publish format-standard has-post-thumbnail hentry category-dla-motocyklistow\">\n\t\t\t<div class=\"elementor-post__card\">\n\t\t\t\t<a class=\"elementor-post__thumbnail__link\" href=\"https:\/\/imbachhorn.eu\/de\/tura-6-nockalmstrasse\/\" tabindex=\"-1\" ><div class=\"elementor-post__thumbnail\"><img loading=\"lazy\" decoding=\"async\" width=\"1176\" height=\"852\" src=\"https:\/\/imbachhorn.eu\/wp-content\/uploads\/2022\/04\/277576988_5019625654750969_1677790802623179861_n.jpg\" class=\"attachment-full size-full wp-image-2050\" alt=\"\" srcset=\"https:\/\/imbachhorn.eu\/wp-content\/uploads\/2022\/04\/277576988_5019625654750969_1677790802623179861_n.jpg 1176w, https:\/\/imbachhorn.eu\/wp-content\/uploads\/2022\/04\/277576988_5019625654750969_1677790802623179861_n-300x217.jpg 300w, https:\/\/imbachhorn.eu\/wp-content\/uploads\/2022\/04\/277576988_5019625654750969_1677790802623179861_n-1024x742.jpg 1024w, https:\/\/imbachhorn.eu\/wp-content\/uploads\/2022\/04\/277576988_5019625654750969_1677790802623179861_n-768x556.jpg 768w\" sizes=\"(max-width: 1176px) 100vw, 1176px\" \/><\/div><\/a>\n\t\t\t\t<div class=\"elementor-post__text\">\n\t\t\t\t<h3 class=\"elementor-post__title\">\n\t\t\t<a href=\"https:\/\/imbachhorn.eu\/de\/tura-6-nockalmstrasse\/\" >\n\t\t\t\tTura 6 Nockalmstra\u00dfe ca. 345 km\t\t\t<\/a>\n\t\t<\/h3>\n\t\t\t\t<div class=\"elementor-post__excerpt\">\n\t\t\t<p>Nockalmstra\u00dfe \u2013 Motorrad- und Radfahrroute, eingebettet im Biosph\u00e4renpark an der Grenze zwischen Steiermark und K\u00e4rnten. Diese Panoramastra\u00dfe verl\u00e4uft an der Grenze zwischen K\u00e4rnten und dem Salzburger Land.<\/p>\n\t\t<\/div>\n\t\t\n\t\t<a class=\"elementor-post__read-more\" href=\"https:\/\/imbachhorn.eu\/de\/tura-6-nockalmstrasse\/\" aria-label=\"Read more about Tura 6 NockalmStrasse ok. 345 km\" tabindex=\"-1\" >\n\t\t\tMehr lesen\t\t<\/a>\n\n\t\t\t\t<\/div>\n\t\t\t\t\t<\/div>\n\t\t<\/article>\n\t\t\t\t<\/div>\n\t\t\n\t\t\t\t\t\t<\/div>\n\t\t\t\t<\/div>\n\t\t\t\t\t<\/div>\n\t\t<\/div>\n\t\t\t\t\t<\/div>\n\t\t<\/section>\n\t\t\t\t\t<\/div>\n\t\t<\/div>\n\t\t\t\t\t<\/div>\n\t\t<\/section>\n\t\t\t\t<\/div>","protected":false},"excerpt":{"rendered":"","protected":false},"author":1,"featured_media":0,"parent":0,"menu_order":0,"comment_status":"closed","ping_status":"closed","template":"","meta":{"inline_featured_image":false,"site-sidebar-layout":"no-sidebar","site-content-layout":"page-builder","ast-site-content-layout":"","site-content-style":"default","site-sidebar-style":"default","ast-global-header-display":"","ast-banner-title-visibility":"","ast-main-header-display":"","ast-hfb-above-header-display":"","ast-hfb-below-header-display":"","ast-hfb-mobile-header-display":"","site-post-title":"disabled","ast-breadcrumbs-content":"","ast-featured-img":"disabled","footer-sml-layout":"","theme-transparent-header-meta":"","adv-header-id-meta":"","stick-header-meta":"","header-above-stick-meta":"","header-main-stick-meta":"","header-below-stick-meta":"","astra-migrate-meta-layouts":"default","ast-page-background-enabled":"default","ast-page-background-meta":{"desktop":{"background-color":"var(--ast-global-color-4)","background-image":"","background-repeat":"repeat","background-position":"center center","background-size":"auto","background-attachment":"scroll","background-type":"","background-media":"","overlay-type":"","overlay-color":"","overlay-opacity":"","overlay-gradient":""},"tablet":{"background-color":"","background-image":"","background-repeat":"repeat","background-position":"center center","background-size":"auto","background-attachment":"scroll","background-type":"","background-media":"","overlay-type":"","overlay-color":"","overlay-opacity":"","overlay-gradient":""},"mobile":{"background-color":"","background-image":"","background-repeat":"repeat","background-position":"center center","background-size":"auto","background-attachment":"scroll","background-type":"","background-media":"","overlay-type":"","overlay-color":"","overlay-opacity":"","overlay-gradient":""}},"ast-content-background-meta":{"desktop":{"background-color":"var(--ast-global-color-5)","background-image":"","background-repeat":"repeat","background-position":"center center","background-size":"auto","background-attachment":"scroll","background-type":"","background-media":"","overlay-type":"","overlay-color":"","overlay-opacity":"","overlay-gradient":""},"tablet":{"background-color":"var(--ast-global-color-5)","background-image":"","background-repeat":"repeat","background-position":"center center","background-size":"auto","background-attachment":"scroll","background-type":"","background-media":"","overlay-type":"","overlay-color":"","overlay-opacity":"","overlay-gradient":""},"mobile":{"background-color":"var(--ast-global-color-5)","background-image":"","background-repeat":"repeat","background-position":"center center","background-size":"auto","background-attachment":"scroll","background-type":"","background-media":"","overlay-type":"","overlay-color":"","overlay-opacity":"","overlay-gradient":""}},"footnotes":""},"class_list":["post-611","page","type-page","status-publish","hentry"],"_links":{"self":[{"href":"https:\/\/imbachhorn.eu\/de\/wp-json\/wp\/v2\/pages\/611","targetHints":{"allow":["GET"]}}],"collection":[{"href":"https:\/\/imbachhorn.eu\/de\/wp-json\/wp\/v2\/pages"}],"about":[{"href":"https:\/\/imbachhorn.eu\/de\/wp-json\/wp\/v2\/types\/page"}],"author":[{"embeddable":true,"href":"https:\/\/imbachhorn.eu\/de\/wp-json\/wp\/v2\/users\/1"}],"replies":[{"embeddable":true,"href":"https:\/\/imbachhorn.eu\/de\/wp-json\/wp\/v2\/comments?post=611"}],"version-history":[{"count":0,"href":"https:\/\/imbachhorn.eu\/de\/wp-json\/wp\/v2\/pages\/611\/revisions"}],"wp:attachment":[{"href":"https:\/\/imbachhorn.eu\/de\/wp-json\/wp\/v2\/media?parent=611"}],"curies":[{"name":"wp","href":"https:\/\/api.w.org\/{rel}","templated":true}]}}