{"id":502,"date":"2022-03-23T10:37:52","date_gmt":"2022-03-23T09:37:52","guid":{"rendered":"http:\/\/imbachhorn2022.freelinelab.pl\/?page_id=502"},"modified":"2025-03-09T19:11:55","modified_gmt":"2025-03-09T18:11:55","slug":"verpflegung","status":"publish","type":"page","link":"https:\/\/imbachhorn.eu\/de\/wyzywienie\/","title":{"rendered":"Verpflegung"},"content":{"rendered":"<div data-elementor-type=\"wp-page\" data-elementor-id=\"502\" class=\"elementor elementor-502\" data-elementor-post-type=\"page\">\n\t\t\t\t\t\t<section class=\"elementor-section elementor-top-section elementor-element elementor-element-27f68ed elementor-section-full_width elementor-section-height-default elementor-section-height-default\" data-id=\"27f68ed\" data-element_type=\"section\">\n\t\t\t\t\t\t<div class=\"elementor-container elementor-column-gap-no\">\n\t\t\t\t\t<div class=\"elementor-column elementor-col-100 elementor-top-column elementor-element elementor-element-4c72816\" data-id=\"4c72816\" data-element_type=\"column\">\n\t\t\t<div class=\"elementor-widget-wrap elementor-element-populated\">\n\t\t\t\t\t\t<section class=\"elementor-section elementor-inner-section elementor-element elementor-element-50e0a27 elementor-section-full_width elementor-section-height-default elementor-section-height-default\" data-id=\"50e0a27\" data-element_type=\"section\">\n\t\t\t\t\t\t<div class=\"elementor-container elementor-column-gap-default\">\n\t\t\t\t\t<div class=\"elementor-column elementor-col-50 elementor-inner-column elementor-element elementor-element-653e3af\" data-id=\"653e3af\" data-element_type=\"column\">\n\t\t\t<div class=\"elementor-widget-wrap elementor-element-populated\">\n\t\t\t\t\t\t<div class=\"elementor-element elementor-element-2e7e199 elementor-widget elementor-widget-image\" data-id=\"2e7e199\" data-element_type=\"widget\" data-widget_type=\"image.default\">\n\t\t\t\t<div class=\"elementor-widget-container\">\n\t\t\t\t\t\t\t\t\t\t\t\t\t\t\t<img fetchpriority=\"high\" decoding=\"async\" width=\"1313\" height=\"876\" src=\"https:\/\/imbachhorn.eu\/wp-content\/uploads\/2022\/05\/IMG_0706.jpg\" class=\"attachment-full size-full wp-image-1688\" alt=\"\" srcset=\"https:\/\/imbachhorn.eu\/wp-content\/uploads\/2022\/05\/IMG_0706.jpg 1313w, https:\/\/imbachhorn.eu\/wp-content\/uploads\/2022\/05\/IMG_0706-300x200.jpg 300w, https:\/\/imbachhorn.eu\/wp-content\/uploads\/2022\/05\/IMG_0706-1024x683.jpg 1024w, https:\/\/imbachhorn.eu\/wp-content\/uploads\/2022\/05\/IMG_0706-768x512.jpg 768w\" sizes=\"(max-width: 1313px) 100vw, 1313px\" \/>\t\t\t\t\t\t\t\t\t\t\t\t\t\t\t<\/div>\n\t\t\t\t<\/div>\n\t\t\t\t\t<\/div>\n\t\t<\/div>\n\t\t\t\t<div class=\"elementor-column elementor-col-50 elementor-inner-column elementor-element elementor-element-8c115e3\" data-id=\"8c115e3\" data-element_type=\"column\" data-settings=\"{&quot;background_background&quot;:&quot;classic&quot;}\">\n\t\t\t<div class=\"elementor-widget-wrap elementor-element-populated\">\n\t\t\t\t\t\t<div class=\"elementor-element elementor-element-0631566 elementor-widget elementor-widget-heading\" data-id=\"0631566\" data-element_type=\"widget\" data-widget_type=\"heading.default\">\n\t\t\t\t<div class=\"elementor-widget-container\">\n\t\t\t\t\t<h2 class=\"elementor-heading-title elementor-size-default\">Verpflegung<\/h2>\t\t\t\t<\/div>\n\t\t\t\t<\/div>\n\t\t\t\t<div class=\"elementor-element elementor-element-0e0db0d elementor-widget-divider--view-line elementor-widget elementor-widget-divider\" data-id=\"0e0db0d\" data-element_type=\"widget\" data-widget_type=\"divider.default\">\n\t\t\t\t<div class=\"elementor-widget-container\">\n\t\t\t\t\t\t\t<div class=\"elementor-divider\">\n\t\t\t<span class=\"elementor-divider-separator\">\n\t\t\t\t\t\t<\/span>\n\t\t<\/div>\n\t\t\t\t\t\t<\/div>\n\t\t\t\t<\/div>\n\t\t\t\t<div class=\"elementor-element elementor-element-bef1056 elementor-widget elementor-widget-text-editor\" data-id=\"bef1056\" data-element_type=\"widget\" data-widget_type=\"text-editor.default\">\n\t\t\t\t<div class=\"elementor-widget-container\">\n\t\t\t\t\t\t\t\t\t<p>Das G\u00e4stehaus arbeitet nach dem HP\/HB-System:<br \/><strong>FR\u00dcHST\u00dcCK UND ABENDESSEN\u00a0<\/strong><br \/>die Mahlzeiten werden in Form eines reichhaltigen Buffets serviert<\/p><p><strong>Fr\u00fchst\u00fccke - <\/strong><strong>7:30 - 9:30<\/strong><br \/><strong>Abendessen <\/strong><strong>18:00 - 19:00 <\/strong>(Winter) | <strong>18:30 &#8211; 20:00 <\/strong>(Sommer)<\/p><ul><li>Wir variieren das Men\u00fc f\u00fcr einzelne G\u00e4ste und Jugendgruppen<\/li><li>Wir bieten auf Anfrage\/kostenlos\/\u00a0\u00a0<strong>TROCKENE LEBENSMITTEL<\/strong>\u00a0f\u00fcr die Stra\u00dfe oder die Piste<\/li><li>\u00a0in der Wintersaison gibt es spezielle Angebote f\u00fcr Einzelg\u00e4ste\u00a0<strong>SONNTAG<\/strong><br \/>\/Kaffee oder Tee und Kuchen oder etwas S\u00fc\u00dfes\/<\/li><li>\u00a0wir bereiten Mahlzeiten f\u00fcr Allergiker zu \/ nach vorheriger Absprache mit dem G\u00e4stehaus\/<\/li><li>\u00a0Abendessen mit\u00a0<strong>GRILLA<\/strong>\u00a0\/ kommt nur im Sommer vor, je nach Wetterlage\/<\/li><li>\u00a0Abendessen mit<strong>\u00a0PIZZA<\/strong>\u00a0\/ kommt nur im Sommer vor, je nach Wetterlage\/<\/li><li>\u00a0<strong>REGIONALES ABENDESSEN<\/strong>\u00a0eines der Abendessen, das ausschlie\u00dflich aus regionalen Produkten besteht \/im Winter und im Sommer angeboten wird\/<\/li><li><strong>\u00a0BESONDERE VERANSTALTUNGEN, INTEGRATIONSREISEN<\/strong>\u00a0- Men\u00fc mit dem Reiseveranstalter vereinbart.<\/li><\/ul>\t\t\t\t\t\t\t\t<\/div>\n\t\t\t\t<\/div>\n\t\t\t\t\t<\/div>\n\t\t<\/div>\n\t\t\t\t\t<\/div>\n\t\t<\/section>\n\t\t\t\t\t<\/div>\n\t\t<\/div>\n\t\t\t\t\t<\/div>\n\t\t<\/section>\n\t\t\t\t<section class=\"elementor-section elementor-top-section elementor-element elementor-element-d165f58 elementor-section-boxed elementor-section-height-default elementor-section-height-default\" data-id=\"d165f58\" data-element_type=\"section\">\n\t\t\t\t\t\t<div class=\"elementor-container elementor-column-gap-default\">\n\t\t\t\t\t<div class=\"elementor-column elementor-col-50 elementor-top-column elementor-element elementor-element-02b33d6\" data-id=\"02b33d6\" data-element_type=\"column\">\n\t\t\t<div class=\"elementor-widget-wrap elementor-element-populated\">\n\t\t\t\t\t\t<section class=\"elementor-section elementor-inner-section elementor-element elementor-element-a19ab5d elementor-section-full_width elementor-section-height-default elementor-section-height-default\" data-id=\"a19ab5d\" data-element_type=\"section\">\n\t\t\t\t\t\t<div class=\"elementor-container elementor-column-gap-default\">\n\t\t\t\t\t<div class=\"elementor-column elementor-col-100 elementor-inner-column elementor-element elementor-element-a9144d6\" data-id=\"a9144d6\" data-element_type=\"column\">\n\t\t\t<div class=\"elementor-widget-wrap elementor-element-populated\">\n\t\t\t\t\t\t<div class=\"elementor-element elementor-element-ef671fc elementor-widget elementor-widget-heading\" data-id=\"ef671fc\" data-element_type=\"widget\" data-widget_type=\"heading.default\">\n\t\t\t\t<div class=\"elementor-widget-container\">\n\t\t\t\t\t<h2 class=\"elementor-heading-title elementor-size-default\">F\u00fcr einzelne G\u00e4ste<\/h2>\t\t\t\t<\/div>\n\t\t\t\t<\/div>\n\t\t\t\t<div class=\"elementor-element elementor-element-8e29359 elementor-widget-divider--view-line elementor-widget elementor-widget-divider\" data-id=\"8e29359\" data-element_type=\"widget\" data-widget_type=\"divider.default\">\n\t\t\t\t<div class=\"elementor-widget-container\">\n\t\t\t\t\t\t\t<div class=\"elementor-divider\">\n\t\t\t<span class=\"elementor-divider-separator\">\n\t\t\t\t\t\t<\/span>\n\t\t<\/div>\n\t\t\t\t\t\t<\/div>\n\t\t\t\t<\/div>\n\t\t\t\t<div class=\"elementor-element elementor-element-d6cdb16 elementor-widget elementor-widget-text-editor\" data-id=\"d6cdb16\" data-element_type=\"widget\" data-widget_type=\"text-editor.default\">\n\t\t\t\t<div class=\"elementor-widget-container\">\n\t\t\t\t\t\t\t\t\t<p>Der Preis f\u00fcr Ihren Aufenthalt beinhaltet:<br \/>(Das Angebot gilt nicht f\u00fcr Aufenthalte von Gruppen von Kindern und Jugendlichen):<\/p><p><strong>- FR\u00dcHST\u00dcCK von 7.30 Uhr bis 9.30 Uhr.<\/strong>\u00a0in Buffetform, bestehend aus:<br \/>frisches Brot, Milchprodukte, Marmeladen, M\u00fcsli, Aufschnitt, K\u00e4se, Pasten oder Salate, eigene und regionale Produkte, Obst und Kaffee aus der Kaffeemaschine, Tee, S\u00e4fte, Wasser.<br \/>Es ist verboten, Sandwiches f\u00fcr die Piste oder f\u00fcr die Fahrt zu machen und Thermoskannen mit Tee oder Kaffee zu f\u00fcllen.<\/p><p>&#8211;\u00a0<strong>KAFFEE ODER TEE AM NACHMITTAG<\/strong>\u00a0 16:00-17:00 Uhr (nur in der Wintersaison als Option gegen Aufpreis verf\u00fcgbar)<br \/>eine Tasse Kaffee oder Tee + etwas S\u00fc\u00dfes<\/p><p>&#8211;\u00a0<strong>DINNER Winter 18:00 - 19:00 Uhr \/ Sommer 18:30 - 20:00 Uhr\/<\/strong>\u00a0\u00a0 die aus folgenden Elementen besteht:<br \/>\u00a0\u00a0 Suppe, zwei Hauptgerichte, Dessert, Salatbuffet oder Gem\u00fcse in anderer Form. Das Abendessen wird in einem Bemar (beheiztes Buffet) serviert - jeder Gast stellt sich sein Essen selbst zusammen und nimmt so viel, wie er mag.<\/p><p>\u00a0- Getr\u00e4nke beim Abendessen mit Ausnahme von Wasser sind kostenpflichtig<\/p><p>\u00a0<\/p>\t\t\t\t\t\t\t\t<\/div>\n\t\t\t\t<\/div>\n\t\t\t\t\t<\/div>\n\t\t<\/div>\n\t\t\t\t\t<\/div>\n\t\t<\/section>\n\t\t\t\t\t<\/div>\n\t\t<\/div>\n\t\t\t\t<div class=\"elementor-column elementor-col-50 elementor-top-column elementor-element elementor-element-a4c820e\" data-id=\"a4c820e\" data-element_type=\"column\">\n\t\t\t<div class=\"elementor-widget-wrap elementor-element-populated\">\n\t\t\t\t\t\t<div class=\"elementor-element elementor-element-f28bf60 elementor--h-position-center elementor--v-position-middle elementor-arrows-position-inside elementor-pagination-position-inside elementor-widget elementor-widget-slides\" data-id=\"f28bf60\" data-element_type=\"widget\" data-settings=\"{&quot;navigation&quot;:&quot;both&quot;,&quot;autoplay&quot;:&quot;yes&quot;,&quot;pause_on_hover&quot;:&quot;yes&quot;,&quot;pause_on_interaction&quot;:&quot;yes&quot;,&quot;autoplay_speed&quot;:5000,&quot;infinite&quot;:&quot;yes&quot;,&quot;transition&quot;:&quot;slide&quot;,&quot;transition_speed&quot;:500}\" data-widget_type=\"slides.default\">\n\t\t\t\t<div class=\"elementor-widget-container\">\n\t\t\t\t\t\t\t\t\t<div class=\"elementor-swiper\">\n\t\t\t\t\t<div class=\"elementor-slides-wrapper elementor-main-swiper swiper\" role=\"region\" aria-roledescription=\"carousel\" aria-label=\"Folien\" dir=\"ltr\" data-animation=\"fadeInUp\">\n\t\t\t\t<div class=\"swiper-wrapper elementor-slides\">\n\t\t\t\t\t\t\t\t\t\t<div class=\"elementor-repeater-item-db5edcd swiper-slide\" role=\"group\" aria-roledescription=\"slide\"><div class=\"swiper-slide-bg\" role=\"img\"><\/div><div class=\"swiper-slide-inner\" ><div class=\"swiper-slide-contents\"><\/div><\/div><\/div><div class=\"elementor-repeater-item-708604b swiper-slide\" role=\"group\" aria-roledescription=\"slide\"><div class=\"swiper-slide-bg\" role=\"img\"><\/div><div class=\"swiper-slide-inner\" ><div class=\"swiper-slide-contents\"><\/div><\/div><\/div><div class=\"elementor-repeater-item-de0b6ae swiper-slide\" role=\"group\" aria-roledescription=\"slide\"><div class=\"swiper-slide-bg\" role=\"img\"><\/div><div class=\"swiper-slide-inner\" ><div class=\"swiper-slide-contents\"><\/div><\/div><\/div>\t\t\t\t<\/div>\n\t\t\t\t\t\t\t\t\t\t\t\t\t\t\t<div class=\"elementor-swiper-button elementor-swiper-button-prev\" role=\"button\" tabindex=\"0\" aria-label=\"Vorheriges Dia\">\n\t\t\t\t\t\t\t<svg aria-hidden=\"true\" class=\"e-font-icon-svg e-eicon-chevron-left\" viewbox=\"0 0 1000 1000\" xmlns=\"http:\/\/www.w3.org\/2000\/svg\"><path d=\"M646 125C629 125 613 133 604 142L308 442C296 454 292 471 292 487 292 504 296 521 308 533L604 854C617 867 629 875 646 875 663 875 679 871 692 858 704 846 713 829 713 812 713 796 708 779 692 767L438 487 692 225C700 217 708 204 708 187 708 171 704 154 692 142 675 129 663 125 646 125Z\"><\/path><\/svg>\t\t\t\t\t\t<\/div>\n\t\t\t\t\t\t<div class=\"elementor-swiper-button elementor-swiper-button-next\" role=\"button\" tabindex=\"0\" aria-label=\"N\u00e4chste Folie\">\n\t\t\t\t\t\t\t<svg aria-hidden=\"true\" class=\"e-font-icon-svg e-eicon-chevron-right\" viewbox=\"0 0 1000 1000\" xmlns=\"http:\/\/www.w3.org\/2000\/svg\"><path d=\"M696 533C708 521 713 504 713 487 713 471 708 454 696 446L400 146C388 133 375 125 354 125 338 125 325 129 313 142 300 154 292 171 292 187 292 204 296 221 308 233L563 492 304 771C292 783 288 800 288 817 288 833 296 850 308 863 321 871 338 875 354 875 371 875 388 867 400 854L696 533Z\"><\/path><\/svg>\t\t\t\t\t\t<\/div>\n\t\t\t\t\t\t\t\t\t\t\t\t\t\t\t\t<div class=\"swiper-pagination\"><\/div>\n\t\t\t\t\t\t\t\t\t\t\t\t<\/div>\n\t\t\t\t<\/div>\n\t\t\t\t\t\t\t\t<\/div>\n\t\t\t\t<\/div>\n\t\t\t\t\t<\/div>\n\t\t<\/div>\n\t\t\t\t\t<\/div>\n\t\t<\/section>\n\t\t\t\t<section class=\"elementor-section elementor-top-section elementor-element elementor-element-cbc5cf9 elementor-section-boxed elementor-section-height-default elementor-section-height-default\" data-id=\"cbc5cf9\" data-element_type=\"section\">\n\t\t\t\t\t\t<div class=\"elementor-container elementor-column-gap-default\">\n\t\t\t\t\t<div class=\"elementor-column elementor-col-50 elementor-top-column elementor-element elementor-element-a9a5197\" data-id=\"a9a5197\" data-element_type=\"column\">\n\t\t\t<div class=\"elementor-widget-wrap elementor-element-populated\">\n\t\t\t\t\t\t<div class=\"elementor-element elementor-element-8233da7 elementor--h-position-center elementor--v-position-middle elementor-arrows-position-inside elementor-pagination-position-inside elementor-widget elementor-widget-slides\" data-id=\"8233da7\" data-element_type=\"widget\" data-settings=\"{&quot;navigation&quot;:&quot;both&quot;,&quot;autoplay&quot;:&quot;yes&quot;,&quot;pause_on_hover&quot;:&quot;yes&quot;,&quot;pause_on_interaction&quot;:&quot;yes&quot;,&quot;autoplay_speed&quot;:5000,&quot;infinite&quot;:&quot;yes&quot;,&quot;transition&quot;:&quot;slide&quot;,&quot;transition_speed&quot;:500}\" data-widget_type=\"slides.default\">\n\t\t\t\t<div class=\"elementor-widget-container\">\n\t\t\t\t\t\t\t\t\t<div class=\"elementor-swiper\">\n\t\t\t\t\t<div class=\"elementor-slides-wrapper elementor-main-swiper swiper\" role=\"region\" aria-roledescription=\"carousel\" aria-label=\"Folien\" dir=\"ltr\" data-animation=\"fadeInUp\">\n\t\t\t\t<div class=\"swiper-wrapper elementor-slides\">\n\t\t\t\t\t\t\t\t\t\t<div class=\"elementor-repeater-item-224a4e1 swiper-slide\" role=\"group\" aria-roledescription=\"slide\"><div class=\"swiper-slide-bg\" role=\"img\"><\/div><div class=\"swiper-slide-inner\" ><div class=\"swiper-slide-contents\"><\/div><\/div><\/div><div class=\"elementor-repeater-item-8bda105 swiper-slide\" role=\"group\" aria-roledescription=\"slide\"><div class=\"swiper-slide-bg\" role=\"img\"><\/div><div class=\"swiper-slide-inner\" ><div class=\"swiper-slide-contents\"><\/div><\/div><\/div><div class=\"elementor-repeater-item-3022913 swiper-slide\" role=\"group\" aria-roledescription=\"slide\"><div class=\"swiper-slide-bg\" role=\"img\"><\/div><div class=\"swiper-slide-inner\" ><div class=\"swiper-slide-contents\"><\/div><\/div><\/div>\t\t\t\t<\/div>\n\t\t\t\t\t\t\t\t\t\t\t\t\t\t\t<div class=\"elementor-swiper-button elementor-swiper-button-prev\" role=\"button\" tabindex=\"0\" aria-label=\"Vorheriges Dia\">\n\t\t\t\t\t\t\t<svg aria-hidden=\"true\" class=\"e-font-icon-svg e-eicon-chevron-left\" viewbox=\"0 0 1000 1000\" xmlns=\"http:\/\/www.w3.org\/2000\/svg\"><path d=\"M646 125C629 125 613 133 604 142L308 442C296 454 292 471 292 487 292 504 296 521 308 533L604 854C617 867 629 875 646 875 663 875 679 871 692 858 704 846 713 829 713 812 713 796 708 779 692 767L438 487 692 225C700 217 708 204 708 187 708 171 704 154 692 142 675 129 663 125 646 125Z\"><\/path><\/svg>\t\t\t\t\t\t<\/div>\n\t\t\t\t\t\t<div class=\"elementor-swiper-button elementor-swiper-button-next\" role=\"button\" tabindex=\"0\" aria-label=\"N\u00e4chste Folie\">\n\t\t\t\t\t\t\t<svg aria-hidden=\"true\" class=\"e-font-icon-svg e-eicon-chevron-right\" viewbox=\"0 0 1000 1000\" xmlns=\"http:\/\/www.w3.org\/2000\/svg\"><path d=\"M696 533C708 521 713 504 713 487 713 471 708 454 696 446L400 146C388 133 375 125 354 125 338 125 325 129 313 142 300 154 292 171 292 187 292 204 296 221 308 233L563 492 304 771C292 783 288 800 288 817 288 833 296 850 308 863 321 871 338 875 354 875 371 875 388 867 400 854L696 533Z\"><\/path><\/svg>\t\t\t\t\t\t<\/div>\n\t\t\t\t\t\t\t\t\t\t\t\t\t\t\t\t<div class=\"swiper-pagination\"><\/div>\n\t\t\t\t\t\t\t\t\t\t\t\t<\/div>\n\t\t\t\t<\/div>\n\t\t\t\t\t\t\t\t<\/div>\n\t\t\t\t<\/div>\n\t\t\t\t\t<\/div>\n\t\t<\/div>\n\t\t\t\t<div class=\"elementor-column elementor-col-50 elementor-top-column elementor-element elementor-element-0523b8c\" data-id=\"0523b8c\" data-element_type=\"column\">\n\t\t\t<div class=\"elementor-widget-wrap elementor-element-populated\">\n\t\t\t\t\t\t<section class=\"elementor-section elementor-inner-section elementor-element elementor-element-5529297 elementor-section-boxed elementor-section-height-default elementor-section-height-default\" data-id=\"5529297\" data-element_type=\"section\">\n\t\t\t\t\t\t<div class=\"elementor-container elementor-column-gap-default\">\n\t\t\t\t\t<div class=\"elementor-column elementor-col-100 elementor-inner-column elementor-element elementor-element-f53cc43\" data-id=\"f53cc43\" data-element_type=\"column\">\n\t\t\t<div class=\"elementor-widget-wrap elementor-element-populated\">\n\t\t\t\t\t\t<div class=\"elementor-element elementor-element-c8b766d elementor-widget elementor-widget-heading\" data-id=\"c8b766d\" data-element_type=\"widget\" data-widget_type=\"heading.default\">\n\t\t\t\t<div class=\"elementor-widget-container\">\n\t\t\t\t\t<h2 class=\"elementor-heading-title elementor-size-default\">F\u00fcr Jugendgruppen<\/h2>\t\t\t\t<\/div>\n\t\t\t\t<\/div>\n\t\t\t\t<div class=\"elementor-element elementor-element-d8024dc elementor-widget-divider--view-line elementor-widget elementor-widget-divider\" data-id=\"d8024dc\" data-element_type=\"widget\" data-widget_type=\"divider.default\">\n\t\t\t\t<div class=\"elementor-widget-container\">\n\t\t\t\t\t\t\t<div class=\"elementor-divider\">\n\t\t\t<span class=\"elementor-divider-separator\">\n\t\t\t\t\t\t<\/span>\n\t\t<\/div>\n\t\t\t\t\t\t<\/div>\n\t\t\t\t<\/div>\n\t\t\t\t<div class=\"elementor-element elementor-element-94f0dd0 elementor-widget elementor-widget-text-editor\" data-id=\"94f0dd0\" data-element_type=\"widget\" data-widget_type=\"text-editor.default\">\n\t\t\t\t<div class=\"elementor-widget-container\">\n\t\t\t\t\t\t\t\t\t<p>F\u00fcr organisierte Gruppen sehen wir folgendes Verpflegungssystem vor:<\/p><p>&#8211;\u00a0<strong>Fr\u00fchst\u00fccksbuffet, bei dem<\/strong> besteht aus frischem Brot, Milchprodukten, Marmelade, M\u00fcsli, Aufschnitt, K\u00e4se, Aufstrichen oder Salaten sowie Kaffee, Tee, S\u00e4ften und Wasser. Es ist verboten, Sandwiches f\u00fcr die Piste oder f\u00fcr die Reise zu machen und Thermoskannen mit Tee oder Kaffee zu f\u00fcllen.<\/p><p>- Abendessen: Suppe, Hauptgericht, Salatbuffet, Dessert. Das Abendessen wird in einem Bemar (beheiztes Buffet) serviert - jeder Gast komponiert seine eigene Mahlzeit und stellt so viel hin, wie er m\u00f6chte.<\/p><p>- gegen einen Aufpreis bereiten wir \u00a0<strong>Lunch-Paket\u00a0<\/strong>zur Piste oder zur Abfahrt wie mit dem Kunden vereinbart.<\/p><p>Das G\u00e4stehaus bietet zus\u00e4tzliche Dienstleistungen f\u00fcr organisierte Gruppen, die in der Buchungsanfrage angegeben werden m\u00fcssen:<br \/>- Lagerfeuer mit W\u00fcrstchen, Snacks und regionaler Musik aus der App - nach Absprache, was im Service enthalten ist - 10 Euro\/Person ab 40 Personen<br \/>- Abendliche Fackelwanderung, Imbiss w\u00e4hrend der Wanderung + hei\u00dfe Schokolade\/Gl\u00fchwein - 8 Euro\/Person, ab 40 Personen<br \/>- Abend mit regionaler Musik (zwei lokale\u00a0<br \/>- Billardwettbewerb mit Preisen (z. B. regionales Souvenir, Buch) - f\u00fcr die Dauer des Wettbewerbs ist das Billard ge\u00f6ffnet, ca. 20 \u20ac\/Wettbewerb + optional Erfrischungen\/Warmwein<br \/>- Film- und Snackabende (Chips, Brotstangen, Limonade\/Warmwein) Preis verhandelbar<\/p>\t\t\t\t\t\t\t\t<\/div>\n\t\t\t\t<\/div>\n\t\t\t\t\t<\/div>\n\t\t<\/div>\n\t\t\t\t\t<\/div>\n\t\t<\/section>\n\t\t\t\t\t<\/div>\n\t\t<\/div>\n\t\t\t\t\t<\/div>\n\t\t<\/section>\n\t\t\t\t<\/div>","protected":false},"excerpt":{"rendered":"<p>Wy\u017cywienie Pensjonat funkcjonuje w systemie HP\/HB:\u015aNIADANIA I OBIADOKOLACJE\u00a0posi\u0142ki podawane s\u0105 formie dobrze zaopatrzonego bufetu \u015aniadania &#8211; 7:30 \u2013 9:30Obiadokolacje 18:00 \u2013 19:00 (zima) | 18:30 &#8211; 20:00 (lato) R\u00f3\u017cnicujemy menu\u00a0dla go\u015bci indywidualnych i grup m\u0142odzie\u017cowych Oferujemy na zam\u00f3wienie\/odp\u0142atnie\/\u00a0\u00a0SUCHY PROWIANT\u00a0na drog\u0119 czy stok \u00a0w sezonie zimowym przy go\u015bciach indywidualnych w specjalnych ofertach\u00a0 wyst\u0119puje\u00a0PODWIECZOREK\/kawa lub herbata oraz [&hellip;]<\/p>","protected":false},"author":1,"featured_media":0,"parent":0,"menu_order":0,"comment_status":"closed","ping_status":"closed","template":"","meta":{"inline_featured_image":false,"site-sidebar-layout":"no-sidebar","site-content-layout":"page-builder","ast-site-content-layout":"","site-content-style":"default","site-sidebar-style":"default","ast-global-header-display":"","ast-banner-title-visibility":"","ast-main-header-display":"","ast-hfb-above-header-display":"","ast-hfb-below-header-display":"","ast-hfb-mobile-header-display":"","site-post-title":"disabled","ast-breadcrumbs-content":"","ast-featured-img":"disabled","footer-sml-layout":"","theme-transparent-header-meta":"","adv-header-id-meta":"","stick-header-meta":"","header-above-stick-meta":"","header-main-stick-meta":"","header-below-stick-meta":"","astra-migrate-meta-layouts":"default","ast-page-background-enabled":"default","ast-page-background-meta":{"desktop":{"background-color":"var(--ast-global-color-4)","background-image":"","background-repeat":"repeat","background-position":"center center","background-size":"auto","background-attachment":"scroll","background-type":"","background-media":"","overlay-type":"","overlay-color":"","overlay-opacity":"","overlay-gradient":""},"tablet":{"background-color":"","background-image":"","background-repeat":"repeat","background-position":"center center","background-size":"auto","background-attachment":"scroll","background-type":"","background-media":"","overlay-type":"","overlay-color":"","overlay-opacity":"","overlay-gradient":""},"mobile":{"background-color":"","background-image":"","background-repeat":"repeat","background-position":"center center","background-size":"auto","background-attachment":"scroll","background-type":"","background-media":"","overlay-type":"","overlay-color":"","overlay-opacity":"","overlay-gradient":""}},"ast-content-background-meta":{"desktop":{"background-color":"var(--ast-global-color-5)","background-image":"","background-repeat":"repeat","background-position":"center center","background-size":"auto","background-attachment":"scroll","background-type":"","background-media":"","overlay-type":"","overlay-color":"","overlay-opacity":"","overlay-gradient":""},"tablet":{"background-color":"var(--ast-global-color-5)","background-image":"","background-repeat":"repeat","background-position":"center center","background-size":"auto","background-attachment":"scroll","background-type":"","background-media":"","overlay-type":"","overlay-color":"","overlay-opacity":"","overlay-gradient":""},"mobile":{"background-color":"var(--ast-global-color-5)","background-image":"","background-repeat":"repeat","background-position":"center center","background-size":"auto","background-attachment":"scroll","background-type":"","background-media":"","overlay-type":"","overlay-color":"","overlay-opacity":"","overlay-gradient":""}},"footnotes":""},"class_list":["post-502","page","type-page","status-publish","hentry"],"_links":{"self":[{"href":"https:\/\/imbachhorn.eu\/de\/wp-json\/wp\/v2\/pages\/502","targetHints":{"allow":["GET"]}}],"collection":[{"href":"https:\/\/imbachhorn.eu\/de\/wp-json\/wp\/v2\/pages"}],"about":[{"href":"https:\/\/imbachhorn.eu\/de\/wp-json\/wp\/v2\/types\/page"}],"author":[{"embeddable":true,"href":"https:\/\/imbachhorn.eu\/de\/wp-json\/wp\/v2\/users\/1"}],"replies":[{"embeddable":true,"href":"https:\/\/imbachhorn.eu\/de\/wp-json\/wp\/v2\/comments?post=502"}],"version-history":[{"count":0,"href":"https:\/\/imbachhorn.eu\/de\/wp-json\/wp\/v2\/pages\/502\/revisions"}],"wp:attachment":[{"href":"https:\/\/imbachhorn.eu\/de\/wp-json\/wp\/v2\/media?parent=502"}],"curies":[{"name":"wp","href":"https:\/\/api.w.org\/{rel}","templated":true}]}}