{"id":477,"date":"2022-03-15T10:29:29","date_gmt":"2022-03-15T09:29:29","guid":{"rendered":"http:\/\/imbachhorn2022.freelinelab.pl\/?page_id=477"},"modified":"2026-03-31T18:57:11","modified_gmt":"2026-03-31T16:57:11","slug":"preisliste","status":"publish","type":"page","link":"https:\/\/imbachhorn.eu\/de\/cennik\/","title":{"rendered":"Preisliste Sommer"},"content":{"rendered":"<div data-elementor-type=\"wp-page\" data-elementor-id=\"477\" class=\"elementor elementor-477\" data-elementor-post-type=\"page\">\n\t\t\t\t\t\t<section class=\"elementor-section elementor-top-section elementor-element elementor-element-28e92da elementor-section-full_width elementor-section-height-default elementor-section-height-default\" data-id=\"28e92da\" data-element_type=\"section\">\n\t\t\t\t\t\t<div class=\"elementor-container elementor-column-gap-no\">\n\t\t\t\t\t<div class=\"elementor-column elementor-col-100 elementor-top-column elementor-element elementor-element-1bd77d5\" data-id=\"1bd77d5\" data-element_type=\"column\">\n\t\t\t<div class=\"elementor-widget-wrap\">\n\t\t\t\t\t\t\t<\/div>\n\t\t<\/div>\n\t\t\t\t\t<\/div>\n\t\t<\/section>\n\t\t\t\t<section class=\"elementor-section elementor-top-section elementor-element elementor-element-43b8cc9 elementor-section-boxed elementor-section-height-default elementor-section-height-default\" data-id=\"43b8cc9\" data-element_type=\"section\">\n\t\t\t\t\t\t<div class=\"elementor-container elementor-column-gap-default\">\n\t\t\t\t\t<div class=\"elementor-column elementor-col-100 elementor-top-column elementor-element elementor-element-86d075f\" data-id=\"86d075f\" data-element_type=\"column\">\n\t\t\t<div class=\"elementor-widget-wrap elementor-element-populated\">\n\t\t\t\t\t\t<div class=\"elementor-element elementor-element-e5f6745 elementor-widget elementor-widget-heading\" data-id=\"e5f6745\" data-element_type=\"widget\" data-widget_type=\"heading.default\">\n\t\t\t\t<div class=\"elementor-widget-container\">\n\t\t\t\t\t<h2 class=\"elementor-heading-title elementor-size-default\">PREISLISTE F\u00dcR DIE SOMMERSaison 2026<\/h2>\t\t\t\t<\/div>\n\t\t\t\t<\/div>\n\t\t\t\t\t<\/div>\n\t\t<\/div>\n\t\t\t\t\t<\/div>\n\t\t<\/section>\n\t\t\t\t<section class=\"elementor-section elementor-top-section elementor-element elementor-element-a29fec7 elementor-section-boxed elementor-section-height-default elementor-section-height-default\" data-id=\"a29fec7\" data-element_type=\"section\">\n\t\t\t\t\t\t<div class=\"elementor-container elementor-column-gap-default\">\n\t\t\t\t\t<div class=\"elementor-column elementor-col-100 elementor-top-column elementor-element elementor-element-2a850ad\" data-id=\"2a850ad\" data-element_type=\"column\">\n\t\t\t<div class=\"elementor-widget-wrap elementor-element-populated\">\n\t\t\t\t\t\t<div class=\"elementor-element elementor-element-2e758e9 elementor-widget elementor-widget-text-editor\" data-id=\"2e758e9\" data-element_type=\"widget\" data-widget_type=\"text-editor.default\">\n\t\t\t\t<div class=\"elementor-widget-container\">\n\t\t\t\t\t\t\t\t\t<p><span style=\"color: #ff0000;\"><strong>\u00a0<\/strong><\/span><span style=\"color: #ff0000;\"><strong>Die angegebenen Preise gelten vom 30. Mai bis ca. 20. September 2026, der angegebene Preis ist pro Erwachsenem\/Nacht.<br \/><\/strong><\/span><\/p><p><strong><span style=\"color: #ff0000;\">ACHTUNG: Die Best\u00e4tigung der Reservierung ist:<br \/><\/span><\/strong><span style=\"color: #000000;\"><strong style=\"font-style: inherit;\">\u2013 bei 1 und 2 Tagen vor Ort Zahlung des gesamten Aufenthaltsbetrags.<br \/><\/strong><strong style=\"font-style: inherit;\">\u2013 ab 3 Tagen \u2013 Anzahlung von 35% des Aufenthaltspreises.<\/strong><\/span><\/p><p><span style=\"color: #000000;\"><strong style=\"font-style: inherit;\">Wir haben klar definierte Stornierungsgeb\u00fchren \u2013 bitte machen Sie sich damit vertraut<\/strong>.<\/span><br \/><span style=\"color: #ff0000;\"><a style=\"caret-color: rgba(0, 0, 0, 0); background-color: #ffffff; font-family: Oswald; color: #ff0000;\" href=\"https:\/\/imbachhorn.eu\/de\/stornierung-der-reservierung\/\" target=\"_blank\" rel=\"noopener\">Stornierungsbedingungen - https:\/\/imbachhorn.eu\/rezygnajca-z-rezerwacji\/<\/a><br \/><\/span><\/p><table width=\"708\"><tbody><tr><td width=\"330\"><p><span style=\"color: #ff0000;\"><strong>Sommersaison 2026<\/strong><\/span><\/p><p><span style=\"color: #ff0000;\"><strong>Vom 30. Mai bis etwa 20. September 2026<\/strong><\/span><\/p><\/td><td width=\"123\"><p><span style=\"color: #ff0000;\"><strong><br \/>\u00a0Preis f\u00fcr<br \/>\u00a01 Tag\/ Person erw. <\/strong>\u00a0<\/span><br \/><span style=\"color: #ff0000;\">\u00a0(bei Aufenthalten <\/span><br \/><span style=\"color: #ff0000;\">(f\u00fcr 1 oder 2 Tage)<\/span><\/p><\/td><td width=\"132\"><p><span style=\"color: #ff0000;\"><strong><br \/>Preis f\u00fcr <br \/>1 Tag\/Person Erwachsener<\/strong>\u00a0 <\/span><br \/><span style=\"color: #ff0000;\">(bei Aufenthalten <\/span><br \/><span style=\"color: #ff0000;\">3 oder 4 Tage)<\/span><\/p><\/td><td width=\"123\"><p><span style=\"color: #ff0000;\"><strong><br \/>Preis f\u00fcr <br \/>1 Tag\/Person Erwachsener <br \/><\/strong>\u00a0 (bei Aufenthalten <\/span><br \/><span style=\"color: #ff0000;\">ab 5 Tagen<\/span><\/p><\/td><\/tr><tr><td width=\"330\"><p>Klimaatbelasting per dag, vanaf 15 jaar<\/p><\/td><td width=\"123\"><p><strong>2 <\/strong><strong>\u20ac <br \/>(nur Bargeld)<\/strong><\/p><\/td><td width=\"132\"><p><strong>2 \u20ac<br \/><\/strong><strong>(nur Bargeld)<\/strong><\/p><\/td><td width=\"123\"><p><strong>2 \u20ac<br \/><\/strong><strong>(nur Bargeld)<\/strong><\/p><\/td><\/tr><tr><td width=\"330\"><p>Aufenthalt ohne Fr\u00fchst\u00fcck <strong>OHNE<\/strong><\/p><\/td><td width=\"123\"><p><strong>68 \u20ac *<\/strong><\/p><\/td><td width=\"132\"><p><strong>66 \u20ac*<\/strong><\/p><\/td><td width=\"123\"><p><strong>65 \u20ac*<\/strong><\/p><\/td><\/tr><tr><td width=\"330\"><p>\u00dcbernachtung mit Fr\u00fchst\u00fcck <strong>DE<\/strong> (Buffet + Getr\u00e4nke)<\/p><\/td><td width=\"123\"><p><strong>78 \u20ac*<\/strong><\/p><\/td><td width=\"132\"><p><strong>75 \u20ac*<\/strong><\/p><\/td><td width=\"123\"><p><strong>73 \u20ac*<\/strong><\/p><\/td><\/tr><tr><td width=\"330\"><p>Aufenthalt mit Fr\u00fchst\u00fcck (Buffet + Getr\u00e4nke) und Abendessen <strong>HP<\/strong> (Buffet) (im Rahmen einer Reservierung bestellt)<\/p><\/td><td width=\"123\"><p><strong>88 \u20ac*<\/strong><\/p><\/td><td width=\"132\"><p><strong>85 \u20ac*<\/strong><\/p><\/td><td width=\"123\"><p><strong>83 \u20ac*<\/strong><\/p><\/td><\/tr><tr><td width=\"330\"><p>Zuschlag f\u00fcr Einzelzimmer pro Nacht<\/p><\/td><td width=\"123\"><p><strong>+ 18 \u20ac<\/strong><\/p><\/td><td width=\"132\"><p><strong>+ 16 \u20ac<\/strong><\/p><\/td><td width=\"123\"><p><strong>+ 14 \u20ac<\/strong><\/p><\/td><\/tr><tr><td width=\"330\"><p>Zuschlag f\u00fcr ein Doppelzimmer als Einzelzimmer<\/p><\/td><td width=\"123\"><p><strong>+ 28 \u20ac<\/strong><\/p><\/td><td width=\"132\"><p><strong>+ 26 \u20ac<\/strong><\/p><\/td><td width=\"123\"><p><strong>+ 24 \u20ac<\/strong><\/p><\/td><\/tr><tr><td width=\"330\"><p>Zuschlag f\u00fcr LUX Zimmer: 35 \u20ac pro Tag<\/p><\/td><td width=\"123\"><p><strong>+ 35 \u20ac<\/strong><\/p><\/td><td width=\"132\"><p><strong>+ 35 \u20ac<\/strong><\/p><\/td><td width=\"123\"><p><strong>+ 35 \u20ac<\/strong><\/p><\/td><\/tr><tr><td width=\"330\"><p>Zuschlag f\u00fcr Studio-Zimmer 20 \u20ac pro Tag<\/p><\/td><td width=\"123\"><p><strong>+ 20 \u20ac<\/strong><\/p><\/td><td width=\"132\"><p><strong>+ 20 \u20ac<\/strong><\/p><\/td><td width=\"123\"><p><strong>+ 20 \u20ac<\/strong><\/p><\/td><\/tr><tr><td width=\"330\">\u00a0<\/td><td width=\"123\">\u00a0<\/td><td width=\"132\">\u00a0<\/td><td width=\"123\">\u00a0<\/td><\/tr><\/tbody><\/table><p><span style=\"color: #ff0000;\">\u00a0<span style=\"color: #000000;\">Bei Aufenthalten mit HP <strong>von 5 bis 7 Tagen<\/strong> \u2013 wir bieten einen Getr\u00e4nkegutschein f\u00fcr unsere Bar im Wert von \u2013 <strong><span style=\"color: #ff0000;\">20 \u20ac<\/span><\/strong> Erwachsene Person.<\/span><br \/><span style=\"color: #000000;\">\u00a0Bei Aufenthalten mit HP <strong>\u00fcber 7 Tage<\/strong> \u2013 wir bieten einen Getr\u00e4nkegutschein f\u00fcr unsere Bar im Wert von \u2013 <strong><span style=\"color: #ff0000;\">30 \u20ac<\/span><\/strong> Erwachsene Person.<\/span><br \/><\/span><\/p><table><tbody><tr><td width=\"232\"><p><strong>Zus\u00e4tzliche Dienstleistungen <\/strong><\/p><\/td><td width=\"232\"><p><strong>Erwachsene <\/strong><\/p><\/td><td width=\"232\"><p><strong>\u00a0Kinder<\/strong><\/p><\/td><\/tr><tr><td width=\"232\"><p>Fr\u00fchst\u00fcck (Buffet + Getr\u00e4nke) Vor Ort gekauft<\/p><\/td><td width=\"232\"><p><strong>14 \u20ac<\/strong><\/p><\/td><td width=\"232\"><p>Kindererm\u00e4\u00dfigungen <br \/>0 - 6 Jahre \u2013 5 \u20ac<br \/>7 - 12 Jahre \u2013 7 \u20ac*<br \/>13 \u2013 17 Jahre \u2013 11 \u20ac *<\/p><\/td><\/tr><tr><td width=\"232\"><p>Abendessen (Buffet) <br \/>vor Ort nachgekauft<br \/>(Bei Grillpartys und Abendessen auf der Terrasse gelten andere Preise)<\/p><\/td><td width=\"232\"><p><strong>22 \u20ac<\/strong><\/p><\/td><td width=\"232\"><p>Kindererm\u00e4\u00dfigungen <br \/>0 \u2013 6 Jahre \u2013 8 \u20ac<br \/>7 -12 Jahre \u2013 11 \u20ac*<br \/>13 \u2013 17 Jahre \u2013 17 \u20ac<\/p><\/td><\/tr><\/tbody><\/table><table><tbody><tr><td width=\"349\">\u00a0<\/td><td width=\"349\">\u00a0<\/td><\/tr><tr><td width=\"349\"><p>Parkplatz au\u00dferhalb der Aufenthaltszeit im Gasthaus f\u00fcr PKW (andere Fahrzeuge nach Absprache)<\/p><\/td><td width=\"349\"><p><strong>13 \u20ac pro Tag (nur Barzahlung)<\/strong><\/p><\/td><\/tr><tr><td width=\"349\"><p>Stellplatz au\u00dferhalb des Belegungszeitraums f\u00fcr Anh\u00e4nger oder kleine Tieflader.<br \/>(Weitere Anh\u00e4nger nach Vereinbarung)<\/p><\/td><td width=\"349\"><p><strong>7 \u20ac doba (nur Bargeld)<\/strong><\/p><\/td><\/tr><tr><td width=\"349\"><p>Tiergeb\u00fchr ohne Futter.<\/p><p>(nach Absprache von Rasse, Gr\u00f6\u00dfe und Geschlecht)<\/p><\/td><td width=\"349\"><p>15 \u20ac pro Tag (nur Barzahlung)<\/p><\/td><\/tr><\/tbody><\/table><p><span style=\"font-weight: bold; caret-color: rgba(0, 0, 0, 0);\">BEZAHLUNGEN im G\u00e4stehaus<\/span><br style=\"caret-color: rgba(0, 0, 0, 0);\" \/><span style=\"caret-color: rgba(0, 0, 0, 0);\">Wir akzeptieren Zahlungen in EURO - in bar, per \u00dcberweisung oder mit Kreditkarte.<\/span><b><\/b><\/p><p><b>Erm\u00e4\u00dfigungen f\u00fcr Kinder:<\/b><br \/>F\u00fcr Kinder gibt es altersabh\u00e4ngige Erm\u00e4\u00dfigungen, sofern sie in einem Zimmer mit ihren Eltern\/Erziehungsberechtigten schlafen.<br \/>Die Erm\u00e4\u00dfigungen f\u00fcr Kinder werden auf der Grundlage des Geburtsjahres und nicht des tats\u00e4chlichen Geburtsdatums berechnet!<\/p><table><tbody><tr><td width=\"201\"><span style=\"color: #ff0000;\"><strong>Festpreis 10 \u20ac \/ Tag<\/strong><\/span><\/td><td width=\"201\"><span style=\"color: #ff0000;\"><strong>50 %<\/strong><\/span><\/td><td width=\"201\"><span style=\"color: #ff0000;\"><strong>20 %<\/strong><\/span><\/td><\/tr><tr><td width=\"201\"><strong>2026 &#8211; <span style=\"color: #ff0000;\">0 - Jahre<\/span><\/strong><\/td><td width=\"201\"><strong>2019 &#8211; <span style=\"color: #ff0000;\">7 - Jahre<\/span><\/strong><\/td><td width=\"201\"><strong>2013 &#8211; <span style=\"color: #ff0000;\">13 - Jahre<\/span><\/strong><\/td><\/tr><tr><td width=\"201\"><strong>2025 &#8211;<span style=\"color: #ff0000;\">1 - Jahre<\/span><\/strong><\/td><td width=\"201\"><strong>2018 &#8211; <span style=\"color: #ff0000;\">8 - Jahre<\/span><\/strong><\/td><td width=\"201\"><strong>2012 &#8211; <span style=\"color: #ff0000;\">14 - Jahre<\/span><\/strong><\/td><\/tr><tr><td width=\"201\"><strong>2024 &#8211;<span style=\"color: #ff0000;\">2 - Jahre<\/span><\/strong><\/td><td width=\"201\"><strong>2017 &#8211; <span style=\"color: #ff0000;\">9 - Jahre<\/span><\/strong><\/td><td width=\"201\"><strong>2011 &#8211; <span style=\"color: #ff0000;\">15 - Jahre<\/span><\/strong><\/td><\/tr><tr><td width=\"201\"><strong>2023 &#8211; <span style=\"color: #ff0000;\">3 - Jahre<\/span><\/strong><\/td><td width=\"201\"><strong>2016 &#8211; <span style=\"color: #ff0000;\">10 - Jahre<\/span><\/strong><\/td><td width=\"201\"><strong>2010 &#8211; <span style=\"color: #ff0000;\">16 - Jahre<\/span><\/strong><\/td><\/tr><tr><td width=\"201\"><strong>2022 &#8211; <span style=\"color: #ff0000;\">4 - Jahre<\/span><\/strong><\/td><td width=\"201\"><strong>2015 \u2013 <span style=\"color: #ff0000;\">11 - Jahre<\/span><\/strong><\/td><td width=\"201\"><strong>2009 &#8211; <span style=\"color: #ff0000;\">17 - Jahre<\/span><\/strong><\/td><\/tr><tr><td width=\"201\"><strong>2021 \u2013 <span style=\"color: #ff0000;\">5 - Jahre<\/span><\/strong><\/td><td width=\"201\"><strong>2014 &#8211; <span style=\"color: #ff0000;\">12 - Jahre<\/span><\/strong><\/td><td width=\"201\">\u00a0<\/td><\/tr><tr><td width=\"201\"><strong>2020 &#8211; <span style=\"color: #ff0000;\">6 - Jahre<\/span><\/strong><\/td><td width=\"201\">\u00a0<\/td><td width=\"201\">\u00a0<\/td><\/tr><\/tbody><\/table><p><strong><span style=\"color: #ff0000;\">\u00a0<\/span><\/strong><strong>Einzelheiten entnehmen Sie bitte dem nachstehenden Angebotsanhang.<\/strong><\/p><table width=\"739\"><tbody><tr><td width=\"739\">INFORMIEREN<br \/>1\/ die folgende Beschreibung ist eine Darstellung der Bedingungen f\u00fcr Aufenthalt, Verpflegung und andere Attraktionen<br \/>Die Best\u00e4tigung der Reservierung erfolgt ausschlie\u00dflich durch Zahlung der Anzahlung \/ eine andere Form muss mit der Pension vereinbart werden.<br \/>3\/ Die Ankunft und die Anzahlung gelten f\u00fcr uns als Zustimmung zur Hausordnung und den Bedingungen des G\u00e4stehauses.<br \/>4\/ Die Verordnungen sind zu finden unter <a href=\"https:\/\/imbachhorn.eu\/de\/vorschriften\/\" target=\"_blank\" rel=\"noopener\">www.imbachhorn.eu<\/a><\/td><\/tr><tr><td width=\"739\">ACHTUNG \u2013 HOTELTAG<br \/>\u2013 beginnt NACH 16:00 Uhr, und erst nach 16:00 Uhr werden die Zimmer zur Verf\u00fcgung gestellt<br \/>(nicht vorher) das ist sehr wichtig f\u00fcr uns!!!<br \/>\u2013 endet um 10:00 Uhr und das Zimmer muss bis 10:00 Uhr ger\u00e4umt sein<\/td><\/tr><tr><td width=\"739\"><p>LOKALE BEDINGUNGEN<br \/>\u2013 Das Gasthaus besteht aus zwei Geb\u00e4uden, die 10 Meter voneinander entfernt, aber auf demselben Grundst\u00fcck liegen<br \/>\u2013 alle Zimmer verf\u00fcgen \u00fcber ein eigenes Bad und Smart-TV<br \/>- Kostenloses WiFi in allen Einrichtungen und Zimmern<\/p><table width=\"704\"><tbody><tr><td width=\"240\"><p>HAUPTGEB\u00c4UDE<\/p><p>- 10 Zimmer (2-Personen, 3-Personen, Familie + Studio)<br \/>- Speisesaal + Bar<br \/>- Billard<\/p><\/td><td width=\"232\"><p>PAVILON<\/p><p>- mit dem Hauptgeb\u00e4ude durch einen langen, ger\u00e4umigen Korridor verbunden<br \/>- 5 Familienzimmer f\u00fcr 3 Personen und 5 Personen.<\/p><\/td><td width=\"232\"><p>HAUS IMBACH<\/p><p>- 3 Familienzimmer (3-Bett, 4-Bett)<br \/>\u2013 zwei luxuri\u00f6se Familienzimmer\/ ca. 50 m2 jedes\/*** gegen Aufpreis<\/p><\/td><\/tr><\/tbody><\/table><\/td><\/tr><tr><td width=\"739\"><p>LOBBY<br \/>Gemeinschaftsraum f\u00fcr ca. 60 Personen, ausgestattet mit TV, Projektor und Audio-Soundsystem.<br \/>TERRASSE UND GARTEN<br \/>- Sonnenterrasse mit sch\u00f6nem Blick auf das Fuscher Tal<br \/>- der gesamte Hof in Blumen und Gr\u00fcnzeug<br \/>- Entspannungs- und Freizeitbereiche, \u00fcberdachter Pavillon mit rundem Tisch, komfortable Loggia + Liegest\u00fchle<br \/>- Teich mit Kaskade, Wasserfall und einem Platz zum F\u00fc\u00dfe einweichen<br \/>- Grill mit R\u00e4ucherkammer, Brotbackofen und Feuerstelle<\/p><\/td><\/tr><tr><td width=\"739\">F\u00dcR KINDER<br \/>- Niedrigseilgarten<br \/>- Spielplatz f\u00fcr j\u00fcngere Kinder, Schaukeln, Spielzeug, Fahrr\u00e4der<br \/>- Trampolin mit Sicherheitsnetz<br \/>- Pfostenhaus<br \/>- gro\u00dfer Sandkasten<br \/>- Rutsche<br \/>- Volleyball-\/Badmintonplatz<br \/>- Tischtennisplatte<br \/>- es gibt eine Katze und einen Hund auf dem Gel\u00e4nde - M\u00f6glichkeit zum Spielen mit den Tieren<\/td><\/tr><tr><td width=\"739\">\u00a0Parkm\u00f6glichkeiten haben wir:<br \/>- offene, unbewachte Parkpl\u00e4tze f\u00fcr Autos, Busse und Motorr\u00e4der - im Preis inbegriffen<br \/>- \u00fcberdachter, unbewachter Parkplatz f\u00fcr 12 Motorr\u00e4der ohne Reservierung - im Preis inbegriffen<br \/>- Motorradabdeckungen, Wagenheber, Schl\u00fcssel, usw. - Kaution<br \/>- M\u00f6glichkeit, das Fahrrad in einem verschlossenen Raum abzustellen<\/td><\/tr><tr><td width=\"739\">FAHRR\u00c4DER haben wir zur Miete:<br \/>\u2013 zwei E-MTB Fully: Damen und Herren, Preis auf Anfrage an der Rezeption<br \/>- Helme, Taschen, Decken + Trinkwasser - im Mietpreis enthalten<\/td><\/tr><tr><td width=\"739\">NORDIC WALKING<br \/>- Nordic-Walking-Strecken sind direkt neben dem G\u00e4stehaus vorhanden<br \/>- wir haben Karten mit Wanderwegen vor Ort<br \/>- Pf\u00e4hle<\/td><\/tr><tr><td width=\"739\">Nur wenige Gehminuten vom Gasthof entfernt befindet sich:<br \/>- Freibad mit Strandbereich + Planschbecken f\u00fcr Kinder<br \/>- ein gro\u00dfes Fu\u00dfballfeld und ein Beachvolleyballfeld<br \/>- zwei Tennispl\u00e4tze im Freien<br \/>- Spielpl\u00e4tze, Wasserfall<br \/>- abgetrennte, asphaltierte und sichere Wege f\u00fcr Fahrr\u00e4der und Inlineskates<\/td><\/tr><tr><td width=\"739\"><p>VERPFLEGUNG \u2013 Mahlzeiten im HP\/HB System (Fr\u00fchst\u00fcck und Abendessen)<br \/>\u2013 Fr\u00fchst\u00fccksbuffet von 7:30 \u2013 9:30 Uhr (enthalten sind: Wurstwaren, K\u00e4se, Milchprodukte, Aufstriche, Salate, M\u00fcsli, Marmeladen, eigene und lokale Produkte, Kaffee, Tee, S\u00e4fte)<br \/>\u2013 Abendessen: warmes Buffet von 18:30 bis 20:00 Uhr.<\/p><p>- Suppe<br \/>- zwei zweite Kurse zur Auswahl<br \/>- Buffet mit Salaten und Gem\u00fcse<br \/>- Nachspeise<\/p><p>Nach 20:00 Uhr wird das Abendessen in Absprache mit dem G\u00e4stehaus auf Tellern an den Tisch gebracht.<br \/>\u2013 Grillabend auf der Terrasse \u2013 einmal pro Woche, je nach Wetter! Anstelle des traditionellen Abendessens servieren wir einmal pro Woche, je nach Wetter, Spezialit\u00e4ten vom Grill auf unserer Terrasse. Diese umfassen:<\/p><p>- direkt gegrilltes Fleisch\/Hals, Rippchen, Gefl\u00fcgel, Spie\u00dfe, usw.\/.<br \/>- Gegrilltes Gem\u00fcse und Beilagen\/Backkartoffeln oder Chips oder Grie\u00df usw.<br \/>- Buffet mit Salaten und Gem\u00fcse<br \/>- Nachspeise<\/p><p>\u2013 Pizza auf der Terrasse \u2013 Einmal in der Woche \/je nach Wetter!\/ servieren wir anstelle des traditionellen Abendessens Pizza aus dem Steinofen. Diese sind:<\/p><p>- verschiedene Pizzasorten \/K\u00e4se, Thunfisch, Salami, Margarita, usw.\/.<br \/>- ged\u00fcnstetes Gem\u00fcse<br \/>- Nudeln in verschiedenen Variationen \/ Spaghetti oder Thunfisch oder mit Pesto usw.\/<br \/>- Buffet mit Salaten und Salaten<br \/>- Nachspeise\u00a0\u00a0\u00a0\u00a0\u00a0\u00a0<\/p><p>ALLE GETR\u00c4NKE ZUM ABENDESSEN (einschlie\u00dflich Tee und Kaffee) SIND BEZAHLT<\/p><p>ANNULLIERUNGSBEDINGUNGEN<\/p><p><a href=\"https:\/\/imbachhorn.eu\/de\/stornierung-der-reservierung\/\" target=\"_blank\" rel=\"noopener\"><span style=\"color: #3a3a3a;\">Stornierungsbedingungen - https:\/\/imbachhorn.eu\/rezygnajca-z-rezerwacji\/<\/span><\/a><\/p><p>ACHTUNG \u2013 F\u00fcr alle G\u00e4ste, die ihre Anwesenheit zusagen und eine Anzahlung leisten, haben wir vorbereitet: \u2013 einen originellen Reisef\u00fchrer in polnischer Sprache zu den lokalen SEHENSW\u00dcRDIGKEITEN der Umgebung f\u00fcr Erwachsene, Kinder \u2013 mit Angabe von Entfernungen, Attraktionen, ungef\u00e4hren Preisen, wichtigen Informationen sowie detaillierten Beschreibungen von Motorrad- und Fahrradrouten + Karten und Beschreibungen von Bergwanderungen.<\/p><p>Sobald Sie Ihre Anzahlung geleistet haben, senden Sie uns bitte eine E-Mail, wenn Sie den Leitfaden herunterladen m\u00f6chten. Wir werden Ihnen dann einen Link zum Herunterladen des Leitfadens von unserem Server\/Cloud zur Verf\u00fcgung stellen.<\/p><p>Auch w\u00e4hrend Ihres Aufenthaltes in der Pension Imbachhorn helfen wir Ihnen bei der Planung von Ausfl\u00fcgen, bei der Reservierung von geplanten Attraktionen und bei \u00dcbersetzungen.<\/p><\/td><\/tr><\/tbody><\/table>\t\t\t\t\t\t\t\t<\/div>\n\t\t\t\t<\/div>\n\t\t\t\t\t<\/div>\n\t\t<\/div>\n\t\t\t\t\t<\/div>\n\t\t<\/section>\n\t\t\t\t<section class=\"elementor-section elementor-top-section elementor-element elementor-element-a50a527 elementor-section-boxed elementor-section-height-default elementor-section-height-default\" data-id=\"a50a527\" data-element_type=\"section\">\n\t\t\t\t\t\t<div class=\"elementor-container elementor-column-gap-default\">\n\t\t\t\t\t<div class=\"elementor-column elementor-col-100 elementor-top-column elementor-element elementor-element-b7984dc\" data-id=\"b7984dc\" data-element_type=\"column\">\n\t\t\t<div class=\"elementor-widget-wrap\">\n\t\t\t\t\t\t\t<\/div>\n\t\t<\/div>\n\t\t\t\t\t<\/div>\n\t\t<\/section>\n\t\t\t\t<\/div>","protected":false},"excerpt":{"rendered":"<p>CENNIK NA SEZON LETNI 2026 \u00a0Podane ceny obowi\u0105zuj\u0105 od 30 maja do oko\u0142o 20 wrze\u015bnia 2026, podana cena jest za osob\u0119 doros\u0142\u0105\/dob\u0119. UWAGA: potwierdzeniem rezerwacji jest:&#8211; przy 1 i 2 dobach wplata ca\u0142ej kwoty pobytu.&#8211; od 3 d\u00f3b \u2013 wplata zaliczki w wysoko\u015bci 35% warto\u015bci pobytu. Mamy jasno ustalone kwoty rezygnacji z rezerwacji \u2013 prosz\u0119 [&hellip;]<\/p>","protected":false},"author":1,"featured_media":0,"parent":0,"menu_order":0,"comment_status":"closed","ping_status":"closed","template":"elementor_theme","meta":{"inline_featured_image":false,"site-sidebar-layout":"no-sidebar","site-content-layout":"page-builder","ast-site-content-layout":"","site-content-style":"default","site-sidebar-style":"default","ast-global-header-display":"","ast-banner-title-visibility":"","ast-main-header-display":"","ast-hfb-above-header-display":"","ast-hfb-below-header-display":"","ast-hfb-mobile-header-display":"","site-post-title":"disabled","ast-breadcrumbs-content":"","ast-featured-img":"disabled","footer-sml-layout":"","theme-transparent-header-meta":"","adv-header-id-meta":"","stick-header-meta":"","header-above-stick-meta":"","header-main-stick-meta":"","header-below-stick-meta":"","astra-migrate-meta-layouts":"default","ast-page-background-enabled":"default","ast-page-background-meta":{"desktop":{"background-color":"var(--ast-global-color-4)","background-image":"","background-repeat":"repeat","background-position":"center center","background-size":"auto","background-attachment":"scroll","background-type":"","background-media":"","overlay-type":"","overlay-color":"","overlay-opacity":"","overlay-gradient":""},"tablet":{"background-color":"","background-image":"","background-repeat":"repeat","background-position":"center center","background-size":"auto","background-attachment":"scroll","background-type":"","background-media":"","overlay-type":"","overlay-color":"","overlay-opacity":"","overlay-gradient":""},"mobile":{"background-color":"","background-image":"","background-repeat":"repeat","background-position":"center center","background-size":"auto","background-attachment":"scroll","background-type":"","background-media":"","overlay-type":"","overlay-color":"","overlay-opacity":"","overlay-gradient":""}},"ast-content-background-meta":{"desktop":{"background-color":"var(--ast-global-color-5)","background-image":"","background-repeat":"repeat","background-position":"center center","background-size":"auto","background-attachment":"scroll","background-type":"","background-media":"","overlay-type":"","overlay-color":"","overlay-opacity":"","overlay-gradient":""},"tablet":{"background-color":"var(--ast-global-color-5)","background-image":"","background-repeat":"repeat","background-position":"center center","background-size":"auto","background-attachment":"scroll","background-type":"","background-media":"","overlay-type":"","overlay-color":"","overlay-opacity":"","overlay-gradient":""},"mobile":{"background-color":"var(--ast-global-color-5)","background-image":"","background-repeat":"repeat","background-position":"center center","background-size":"auto","background-attachment":"scroll","background-type":"","background-media":"","overlay-type":"","overlay-color":"","overlay-opacity":"","overlay-gradient":""}},"footnotes":""},"class_list":["post-477","page","type-page","status-publish","hentry"],"_links":{"self":[{"href":"https:\/\/imbachhorn.eu\/de\/wp-json\/wp\/v2\/pages\/477","targetHints":{"allow":["GET"]}}],"collection":[{"href":"https:\/\/imbachhorn.eu\/de\/wp-json\/wp\/v2\/pages"}],"about":[{"href":"https:\/\/imbachhorn.eu\/de\/wp-json\/wp\/v2\/types\/page"}],"author":[{"embeddable":true,"href":"https:\/\/imbachhorn.eu\/de\/wp-json\/wp\/v2\/users\/1"}],"replies":[{"embeddable":true,"href":"https:\/\/imbachhorn.eu\/de\/wp-json\/wp\/v2\/comments?post=477"}],"version-history":[{"count":0,"href":"https:\/\/imbachhorn.eu\/de\/wp-json\/wp\/v2\/pages\/477\/revisions"}],"wp:attachment":[{"href":"https:\/\/imbachhorn.eu\/de\/wp-json\/wp\/v2\/media?parent=477"}],"curies":[{"name":"wp","href":"https:\/\/api.w.org\/{rel}","templated":true}]}}