{"id":2904,"date":"2022-10-13T18:26:52","date_gmt":"2022-10-13T16:26:52","guid":{"rendered":"https:\/\/imbachhorn.eu\/?page_id=2904"},"modified":"2023-09-18T22:05:49","modified_gmt":"2023-09-18T20:05:49","slug":"ski-alpin-karte","status":"publish","type":"page","link":"https:\/\/imbachhorn.eu\/de\/ski-alpin-card\/","title":{"rendered":"SKI Alpin Karte"},"content":{"rendered":"<div data-elementor-type=\"wp-page\" data-elementor-id=\"2904\" class=\"elementor elementor-2904\" data-elementor-post-type=\"page\">\n\t\t\t\t\t\t<section class=\"elementor-section elementor-top-section elementor-element elementor-element-8ecdfea elementor-section-boxed elementor-section-height-default elementor-section-height-default\" data-id=\"8ecdfea\" data-element_type=\"section\">\n\t\t\t\t\t\t<div class=\"elementor-container elementor-column-gap-default\">\n\t\t\t\t\t<div class=\"elementor-column elementor-col-100 elementor-top-column elementor-element elementor-element-0418769\" data-id=\"0418769\" data-element_type=\"column\">\n\t\t\t<div class=\"elementor-widget-wrap\">\n\t\t\t\t\t\t\t<\/div>\n\t\t<\/div>\n\t\t\t\t\t<\/div>\n\t\t<\/section>\n\t\t\t\t<section class=\"elementor-section elementor-top-section elementor-element elementor-element-a2afce0 elementor-section-boxed elementor-section-height-default elementor-section-height-default\" data-id=\"a2afce0\" data-element_type=\"section\">\n\t\t\t\t\t\t<div class=\"elementor-container elementor-column-gap-default\">\n\t\t\t\t\t<div class=\"elementor-column elementor-col-50 elementor-top-column elementor-element elementor-element-19bb939\" data-id=\"19bb939\" data-element_type=\"column\">\n\t\t\t<div class=\"elementor-widget-wrap elementor-element-populated\">\n\t\t\t\t\t\t<div class=\"elementor-element elementor-element-275d79d elementor-widget elementor-widget-heading\" data-id=\"275d79d\" data-element_type=\"widget\" data-widget_type=\"heading.default\">\n\t\t\t\t<div class=\"elementor-widget-container\">\n\t\t\t\t\t<h2 class=\"elementor-heading-title elementor-size-default\">Preisliste der SKI Alpin Card<\/h2>\t\t\t\t<\/div>\n\t\t\t\t<\/div>\n\t\t\t\t<div class=\"elementor-element elementor-element-04f1c38 elementor-widget elementor-widget-image\" data-id=\"04f1c38\" data-element_type=\"widget\" data-widget_type=\"image.default\">\n\t\t\t\t<div class=\"elementor-widget-container\">\n\t\t\t\t\t\t\t\t\t\t\t\t\t\t\t<img fetchpriority=\"high\" decoding=\"async\" width=\"1024\" height=\"624\" src=\"https:\/\/imbachhorn.eu\/wp-content\/uploads\/2022\/08\/Zrzut-ekranu-2022-08-17-o-14.55.01-1024x624.png\" class=\"attachment-large size-large wp-image-2451\" alt=\"\" srcset=\"https:\/\/imbachhorn.eu\/wp-content\/uploads\/2022\/08\/Zrzut-ekranu-2022-08-17-o-14.55.01-1024x624.png 1024w, https:\/\/imbachhorn.eu\/wp-content\/uploads\/2022\/08\/Zrzut-ekranu-2022-08-17-o-14.55.01-300x183.png 300w, https:\/\/imbachhorn.eu\/wp-content\/uploads\/2022\/08\/Zrzut-ekranu-2022-08-17-o-14.55.01-768x468.png 768w, https:\/\/imbachhorn.eu\/wp-content\/uploads\/2022\/08\/Zrzut-ekranu-2022-08-17-o-14.55.01-1536x936.png 1536w, https:\/\/imbachhorn.eu\/wp-content\/uploads\/2022\/08\/Zrzut-ekranu-2022-08-17-o-14.55.01.png 1540w\" sizes=\"(max-width: 1024px) 100vw, 1024px\" \/>\t\t\t\t\t\t\t\t\t\t\t\t\t\t\t<\/div>\n\t\t\t\t<\/div>\n\t\t\t\t\t<\/div>\n\t\t<\/div>\n\t\t\t\t<div class=\"elementor-column elementor-col-50 elementor-top-column elementor-element elementor-element-c0679af\" data-id=\"c0679af\" data-element_type=\"column\">\n\t\t\t<div class=\"elementor-widget-wrap elementor-element-populated\">\n\t\t\t\t\t\t<div class=\"elementor-element elementor-element-2ff8739 elementor-widget elementor-widget-spacer\" data-id=\"2ff8739\" data-element_type=\"widget\" data-widget_type=\"spacer.default\">\n\t\t\t\t<div class=\"elementor-widget-container\">\n\t\t\t\t\t\t\t<div class=\"elementor-spacer\">\n\t\t\t<div class=\"elementor-spacer-inner\"><\/div>\n\t\t<\/div>\n\t\t\t\t\t\t<\/div>\n\t\t\t\t<\/div>\n\t\t\t\t<div class=\"elementor-element elementor-element-1d65abd elementor-widget elementor-widget-heading\" data-id=\"1d65abd\" data-element_type=\"widget\" data-widget_type=\"heading.default\">\n\t\t\t\t<div class=\"elementor-widget-container\">\n\t\t\t\t\t<h4 class=\"elementor-heading-title elementor-size-default\">VOM 23.12.2023 BIS 07.04.2024<\/h4>\t\t\t\t<\/div>\n\t\t\t\t<\/div>\n\t\t\t\t<div class=\"elementor-element elementor-element-a206623 elementor-widget elementor-widget-text-editor\" data-id=\"a206623\" data-element_type=\"widget\" data-widget_type=\"text-editor.default\">\n\t\t\t\t<div class=\"elementor-widget-container\">\n\t\t\t\t\t\t\t\t\t<table cellspacing=\"0\" cellpadding=\"0\"><tbody><tr><td valign=\"top\"><p align=\"center\"><span style=\"color: #0b5ab2; font-family: Trebuchet MS; font-size: medium;\"><b>ANZAHL DER TAGE<\/b><\/span><\/p><p align=\"center\"><span style=\"color: #0b5ab2; font-family: Trebuchet MS; font-size: medium;\"><b>t\u00e4gliches Fahren<\/b><\/span><\/p><\/td><td valign=\"top\"><p align=\"center\"><span style=\"color: #0b5ab2; font-family: Trebuchet MS; font-size: medium;\"><b>PREIS PRO ERWACHSENER<\/b><\/span><\/p><\/td><td valign=\"top\"><p align=\"center\"><span style=\"color: #0b5ab2; font-family: Trebuchet MS; font-size: medium;\"><b>JUNGE<span class=\"Apple-converted-space\">\u00a0\u00a0<\/span><br \/>Geburtsjahr 2004 bis einschlie\u00dflich 2006 <br \/><\/b><\/span><span style=\"color: #000000; font-family: Trebuchet MS; font-size: medium;\">Ausweisdokument erforderlich<\/span><\/p><\/td><td valign=\"top\"><p align=\"center\"><span style=\"color: #0b5ab2; font-family: Trebuchet MS; font-size: medium;\"><b>KINDER <span class=\"Apple-converted-space\">\u00a0 <\/span><br \/>Geburtsjahr 2007 bis einschlie\u00dflich 2016<br \/><\/b><\/span><span style=\"color: #000000; font-family: Trebuchet MS; font-size: medium;\">Ausweisdokument erforderlich<\/span><\/p><\/td><\/tr><tr><td valign=\"top\"><p align=\"center\"><span style=\"color: #000000; font-family: Trebuchet MS; font-size: medium;\"><b>2 Fahrtage<\/b><\/span><\/p><\/td><td valign=\"top\"><p align=\"center\"><span style=\"color: #000000; font-family: Trebuchet MS; font-size: medium;\"><b>140 \u20ac<\/b><\/span><\/p><\/td><td valign=\"top\"><p align=\"center\"><span style=\"color: #000000; font-family: Trebuchet MS; font-size: medium;\"><b>105 \u20ac<\/b><\/span><\/p><\/td><td valign=\"top\"><p align=\"center\"><span style=\"color: #000000; font-family: Trebuchet MS; font-size: medium;\"><b>70 \u20ac<\/b><\/span><\/p><\/td><\/tr><tr><td valign=\"top\"><p align=\"center\"><span style=\"color: #000000; font-family: Trebuchet MS; font-size: medium;\"><b>3 Fahrtage<\/b><\/span><\/p><\/td><td valign=\"top\"><p align=\"center\"><span style=\"color: #000000; font-family: Trebuchet MS; font-size: medium;\"><b>210 \u20ac<\/b><\/span><\/p><\/td><td valign=\"top\"><p align=\"center\"><span style=\"color: #000000; font-family: Trebuchet MS; font-size: medium;\"><b>157,50 \u20ac<\/b><\/span><\/p><\/td><td valign=\"top\"><p align=\"center\"><span style=\"color: #000000; font-family: Trebuchet MS; font-size: medium;\"><b>105 \u20ac<\/b><\/span><\/p><\/td><\/tr><tr><td valign=\"top\"><p align=\"center\"><span style=\"color: #000000; font-family: Trebuchet MS; font-size: medium;\"><b>4 Fahrtage<\/b><\/span><\/p><\/td><td valign=\"top\"><p align=\"center\"><span style=\"color: #000000; font-family: Trebuchet MS; font-size: medium;\"><b>277 \u20ac<\/b><\/span><\/p><\/td><td valign=\"top\"><p align=\"center\"><span style=\"color: #000000; font-family: Trebuchet MS; font-size: medium;\"><b>207,50 \u20ac<\/b><\/span><\/p><\/td><td valign=\"top\"><p align=\"center\"><span style=\"color: #000000; font-family: Trebuchet MS; font-size: medium;\"><b>138,50 \u20ac<\/b><\/span><\/p><\/td><\/tr><tr><td valign=\"top\"><p align=\"center\"><span style=\"color: #000000; font-family: Trebuchet MS; font-size: medium;\"><b>5 Fahrtage<\/b><\/span><\/p><\/td><td valign=\"top\"><p align=\"center\"><span style=\"color: #000000; font-family: Trebuchet MS; font-size: medium;\"><b>331 \u20ac<\/b><\/span><\/p><\/td><td valign=\"top\"><p align=\"center\"><span style=\"color: #000000; font-family: Trebuchet MS; font-size: medium;\"><b>248 \u20ac<\/b><\/span><\/p><\/td><td valign=\"top\"><p align=\"center\"><span style=\"color: #000000; font-family: Trebuchet MS; font-size: medium;\"><b>165,50 \u20ac<\/b><\/span><\/p><\/td><\/tr><tr><td valign=\"top\"><p align=\"center\"><span style=\"color: #000000; font-family: Trebuchet MS; font-size: medium;\"><b>6 Fahrtage<\/b><\/span><\/p><\/td><td valign=\"top\"><p align=\"center\"><span style=\"color: #000000; font-family: Trebuchet MS; font-size: medium;\"><b>377 \u20ac<\/b><\/span><\/p><\/td><td valign=\"top\"><p align=\"center\"><span style=\"color: #000000; font-family: Trebuchet MS; font-size: medium;\"><b>282,50 \u20ac<\/b><\/span><\/p><\/td><td valign=\"top\"><p align=\"center\"><span style=\"color: #000000; font-family: Trebuchet MS; font-size: medium;\"><b>188,50 \u20ac<\/b><\/span><\/p><\/td><\/tr><\/tbody><\/table>\t\t\t\t\t\t\t\t<\/div>\n\t\t\t\t<\/div>\n\t\t\t\t<div class=\"elementor-element elementor-element-be06506 elementor-widget elementor-widget-text-editor\" data-id=\"be06506\" data-element_type=\"widget\" data-widget_type=\"text-editor.default\">\n\t\t\t\t<div class=\"elementor-widget-container\">\n\t\t\t\t\t\t\t\t\t<p class=\"p1\"><span class=\"s1\"><span style=\"color: #ff0000;\"><strong>Preisliste f\u00fcr P\u00e4sse f\u00fcr die Daten 30.11 - 22-12 2023 WINTERSTART unter dem unten stehenden Link.<\/strong><\/span><br \/>*Kinder des Jahrgangs 2018 und j\u00fcnger - die P\u00e4sse werden kostenlos gedruckt + 2 \u20ac Pfand<br \/>Quelle:\u00a0<a href=\"https:\/\/www.kitzsteinhorn.at\/de\/service\/tickets-preise\" target=\"_blank\" rel=\"noopener\">https:\/\/www.kitzsteinhorn.at\/de\/service\/tickets-preise<\/a><\/span><\/p>\t\t\t\t\t\t\t\t<\/div>\n\t\t\t\t<\/div>\n\t\t\t\t\t<\/div>\n\t\t<\/div>\n\t\t\t\t\t<\/div>\n\t\t<\/section>\n\t\t\t\t<section class=\"elementor-section elementor-top-section elementor-element elementor-element-22bd94b9 elementor-section-boxed elementor-section-height-default elementor-section-height-default\" data-id=\"22bd94b9\" data-element_type=\"section\">\n\t\t\t\t\t\t<div class=\"elementor-container elementor-column-gap-default\">\n\t\t\t\t\t<div class=\"elementor-column elementor-col-100 elementor-top-column elementor-element elementor-element-6b764965\" data-id=\"6b764965\" data-element_type=\"column\">\n\t\t\t<div class=\"elementor-widget-wrap elementor-element-populated\">\n\t\t\t\t\t\t<div class=\"elementor-element elementor-element-368d5db6 elementor-grid-3 elementor-grid-tablet-2 elementor-grid-mobile-1 elementor-posts--thumbnail-top elementor-card-shadow-yes elementor-posts__hover-gradient elementor-widget elementor-widget-posts\" data-id=\"368d5db6\" data-element_type=\"widget\" data-settings=\"{&quot;cards_columns&quot;:&quot;3&quot;,&quot;cards_columns_tablet&quot;:&quot;2&quot;,&quot;cards_columns_mobile&quot;:&quot;1&quot;,&quot;cards_row_gap&quot;:{&quot;unit&quot;:&quot;px&quot;,&quot;size&quot;:35,&quot;sizes&quot;:[]},&quot;cards_row_gap_tablet&quot;:{&quot;unit&quot;:&quot;px&quot;,&quot;size&quot;:&quot;&quot;,&quot;sizes&quot;:[]},&quot;cards_row_gap_mobile&quot;:{&quot;unit&quot;:&quot;px&quot;,&quot;size&quot;:&quot;&quot;,&quot;sizes&quot;:[]}}\" data-widget_type=\"posts.cards\">\n\t\t\t\t<div class=\"elementor-widget-container\">\n\t\t\t\t\t\t\t<div class=\"elementor-posts-container elementor-posts elementor-posts--skin-cards elementor-grid\">\n\t\t\t\t<article class=\"elementor-post elementor-grid-item post-2446 post type-post status-publish format-standard has-post-thumbnail hentry category-osrodki-narciarskie\">\n\t\t\t<div class=\"elementor-post__card\">\n\t\t\t\t<a class=\"elementor-post__thumbnail__link\" href=\"https:\/\/imbachhorn.eu\/de\/sallbach\/\" tabindex=\"-1\" ><div class=\"elementor-post__thumbnail\"><img decoding=\"async\" width=\"1540\" height=\"938\" src=\"https:\/\/imbachhorn.eu\/wp-content\/uploads\/2022\/08\/Zrzut-ekranu-2022-08-17-o-14.55.01.png\" class=\"attachment-full size-full wp-image-2451\" alt=\"\" srcset=\"https:\/\/imbachhorn.eu\/wp-content\/uploads\/2022\/08\/Zrzut-ekranu-2022-08-17-o-14.55.01.png 1540w, https:\/\/imbachhorn.eu\/wp-content\/uploads\/2022\/08\/Zrzut-ekranu-2022-08-17-o-14.55.01-300x183.png 300w, https:\/\/imbachhorn.eu\/wp-content\/uploads\/2022\/08\/Zrzut-ekranu-2022-08-17-o-14.55.01-1024x624.png 1024w, https:\/\/imbachhorn.eu\/wp-content\/uploads\/2022\/08\/Zrzut-ekranu-2022-08-17-o-14.55.01-768x468.png 768w, https:\/\/imbachhorn.eu\/wp-content\/uploads\/2022\/08\/Zrzut-ekranu-2022-08-17-o-14.55.01-1536x936.png 1536w\" sizes=\"(max-width: 1540px) 100vw, 1540px\" \/><\/div><\/a>\n\t\t\t\t<div class=\"elementor-post__badge\">Alpin Card Skigebiete<\/div>\n\t\t\t\t<div class=\"elementor-post__text\">\n\t\t\t\t<h3 class=\"elementor-post__title\">\n\t\t\t<a href=\"https:\/\/imbachhorn.eu\/de\/sallbach\/\" >\n\t\t\t\tSaalbach\t\t\t<\/a>\n\t\t<\/h3>\n\t\t\t\t<div class=\"elementor-post__excerpt\">\n\t\t\t<p>270 Pistenkilometer und 70 Lifte an der Grenze zwischen Salzburg und Tirol - der beste Ort f\u00fcr fortgeschrittene Skifahrer<\/p>\n\t\t<\/div>\n\t\t\t\t<\/div>\n\t\t\t\t\t<\/div>\n\t\t<\/article>\n\t\t\t\t<article class=\"elementor-post elementor-grid-item post-2372 post type-post status-publish format-standard has-post-thumbnail hentry category-osrodki-narciarskie\">\n\t\t\t<div class=\"elementor-post__card\">\n\t\t\t\t<a class=\"elementor-post__thumbnail__link\" href=\"https:\/\/imbachhorn.eu\/de\/schmitten\/\" tabindex=\"-1\" ><div class=\"elementor-post__thumbnail\"><img decoding=\"async\" width=\"800\" height=\"533\" src=\"https:\/\/imbachhorn.eu\/wp-content\/uploads\/2022\/08\/schmittenho\u0308he-sunrise-060-20220224-cJohannesRadlwimmer.jpg\" class=\"attachment-full size-full wp-image-2403\" alt=\"\" srcset=\"https:\/\/imbachhorn.eu\/wp-content\/uploads\/2022\/08\/schmittenho\u0308he-sunrise-060-20220224-cJohannesRadlwimmer.jpg 800w, https:\/\/imbachhorn.eu\/wp-content\/uploads\/2022\/08\/schmittenho\u0308he-sunrise-060-20220224-cJohannesRadlwimmer-300x200.jpg 300w, https:\/\/imbachhorn.eu\/wp-content\/uploads\/2022\/08\/schmittenho\u0308he-sunrise-060-20220224-cJohannesRadlwimmer-768x512.jpg 768w\" sizes=\"(max-width: 800px) 100vw, 800px\" \/><\/div><\/a>\n\t\t\t\t<div class=\"elementor-post__badge\">Alpin Card Skigebiete<\/div>\n\t\t\t\t<div class=\"elementor-post__text\">\n\t\t\t\t<h3 class=\"elementor-post__title\">\n\t\t\t<a href=\"https:\/\/imbachhorn.eu\/de\/schmitten\/\" >\n\t\t\t\tSchmitten\t\t\t<\/a>\n\t\t<\/h3>\n\t\t\t\t<div class=\"elementor-post__excerpt\">\n\t\t\t<p>Ein vergn\u00fcgliches Skierlebnis f\u00fcr Anf\u00e4nger und erfahrene Skifahrer gleicherma\u00dfen.<\/p>\n\t\t<\/div>\n\t\t\t\t<\/div>\n\t\t\t\t\t<\/div>\n\t\t<\/article>\n\t\t\t\t<article class=\"elementor-post elementor-grid-item post-2352 post type-post status-publish format-standard has-post-thumbnail hentry category-osrodki-narciarskie\">\n\t\t\t<div class=\"elementor-post__card\">\n\t\t\t\t<a class=\"elementor-post__thumbnail__link\" href=\"https:\/\/imbachhorn.eu\/de\/kitzsteinhorn\/\" tabindex=\"-1\" ><div class=\"elementor-post__thumbnail\"><img loading=\"lazy\" decoding=\"async\" width=\"1920\" height=\"1440\" src=\"https:\/\/imbachhorn.eu\/wp-content\/uploads\/2022\/05\/IMG_2575.jpg\" class=\"attachment-full size-full wp-image-1545\" alt=\"\" srcset=\"https:\/\/imbachhorn.eu\/wp-content\/uploads\/2022\/05\/IMG_2575.jpg 1920w, https:\/\/imbachhorn.eu\/wp-content\/uploads\/2022\/05\/IMG_2575-300x225.jpg 300w, https:\/\/imbachhorn.eu\/wp-content\/uploads\/2022\/05\/IMG_2575-1024x768.jpg 1024w, https:\/\/imbachhorn.eu\/wp-content\/uploads\/2022\/05\/IMG_2575-768x576.jpg 768w, https:\/\/imbachhorn.eu\/wp-content\/uploads\/2022\/05\/IMG_2575-1536x1152.jpg 1536w\" sizes=\"(max-width: 1920px) 100vw, 1920px\" \/><\/div><\/a>\n\t\t\t\t<div class=\"elementor-post__badge\">Alpin Card Skigebiete<\/div>\n\t\t\t\t<div class=\"elementor-post__text\">\n\t\t\t\t<h3 class=\"elementor-post__title\">\n\t\t\t<a href=\"https:\/\/imbachhorn.eu\/de\/kitzsteinhorn\/\" >\n\t\t\t\tKitzsteinhorn\t\t\t<\/a>\n\t\t<\/h3>\n\t\t\t\t<div class=\"elementor-post__excerpt\">\n\t\t\t<p>365 Tage Abenteuer im Schnee und in der Natur auf 3.000 Metern H\u00f6he.<\/p>\n\t\t<\/div>\n\t\t\t\t<\/div>\n\t\t\t\t\t<\/div>\n\t\t<\/article>\n\t\t\t\t<\/div>\n\t\t\n\t\t\t\t\t\t<\/div>\n\t\t\t\t<\/div>\n\t\t\t\t\t<\/div>\n\t\t<\/div>\n\t\t\t\t\t<\/div>\n\t\t<\/section>\n\t\t\t\t<\/div>","protected":false},"excerpt":{"rendered":"<p>Cennik SKI Alpin Card OD 23.12.2023 DO 07.04.2024 ILO\u015a\u0106 DNI jazda codzienna CENA DLA OSOBY DOROS\u0141EJ M\u0141ODZIE\u017b\u00a0\u00a0Rok ur. od 2004 do 2006 w\u0142\u0105cznie wymagany dokument to\u017csamo\u015bci DZIECI \u00a0 Rok ur. od 2007 do 2016 w\u0142\u0105czniewymagany dokument to\u017csamo\u015bci 2 dni jazdy 140 \u20ac 105 \u20ac 70 \u20ac 3 dni jazdy 210 \u20ac 157,50 \u20ac 105 \u20ac [&hellip;]<\/p>","protected":false},"author":2,"featured_media":0,"parent":0,"menu_order":0,"comment_status":"closed","ping_status":"closed","template":"","meta":{"inline_featured_image":false,"site-sidebar-layout":"no-sidebar","site-content-layout":"page-builder","ast-site-content-layout":"","site-content-style":"default","site-sidebar-style":"default","ast-global-header-display":"","ast-banner-title-visibility":"","ast-main-header-display":"","ast-hfb-above-header-display":"","ast-hfb-below-header-display":"","ast-hfb-mobile-header-display":"","site-post-title":"disabled","ast-breadcrumbs-content":"","ast-featured-img":"disabled","footer-sml-layout":"","theme-transparent-header-meta":"","adv-header-id-meta":"","stick-header-meta":"","header-above-stick-meta":"","header-main-stick-meta":"","header-below-stick-meta":"","astra-migrate-meta-layouts":"default","ast-page-background-enabled":"default","ast-page-background-meta":{"desktop":{"background-color":"var(--ast-global-color-4)","background-image":"","background-repeat":"repeat","background-position":"center center","background-size":"auto","background-attachment":"scroll","background-type":"","background-media":"","overlay-type":"","overlay-color":"","overlay-opacity":"","overlay-gradient":""},"tablet":{"background-color":"","background-image":"","background-repeat":"repeat","background-position":"center center","background-size":"auto","background-attachment":"scroll","background-type":"","background-media":"","overlay-type":"","overlay-color":"","overlay-opacity":"","overlay-gradient":""},"mobile":{"background-color":"","background-image":"","background-repeat":"repeat","background-position":"center center","background-size":"auto","background-attachment":"scroll","background-type":"","background-media":"","overlay-type":"","overlay-color":"","overlay-opacity":"","overlay-gradient":""}},"ast-content-background-meta":{"desktop":{"background-color":"var(--ast-global-color-5)","background-image":"","background-repeat":"repeat","background-position":"center center","background-size":"auto","background-attachment":"scroll","background-type":"","background-media":"","overlay-type":"","overlay-color":"","overlay-opacity":"","overlay-gradient":""},"tablet":{"background-color":"var(--ast-global-color-5)","background-image":"","background-repeat":"repeat","background-position":"center center","background-size":"auto","background-attachment":"scroll","background-type":"","background-media":"","overlay-type":"","overlay-color":"","overlay-opacity":"","overlay-gradient":""},"mobile":{"background-color":"var(--ast-global-color-5)","background-image":"","background-repeat":"repeat","background-position":"center center","background-size":"auto","background-attachment":"scroll","background-type":"","background-media":"","overlay-type":"","overlay-color":"","overlay-opacity":"","overlay-gradient":""}},"footnotes":""},"class_list":["post-2904","page","type-page","status-publish","hentry"],"_links":{"self":[{"href":"https:\/\/imbachhorn.eu\/de\/wp-json\/wp\/v2\/pages\/2904","targetHints":{"allow":["GET"]}}],"collection":[{"href":"https:\/\/imbachhorn.eu\/de\/wp-json\/wp\/v2\/pages"}],"about":[{"href":"https:\/\/imbachhorn.eu\/de\/wp-json\/wp\/v2\/types\/page"}],"author":[{"embeddable":true,"href":"https:\/\/imbachhorn.eu\/de\/wp-json\/wp\/v2\/users\/2"}],"replies":[{"embeddable":true,"href":"https:\/\/imbachhorn.eu\/de\/wp-json\/wp\/v2\/comments?post=2904"}],"version-history":[{"count":0,"href":"https:\/\/imbachhorn.eu\/de\/wp-json\/wp\/v2\/pages\/2904\/revisions"}],"wp:attachment":[{"href":"https:\/\/imbachhorn.eu\/de\/wp-json\/wp\/v2\/media?parent=2904"}],"curies":[{"name":"wp","href":"https:\/\/api.w.org\/{rel}","templated":true}]}}