{"id":2693,"date":"2022-09-20T11:58:16","date_gmt":"2022-09-20T09:58:16","guid":{"rendered":"https:\/\/imbachhorn.eu\/?page_id=2693"},"modified":"2023-11-21T07:42:22","modified_gmt":"2023-11-21T06:42:22","slug":"skiverleih","status":"publish","type":"page","link":"https:\/\/imbachhorn.eu\/de\/wypozyczalnia-nart\/","title":{"rendered":"Skiverleih"},"content":{"rendered":"<div data-elementor-type=\"wp-page\" data-elementor-id=\"2693\" class=\"elementor elementor-2693\" data-elementor-post-type=\"page\">\n\t\t\t\t\t\t<section class=\"elementor-section elementor-top-section elementor-element elementor-element-24518cbb elementor-section-boxed elementor-section-height-default elementor-section-height-default\" data-id=\"24518cbb\" data-element_type=\"section\">\n\t\t\t\t\t\t<div class=\"elementor-container elementor-column-gap-default\">\n\t\t\t\t\t<div class=\"elementor-column elementor-col-100 elementor-top-column elementor-element elementor-element-72ebd72\" data-id=\"72ebd72\" data-element_type=\"column\">\n\t\t\t<div class=\"elementor-widget-wrap elementor-element-populated\">\n\t\t\t\t\t\t<div class=\"elementor-element elementor-element-c4f7293 elementor-widget elementor-widget-text-editor\" data-id=\"c4f7293\" data-element_type=\"widget\" data-widget_type=\"text-editor.default\">\n\t\t\t\t<div class=\"elementor-widget-container\">\n\t\t\t\t\t\t\t\t\t<p><\/p>\n<div class=\"wp-block-spacer\" style=\"height: 100px;\" aria-hidden=\"true\">\u00a0<\/div>\n<p><\/p>\n<p><\/p>\n<div class=\"wp-block-media-text is-stacked-on-mobile\">\n<figure class=\"wp-block-media-text__media\"><img fetchpriority=\"high\" decoding=\"async\" width=\"1024\" height=\"771\" class=\"wp-image-2698 size-full\" src=\"https:\/\/imbachhorn.eu\/wp-content\/uploads\/2022\/09\/Zrzut-ekranu-2022-09-20-o-12.01.51-1024x771.png\" alt=\"\" srcset=\"https:\/\/imbachhorn.eu\/wp-content\/uploads\/2022\/09\/Zrzut-ekranu-2022-09-20-o-12.01.51-1024x771.png 1024w, https:\/\/imbachhorn.eu\/wp-content\/uploads\/2022\/09\/Zrzut-ekranu-2022-09-20-o-12.01.51-300x226.png 300w, https:\/\/imbachhorn.eu\/wp-content\/uploads\/2022\/09\/Zrzut-ekranu-2022-09-20-o-12.01.51-768x578.png 768w, https:\/\/imbachhorn.eu\/wp-content\/uploads\/2022\/09\/Zrzut-ekranu-2022-09-20-o-12.01.51.png 1280w\" sizes=\"(max-width: 1024px) 100vw, 1024px\" \/><\/figure>\n<div class=\"wp-block-media-text__content\">\n<p><\/p>\n<p>In der N\u00e4he des G\u00e4stehauses Imbachhorn finden Sie einen freundlichen Skiverleih mit einer gro\u00dfen Auswahl an Skiern, Snowboards und anderer Ausr\u00fcstung f\u00fcr Ihr K\u00f6nnen. Untenstehend finden Sie die aktuelle Preisliste des Verleihs und einen Anfahrtsplan (200 m vom G\u00e4stehaus entfernt).<br \/><br \/>Sie k\u00f6nnen im Verleih mit Karte und bar bezahlen.<br \/>Es besteht die M\u00f6glichkeit, eine Skiausr\u00fcstung zu buchen, was wir in der Hochsaison empfehlen.<br \/><br \/><strong>Arbeitszeiten<\/strong> <strong>Vermietungen<\/strong><br \/>Sonntag-Freitag: 8:00-12:00 Uhr und 16:00-18:30 Uhr<br \/>Samstag: 8:00-12:00 und 13:00-18:30<br \/><strong>Reservierung von Ausr\u00fcstung<\/strong>: <a href=\"mailto:franz@roemerhof-fusch.at\" target=\"_blank\" rel=\"noreferrer noopener\">franz@roemerhof-fusch.at<\/a><strong>\u00a0<\/strong>oder <a href=\"https:\/\/www.intersportrent.at\/skirent-fusch\/intersport-scherer_12625\">online<\/a><\/p>\n<p><\/p>\n<p><\/p>\n<p><\/p>\n<\/div>\n<\/div>\n<p><\/p>\n<p><\/p>\n<p><strong>7 Tage mieten - 6 Tage bezahlen<\/strong><br \/>Kinder unter 10 Jahren mietfrei*<br \/><strong>\"50%<\/strong> Erm\u00e4\u00dfigungen f\u00fcr Kinder bis zu 15 Jahren**<br \/><strong>\"20%<\/strong> Erm\u00e4\u00dfigungen f\u00fcr junge Leute unter 18 Jahren***<br \/>\"M\u00f6glichkeit des freien Austauschs innerhalb der gew\u00e4hlten Modellklasse<br \/>\"T\u00e4glich kostenloser Ski-\/Snowboardverleih<\/p>\n<p>*) Wenn beide Elternteile Skier oder Snowboards mieten, erhalten ihre Kinder unter 10 Jahren die gesamte Skiausr\u00fcstung (Skier, Skischuhe, St\u00f6cke und Helm) f\u00fcr den gleichen Zeitraum kostenlos.<br \/>**) G\u00fcltig nur f\u00fcr die Kategorie ECONOM und Helme<br \/>***) G\u00fcltig nur f\u00fcr die Kategorie PREMIUM und Helme<\/p>\n<h2 class=\"has-text-align-center wp-block-heading\">Fusch Skiverleih-Preisliste 2023\/2024<\/h2>\n<p><\/p>\n<p><\/p>\n<figure class=\"wp-block-table alignwide has-small-font-size\">\n<table class=\"has-ast-global-color-7-color has-text-color has-ast-global-color-4-border-color has-border-color\" style=\"border-style: solid; border-width: 1px;\">\n<thead>\n<tr>\n<th>Kategorie \/ Anzahl der Miettage<\/th>\n<th>1<\/th>\n<th>2<\/th>\n<th>3<\/th>\n<th>4<\/th>\n<th>5<\/th>\n<th>6-7<\/th>\n<\/tr>\n<\/thead>\n<tbody>\n<tr>\n<td><strong>Skier &amp; St\u00f6cke SUPERIOR<\/strong><\/td>\n<td>48<\/td>\n<td>83<\/td>\n<td>116<\/td>\n<td>146<\/td>\n<td>174<\/td>\n<td>199<\/td>\n<\/tr>\n<tr>\n<td><strong>PREMIUM Skier &amp; St\u00f6cke<\/strong><\/td>\n<td>40<\/td>\n<td>68<\/td>\n<td>95<\/td>\n<td>120<\/td>\n<td>143<\/td>\n<td>163<\/td>\n<\/tr>\n<tr>\n<td><strong>Skier &amp; St\u00f6cke ECONOMY<\/strong><\/td>\n<td>27<\/td>\n<td>48<\/td>\n<td>67<\/td>\n<td>84<\/td>\n<td>100<\/td>\n<td>110<\/td>\n<\/tr>\n<tr>\n<td><strong>Skiset SUPERIOR<\/strong><\/td>\n<td>59<\/td>\n<td>100<\/td>\n<td>140<\/td>\n<td>177<\/td>\n<td>208<\/td>\n<td>238<\/td>\n<\/tr>\n<tr>\n<td><strong>PREMIUM-Skiset<\/strong><\/td>\n<td>45<\/td>\n<td>77<\/td>\n<td>107<\/td>\n<td>136<\/td>\n<td>162<\/td>\n<td>185<\/td>\n<\/tr>\n<tr>\n<td><strong>ECONOMY Skiset<\/strong><\/td>\n<td>31<\/td>\n<td>55<\/td>\n<td>74<\/td>\n<td>94<\/td>\n<td>112<\/td>\n<td>128<\/td>\n<\/tr>\n<tr>\n<td><strong>Snowboard-Set ECONOMY<\/strong><\/td>\n<td>45<\/td>\n<td>77<\/td>\n<td>107<\/td>\n<td>136<\/td>\n<td>162<\/td>\n<td>185<\/td>\n<\/tr>\n<tr>\n<td><strong>Snowboard ECONOMY<\/strong><\/td>\n<td>40<\/td>\n<td>68<\/td>\n<td>95<\/td>\n<td>120<\/td>\n<td>143<\/td>\n<td>163<\/td>\n<\/tr>\n<tr>\n<td><strong>Ski- und Snowboardschuhe ECONOMY<\/strong><\/td>\n<td>19<\/td>\n<td>32<\/td>\n<td>44<\/td>\n<td>56<\/td>\n<td>64<\/td>\n<td>73<\/td>\n<\/tr>\n<tr>\n<td><strong>Helm<\/strong><\/td>\n<td>10<\/td>\n<td>17<\/td>\n<td>24<\/td>\n<td>31<\/td>\n<td>36<\/td>\n<td>40<\/td>\n<\/tr>\n<tr>\n<td><strong>Schlitten<\/strong><\/td>\n<td>5<\/td>\n<td>8<\/td>\n<td>12<\/td>\n<td>15<\/td>\n<td>18<\/td>\n<td>21<\/td>\n<\/tr>\n<\/tbody>\n<\/table>\n<figcaption><strong>Die Preise sind in Euro angegeben und beinhalten eine Versicherung gegen Materialsch\u00e4den und die Mehrwertsteuer.<\/strong><\/figcaption>\n<\/figure>\n<p><\/p>\t\t\t\t\t\t\t\t<\/div>\n\t\t\t\t<\/div>\n\t\t\t\t<div class=\"elementor-element elementor-element-51d8856 elementor-widget elementor-widget-spacer\" data-id=\"51d8856\" data-element_type=\"widget\" data-widget_type=\"spacer.default\">\n\t\t\t\t<div class=\"elementor-widget-container\">\n\t\t\t\t\t\t\t<div class=\"elementor-spacer\">\n\t\t\t<div class=\"elementor-spacer-inner\"><\/div>\n\t\t<\/div>\n\t\t\t\t\t\t<\/div>\n\t\t\t\t<\/div>\n\t\t\t\t\t<\/div>\n\t\t<\/div>\n\t\t\t\t\t<\/div>\n\t\t<\/section>\n\t\t\t\t<\/div>","protected":false},"excerpt":{"rendered":"<p>Wypo\u017cycz na 7 dni-zap\u0142a\u0107 za 6 dniDzieci do lat 10 wynajmuj\u0105 bezp\u0142atnie*\u00ab50% zni\u017cki dla dzieci do 15 lat**\u00ab20% zni\u017cki dla m\u0142odzie\u017cy do 18 lat***\u00abMo\u017cliwo\u015b\u0107 bezp\u0142atnej wymiany w ramach wybranej klasy modelu\u00abBezp\u0142atny, codzienny serwis sprz\u0119tu do wypo\u017cyczenia nart\/snowboardu *) Je\u015bli oboje rodzice wypo\u017cyczaj\u0105 narty lub deski snowboardowe, ich dzieci do lat 10 otrzymuj\u0105 ca\u0142y sprz\u0119t narciarski [&hellip;]<\/p>","protected":false},"author":2,"featured_media":0,"parent":0,"menu_order":0,"comment_status":"closed","ping_status":"closed","template":"","meta":{"inline_featured_image":false,"site-sidebar-layout":"no-sidebar","site-content-layout":"page-builder","ast-site-content-layout":"","site-content-style":"default","site-sidebar-style":"default","ast-global-header-display":"","ast-banner-title-visibility":"","ast-main-header-display":"","ast-hfb-above-header-display":"","ast-hfb-below-header-display":"","ast-hfb-mobile-header-display":"","site-post-title":"disabled","ast-breadcrumbs-content":"","ast-featured-img":"disabled","footer-sml-layout":"","theme-transparent-header-meta":"","adv-header-id-meta":"","stick-header-meta":"","header-above-stick-meta":"","header-main-stick-meta":"","header-below-stick-meta":"","astra-migrate-meta-layouts":"default","ast-page-background-enabled":"default","ast-page-background-meta":{"desktop":{"background-color":"var(--ast-global-color-4)","background-image":"","background-repeat":"repeat","background-position":"center center","background-size":"auto","background-attachment":"scroll","background-type":"","background-media":"","overlay-type":"","overlay-color":"","overlay-opacity":"","overlay-gradient":""},"tablet":{"background-color":"","background-image":"","background-repeat":"repeat","background-position":"center center","background-size":"auto","background-attachment":"scroll","background-type":"","background-media":"","overlay-type":"","overlay-color":"","overlay-opacity":"","overlay-gradient":""},"mobile":{"background-color":"","background-image":"","background-repeat":"repeat","background-position":"center center","background-size":"auto","background-attachment":"scroll","background-type":"","background-media":"","overlay-type":"","overlay-color":"","overlay-opacity":"","overlay-gradient":""}},"ast-content-background-meta":{"desktop":{"background-color":"var(--ast-global-color-5)","background-image":"","background-repeat":"repeat","background-position":"center center","background-size":"auto","background-attachment":"scroll","background-type":"","background-media":"","overlay-type":"","overlay-color":"","overlay-opacity":"","overlay-gradient":""},"tablet":{"background-color":"var(--ast-global-color-5)","background-image":"","background-repeat":"repeat","background-position":"center center","background-size":"auto","background-attachment":"scroll","background-type":"","background-media":"","overlay-type":"","overlay-color":"","overlay-opacity":"","overlay-gradient":""},"mobile":{"background-color":"var(--ast-global-color-5)","background-image":"","background-repeat":"repeat","background-position":"center center","background-size":"auto","background-attachment":"scroll","background-type":"","background-media":"","overlay-type":"","overlay-color":"","overlay-opacity":"","overlay-gradient":""}},"footnotes":""},"class_list":["post-2693","page","type-page","status-publish","hentry"],"_links":{"self":[{"href":"https:\/\/imbachhorn.eu\/de\/wp-json\/wp\/v2\/pages\/2693","targetHints":{"allow":["GET"]}}],"collection":[{"href":"https:\/\/imbachhorn.eu\/de\/wp-json\/wp\/v2\/pages"}],"about":[{"href":"https:\/\/imbachhorn.eu\/de\/wp-json\/wp\/v2\/types\/page"}],"author":[{"embeddable":true,"href":"https:\/\/imbachhorn.eu\/de\/wp-json\/wp\/v2\/users\/2"}],"replies":[{"embeddable":true,"href":"https:\/\/imbachhorn.eu\/de\/wp-json\/wp\/v2\/comments?post=2693"}],"version-history":[{"count":0,"href":"https:\/\/imbachhorn.eu\/de\/wp-json\/wp\/v2\/pages\/2693\/revisions"}],"wp:attachment":[{"href":"https:\/\/imbachhorn.eu\/de\/wp-json\/wp\/v2\/media?parent=2693"}],"curies":[{"name":"wp","href":"https:\/\/api.w.org\/{rel}","templated":true}]}}