{"id":1925,"date":"2022-06-29T08:18:06","date_gmt":"2022-06-29T06:18:06","guid":{"rendered":"https:\/\/imbachhorn.eu\/?page_id=1925"},"modified":"2022-06-29T08:49:02","modified_gmt":"2022-06-29T06:49:02","slug":"restaurant-bar-2","status":"publish","type":"page","link":"https:\/\/imbachhorn.eu\/de\/restauracja-bar-2\/","title":{"rendered":"Restaurant | BAR"},"content":{"rendered":"<div data-elementor-type=\"wp-page\" data-elementor-id=\"1925\" class=\"elementor elementor-1925\" data-elementor-post-type=\"page\">\n\t\t\t\t\t\t<section class=\"elementor-section elementor-top-section elementor-element elementor-element-9a3b2bc elementor-section-boxed elementor-section-height-default elementor-section-height-default\" data-id=\"9a3b2bc\" data-element_type=\"section\">\n\t\t\t\t\t\t<div class=\"elementor-container elementor-column-gap-default\">\n\t\t\t\t\t<div class=\"elementor-column elementor-col-100 elementor-top-column elementor-element elementor-element-25f191e\" data-id=\"25f191e\" data-element_type=\"column\">\n\t\t\t<div class=\"elementor-widget-wrap elementor-element-populated\">\n\t\t\t\t\t\t<div class=\"elementor-element elementor-element-1252d88 elementor-widget elementor-widget-spacer\" data-id=\"1252d88\" data-element_type=\"widget\" data-widget_type=\"spacer.default\">\n\t\t\t\t<div class=\"elementor-widget-container\">\n\t\t\t\t\t\t\t<div class=\"elementor-spacer\">\n\t\t\t<div class=\"elementor-spacer-inner\"><\/div>\n\t\t<\/div>\n\t\t\t\t\t\t<\/div>\n\t\t\t\t<\/div>\n\t\t\t\t\t<\/div>\n\t\t<\/div>\n\t\t\t\t\t<\/div>\n\t\t<\/section>\n\t\t\t\t<section class=\"elementor-section elementor-top-section elementor-element elementor-element-6789271 elementor-section-boxed elementor-section-height-default elementor-section-height-default\" data-id=\"6789271\" data-element_type=\"section\">\n\t\t\t\t\t\t<div class=\"elementor-container elementor-column-gap-default\">\n\t\t\t\t\t<div class=\"elementor-column elementor-col-100 elementor-top-column elementor-element elementor-element-94b8354\" data-id=\"94b8354\" data-element_type=\"column\">\n\t\t\t<div class=\"elementor-widget-wrap elementor-element-populated\">\n\t\t\t\t\t\t<div class=\"elementor-element elementor-element-7ec4201 elementor-widget elementor-widget-heading\" data-id=\"7ec4201\" data-element_type=\"widget\" data-widget_type=\"heading.default\">\n\t\t\t\t<div class=\"elementor-widget-container\">\n\t\t\t\t\t<h2 class=\"elementor-heading-title elementor-size-default\">Getr\u00e4nkekarte<\/h2>\t\t\t\t<\/div>\n\t\t\t\t<\/div>\n\t\t\t\t\t<\/div>\n\t\t<\/div>\n\t\t\t\t\t<\/div>\n\t\t<\/section>\n\t\t\t\t<section class=\"elementor-section elementor-top-section elementor-element elementor-element-3fd6837 elementor-section-boxed elementor-section-height-default elementor-section-height-default\" data-id=\"3fd6837\" data-element_type=\"section\">\n\t\t\t\t\t\t<div class=\"elementor-container elementor-column-gap-default\">\n\t\t\t\t\t<div class=\"elementor-column elementor-col-100 elementor-top-column elementor-element elementor-element-8caef94\" data-id=\"8caef94\" data-element_type=\"column\">\n\t\t\t<div class=\"elementor-widget-wrap elementor-element-populated\">\n\t\t\t\t\t\t<div class=\"elementor-element elementor-element-d2af128 elementor-tabs-view-vertical elementor-widget elementor-widget-tabs\" data-id=\"d2af128\" data-element_type=\"widget\" data-widget_type=\"tabs.default\">\n\t\t\t\t<div class=\"elementor-widget-container\">\n\t\t\t\t\t\t\t<div class=\"elementor-tabs\">\n\t\t\t<div class=\"elementor-tabs-wrapper\" role=\"tablist\" >\n\t\t\t\t\t\t\t\t\t<div id=\"elementor-tab-title-2201\" class=\"elementor-tab-title elementor-tab-desktop-title\" aria-selected=\"true\" data-tab=\"1\" role=\"tab\" tabindex=\"0\" aria-controls=\"elementor-tab-content-2201\" aria-expanded=\"false\">Hei\u00dfe Getr\u00e4nke<\/div>\n\t\t\t\t\t\t\t\t\t<div id=\"elementor-tab-title-2202\" class=\"elementor-tab-title elementor-tab-desktop-title\" aria-selected=\"false\" data-tab=\"2\" role=\"tab\" tabindex=\"-1\" aria-controls=\"elementor-tab-content-2202\" aria-expanded=\"false\">Alkoholfreie Getr\u00e4nke<\/div>\n\t\t\t\t\t\t\t\t\t<div id=\"elementor-tab-title-2203\" class=\"elementor-tab-title elementor-tab-desktop-title\" aria-selected=\"false\" data-tab=\"3\" role=\"tab\" tabindex=\"-1\" aria-controls=\"elementor-tab-content-2203\" aria-expanded=\"false\">Cocktails<\/div>\n\t\t\t\t\t\t\t\t\t<div id=\"elementor-tab-title-2204\" class=\"elementor-tab-title elementor-tab-desktop-title\" aria-selected=\"false\" data-tab=\"4\" role=\"tab\" tabindex=\"-1\" aria-controls=\"elementor-tab-content-2204\" aria-expanded=\"false\">Getr\u00e4nke<\/div>\n\t\t\t\t\t\t\t\t\t<div id=\"elementor-tab-title-2205\" class=\"elementor-tab-title elementor-tab-desktop-title\" aria-selected=\"false\" data-tab=\"5\" role=\"tab\" tabindex=\"-1\" aria-controls=\"elementor-tab-content-2205\" aria-expanded=\"false\">Rumy<\/div>\n\t\t\t\t\t\t\t\t\t<div id=\"elementor-tab-title-2206\" class=\"elementor-tab-title elementor-tab-desktop-title\" aria-selected=\"false\" data-tab=\"6\" role=\"tab\" tabindex=\"-1\" aria-controls=\"elementor-tab-content-2206\" aria-expanded=\"false\">Koniak<\/div>\n\t\t\t\t\t\t\t\t\t<div id=\"elementor-tab-title-2207\" class=\"elementor-tab-title elementor-tab-desktop-title\" aria-selected=\"false\" data-tab=\"7\" role=\"tab\" tabindex=\"-1\" aria-controls=\"elementor-tab-content-2207\" aria-expanded=\"false\">Alkohole<\/div>\n\t\t\t\t\t\t\t\t\t<div id=\"elementor-tab-title-2208\" class=\"elementor-tab-title elementor-tab-desktop-title\" aria-selected=\"false\" data-tab=\"8\" role=\"tab\" tabindex=\"-1\" aria-controls=\"elementor-tab-content-2208\" aria-expanded=\"false\">Whiskey<\/div>\n\t\t\t\t\t\t\t\t\t<div id=\"elementor-tab-title-2209\" class=\"elementor-tab-title elementor-tab-desktop-title\" aria-selected=\"false\" data-tab=\"9\" role=\"tab\" tabindex=\"-1\" aria-controls=\"elementor-tab-content-2209\" aria-expanded=\"false\">Bimberki | Schnaps<\/div>\n\t\t\t\t\t\t\t\t\t<div id=\"elementor-tab-title-22010\" class=\"elementor-tab-title elementor-tab-desktop-title\" aria-selected=\"false\" data-tab=\"10\" role=\"tab\" tabindex=\"-1\" aria-controls=\"elementor-tab-content-22010\" aria-expanded=\"false\">Wei\u00dfwein<\/div>\n\t\t\t\t\t\t\t\t\t<div id=\"elementor-tab-title-22011\" class=\"elementor-tab-title elementor-tab-desktop-title\" aria-selected=\"false\" data-tab=\"11\" role=\"tab\" tabindex=\"-1\" aria-controls=\"elementor-tab-content-22011\" aria-expanded=\"false\">Rotwein<\/div>\n\t\t\t\t\t\t\t\t\t<div id=\"elementor-tab-title-22012\" class=\"elementor-tab-title elementor-tab-desktop-title\" aria-selected=\"false\" data-tab=\"12\" role=\"tab\" tabindex=\"-1\" aria-controls=\"elementor-tab-content-22012\" aria-expanded=\"false\">Bier<\/div>\n\t\t\t\t\t\t\t<\/div>\n\t\t\t<div class=\"elementor-tabs-content-wrapper\" role=\"tablist\" aria-orientation=\"vertical\">\n\t\t\t\t\t\t\t\t\t<div class=\"elementor-tab-title elementor-tab-mobile-title\" aria-selected=\"true\" data-tab=\"1\" role=\"tab\" tabindex=\"0\" aria-controls=\"elementor-tab-content-2201\" aria-expanded=\"false\">Hei\u00dfe Getr\u00e4nke<\/div>\n\t\t\t\t\t<div id=\"elementor-tab-content-2201\" class=\"elementor-tab-content elementor-clearfix\" data-tab=\"1\" role=\"tabpanel\" aria-labelledby=\"elementor-tab-title-2201\" tabindex=\"0\" hidden=\"false\"><ul><li>Kaffee aus dem Automaten 3,00\u20ac<\/li><li>Espresso oder Espresso Latte 2,40\u20ac<\/li><li>Doppeltes Espresso 3,50\u20ac<\/li><li>Cappuccino 3,30\u20ac<\/li><li>Latte Machiatto 3,50\u20ac<\/li><li>Kaffee mit Lik\u00f6r \u2013 verschiedene Sorten 6,00\u20ac<\/li><li>Tee \u2013 verschiedene Sorten 2,60\u20ac<\/li><li>Goralenspezialtee + 2cl STROH 80 Rum% 4,80\u20ac<\/li><li>J\u00e4gertee + 4 cl J\u00e4gertee 4,80\u20ac<\/li><li>Hei\u00dfe Schokolade - verschiedene Sorten 3,00\u20ac<\/li><li>Gl\u00fchwein 0,2 l 4,00\u20ac<\/li><\/ul><\/div>\n\t\t\t\t\t\t\t\t\t<div class=\"elementor-tab-title elementor-tab-mobile-title\" aria-selected=\"false\" data-tab=\"2\" role=\"tab\" tabindex=\"-1\" aria-controls=\"elementor-tab-content-2202\" aria-expanded=\"false\">Alkoholfreie Getr\u00e4nke<\/div>\n\t\t\t\t\t<div id=\"elementor-tab-content-2202\" class=\"elementor-tab-content elementor-clearfix\" data-tab=\"2\" role=\"tabpanel\" aria-labelledby=\"elementor-tab-title-2202\" tabindex=\"0\" hidden=\"hidden\"><ul><li>0,25 l Coca-Cola, Fanta, Sprite, Spezi\u00a0 3,00\u20ac<\/li><li>0,25 l Orangensaft, Apfelsaft, Eistee 3,00\u20ac<\/li><li>0,25 l Apfel- oder Orangensaft mit Sodawasser 2,00 \u20ac<\/li><li>0,25 l schwarzer Johannisbeer- oder Mangosaft 3,20\u20ac<\/li><li>0,25 l Schwarze Johannisbeere oder Mango-Saft mit Sodawasser 2,20\u20ac<\/li><li>0,33 l Coca-Cola Light \/ Zero 3,10\u20ac<\/li><li>0,20 l Tonic Water, Tonic Bitter Lemon 3,00\u20ac<\/li><li>0,33 l Mineralwasser mit oder ohne Kohlens\u00e4ure 2,60\u20ac<\/li><li>0,33 l Mineralwasser mit Zitrone 2,80\u20ac<\/li><li>0,35 l Almdudler \u2013 Alpenkr\u00e4uterlimonade 3,30\u20ac\u00a0<\/li><li>0,50 l Jugendgetr\u00e4nk \u2013 Wasser mit Sirup 2,50\u20ac\u00a0<\/li><li>0,25 l Red Bull 3,00\u20ac<\/li><\/ul><\/div>\n\t\t\t\t\t\t\t\t\t<div class=\"elementor-tab-title elementor-tab-mobile-title\" aria-selected=\"false\" data-tab=\"3\" role=\"tab\" tabindex=\"-1\" aria-controls=\"elementor-tab-content-2203\" aria-expanded=\"false\">Cocktails<\/div>\n\t\t\t\t\t<div id=\"elementor-tab-content-2203\" class=\"elementor-tab-content elementor-clearfix\" data-tab=\"3\" role=\"tabpanel\" aria-labelledby=\"elementor-tab-title-2203\" tabindex=\"0\" hidden=\"hidden\"><ul><li>Hugo (Flieder) 5,50\u20ac\u00a0<\/li><li>Aperol + Prosecco + Soda 5,50\u20ac\u00a0<\/li><li>Campari + Prosecco + Sodawasser 5,50\u20ac\u00a0<\/li><li>Campari + Orangensaft 4,50\u20ac\u00a0<\/li><li>Campari + Soda 3,50\u20ac\u00a0<\/li><li>Pina Colada 11,00\u20ac\u00a0<\/li><li>Manhattan 7,00\u20ac\u00a0<\/li><li>Mojito 8,50\u20ac\u00a0<\/li><li>Cuba Libre 8,00\u20ac\u00a0<\/li><li>Martini Vesper 11,00\u20ac\u00a0<\/li><li>Tequila Sunrise 8,50\u20ac\u00a0<\/li><li>Margarita 8,00\u20ac\u00a0<\/li><li>Amerikaner 8,00\u20ac\u00a0<\/li><li>J\u00e4germeister + Orangensaft 7,00\u20ac\u00a0<\/li><\/ul><\/div>\n\t\t\t\t\t\t\t\t\t<div class=\"elementor-tab-title elementor-tab-mobile-title\" aria-selected=\"false\" data-tab=\"4\" role=\"tab\" tabindex=\"-1\" aria-controls=\"elementor-tab-content-2204\" aria-expanded=\"false\">Getr\u00e4nke<\/div>\n\t\t\t\t\t<div id=\"elementor-tab-content-2204\" class=\"elementor-tab-content elementor-clearfix\" data-tab=\"4\" role=\"tabpanel\" aria-labelledby=\"elementor-tab-title-2204\" tabindex=\"0\" hidden=\"hidden\"><ul><li>4 cl Gin Gordon\u2019s + Tonic 6,00\u20ac\u00a0<\/li><li>4 cl Gin Brooklyn + Tonic 7,50\u20ac\u00a0<\/li><li>4 cl Bacardi + Cola 6,00\u20ac\u00a0<\/li><li>4 cl Captain Morgan + Cola 6,00\u20ac\u00a0<\/li><li>4 cl Havanna Club 3 Jahre + Cola 7,00\u20ac\u00a0<\/li><li>4 cl Jim Beam + Cola 5,50\u20ac<\/li><li>\u00a04 cl Johnnie Walker 3 Jahre alt + Cola 6,00 \u20ac\u00a0<\/li><li>4 cl Ballantines + Cola 7,00\u20ac\u00a0<\/li><li>4 cl Jack Daniel's + Cola 7,00\u20ac<\/li><\/ul><\/div>\n\t\t\t\t\t\t\t\t\t<div class=\"elementor-tab-title elementor-tab-mobile-title\" aria-selected=\"false\" data-tab=\"5\" role=\"tab\" tabindex=\"-1\" aria-controls=\"elementor-tab-content-2205\" aria-expanded=\"false\">Rumy<\/div>\n\t\t\t\t\t<div id=\"elementor-tab-content-2205\" class=\"elementor-tab-content elementor-clearfix\" data-tab=\"5\" role=\"tabpanel\" aria-labelledby=\"elementor-tab-title-2205\" tabindex=\"0\" hidden=\"hidden\"><ul><li>2 cl Bacardi 2,60\u20ac\u00a0<\/li><li>2 cl Captain Morgan White 2,60\u20ac\u00a0<\/li><li>2 cl Captain Morgan Gold 2,60\u20ac\u00a0<\/li><li>2 cl Coruba Jamaica 18 Jahre aus Jamaika 5,00\u20ac\u00a0<\/li><li>2 cl Havana Club 3 Jahre 3,00\u20ac\u00a0<\/li><li>2 cl Havana Club 7 Jahre 4,00\u20ac 2<\/li><li>\u00a0Havana Club 15 Jahre 7,00 \u20ac<\/li><\/ul><\/div>\n\t\t\t\t\t\t\t\t\t<div class=\"elementor-tab-title elementor-tab-mobile-title\" aria-selected=\"false\" data-tab=\"6\" role=\"tab\" tabindex=\"-1\" aria-controls=\"elementor-tab-content-2206\" aria-expanded=\"false\">Koniak<\/div>\n\t\t\t\t\t<div id=\"elementor-tab-content-2206\" class=\"elementor-tab-content elementor-clearfix\" data-tab=\"6\" role=\"tabpanel\" aria-labelledby=\"elementor-tab-title-2206\" tabindex=\"0\" hidden=\"hidden\"><ul><li>2 cl Metaxa 5 Sterne 3,00\u20ac\u00a0<\/li><li>2 cl Metaxa 7 Sterne 3,50\u20ac\u00a0<\/li><li>2 cl Remy Martin VSOP 4,50\u20ac\u00a0<\/li><li>2 cl Remy Martin XO Excellence 7,00\u20ac<\/li><\/ul><\/div>\n\t\t\t\t\t\t\t\t\t<div class=\"elementor-tab-title elementor-tab-mobile-title\" aria-selected=\"false\" data-tab=\"7\" role=\"tab\" tabindex=\"-1\" aria-controls=\"elementor-tab-content-2207\" aria-expanded=\"false\">Alkohole<\/div>\n\t\t\t\t\t<div id=\"elementor-tab-content-2207\" class=\"elementor-tab-content elementor-clearfix\" data-tab=\"7\" role=\"tabpanel\" aria-labelledby=\"elementor-tab-title-2207\" tabindex=\"0\" hidden=\"hidden\"><ul><li>2 cl Tequila 3,00\u20ac\u00a0<\/li><li>2 cl Gin Gordon\u2019s 2,40\u20ac\u00a0<\/li><li>2 cl Gin Brooklyn 3,50\u20ac\u00a0<\/li><li>2 cl Stroh 80 Rum% 2,50\u20ac\u00a0<\/li><li>1\/8 l Martini Bianco, Rosso, Extra Dry 2,30\u20ac\u00a0<\/li><li>2 cl Amaretto \u2013 Mandellik\u00f6r 2,40\u20ac\u00a0<\/li><li>2 cl Baileys \u2013 Nusslik\u00f6r 2,40\u20ac\u00a0<\/li><li>2 cl Eierlik\u00f6r \u2013 2,50 \u20ac\u00a0<\/li><li>2 cl Sambuca \u2013 Anislik\u00f6r 2,50\u20ac\u00a0<\/li><li>2 cl J\u00e4germeister \u2013 Kr\u00e4uterlik\u00f6r 3,00 \u20ac\u00a0<\/li><li>2 cl Ramazotti Amaro \u2013 Kr\u00e4uterlik\u00f6r 3,00\u20ac<\/li><\/ul><\/div>\n\t\t\t\t\t\t\t\t\t<div class=\"elementor-tab-title elementor-tab-mobile-title\" aria-selected=\"false\" data-tab=\"8\" role=\"tab\" tabindex=\"-1\" aria-controls=\"elementor-tab-content-2208\" aria-expanded=\"false\">Whiskey<\/div>\n\t\t\t\t\t<div id=\"elementor-tab-content-2208\" class=\"elementor-tab-content elementor-clearfix\" data-tab=\"8\" role=\"tabpanel\" aria-labelledby=\"elementor-tab-title-2208\" tabindex=\"0\" hidden=\"hidden\"><ul><li>2 cl Jim Beam Bourbon 2,50\u20ac\u00a0<\/li><li>2 cl Jack Daniels, Ballantines 3,00\u20ac\u00a0<\/li><li>2 cl Jameson, Tullamore Dew 3,00\u20ac\u00a0<\/li><li>2 cl Johnnie Walker 3 Jahre alt 3,00\u20ac\u00a0<\/li><li>2 cl Johnnie Walker 12 Jahre 4,00\u20ac\u00a0<\/li><li>2 cl Johnnie Walker 15 Jahre 5,00\u20ac\u00a0<\/li><li>2 cl Johnnie Walker 18 Jahre 6,00\u20ac\u00a0<\/li><li>2 cl Chivas Regal 12 Jahre 4,00\u20ac\u00a0<\/li><li>2 cl Glenfiddich 12 Jahre 4,00 \u20ac\u00a0<\/li><li>2 cl Glenfiddich 15 Jahre 5,00\u20ac\u00a0<\/li><li>2 cl Glenfiddich 18 Jahre, 6,00 \u20ac\u00a0<\/li><li>2 cl Dimple 15 Jahre 5,00\u20ac\u00a0<\/li><li>2 cl Lagavulin 16 Jahre 5,50\u20ac\u00a0<\/li><li>2 cl Oban 14 Jahre 5,00\u20ac\u00a0<\/li><li>2 cl NC\u2019Nean Whiskey bio \u2013 4,00 \u20ac<\/li><\/ul><\/div>\n\t\t\t\t\t\t\t\t\t<div class=\"elementor-tab-title elementor-tab-mobile-title\" aria-selected=\"false\" data-tab=\"9\" role=\"tab\" tabindex=\"-1\" aria-controls=\"elementor-tab-content-2209\" aria-expanded=\"false\">Bimberki | Schnaps<\/div>\n\t\t\t\t\t<div id=\"elementor-tab-content-2209\" class=\"elementor-tab-content elementor-clearfix\" data-tab=\"9\" role=\"tabpanel\" aria-labelledby=\"elementor-tab-title-2209\" tabindex=\"0\" hidden=\"hidden\"><ul><li>2 cl Obstler \u2013 aus gemischten Fr\u00fcchten 2,50\u20ac\u00a0<\/li><li>2 cl Williamsbirne \u2013 aus Williams-Birnen 2,80\u20ac\u00a0<\/li><li>2 cl Marille \u2013 Pfirsich 2,80\u20ac\u00a0<\/li><li>2 cl Zwetschge \u2013 aus Pflaumen 2,80\u20ac\u00a0<\/li><li>2 cl Enzian \u2013 aus den Wurzeln der Enzianblume 2,80\u20ac\u00a0<\/li><li>2 cl Vogelbeeren \u2013 z jarz\u0119biny 3,30\u20ac\u00a0<\/li><li>2 cl Zirben \u2013 aus Zirbenbl\u00fcten 3,30\u20ac\u00a0<\/li><li>2 cl Wodka klar 2,50\u20ac<\/li><\/ul><\/div>\n\t\t\t\t\t\t\t\t\t<div class=\"elementor-tab-title elementor-tab-mobile-title\" aria-selected=\"false\" data-tab=\"10\" role=\"tab\" tabindex=\"-1\" aria-controls=\"elementor-tab-content-22010\" aria-expanded=\"false\">Wei\u00dfwein<\/div>\n\t\t\t\t\t<div id=\"elementor-tab-content-22010\" class=\"elementor-tab-content elementor-clearfix\" data-tab=\"10\" role=\"tabpanel\" aria-labelledby=\"elementor-tab-title-22010\" tabindex=\"0\" hidden=\"hidden\"><ul><li>1\/4 l Gr\u00fcner Veltliner 5,20\u20ac\u00a0<\/li><li>1\/4 l Riesling M\u00fcller 5,40\u20ac<\/li><li>1\/4 l Chardoney M\u00fcller 5,40\u20ac\u00a0<\/li><li>1\/4 l Schorle Wei\u00df \u2013 1\/8 Wein mit Sodawasser 3,20\u20ac\u00a0<\/li><li>0,2 l Henkell Flasche 7,00\u20ac\u00a0<\/li><li>0,375 l Prosecco Flasche 7,00\u20ac<\/li><\/ul><\/div>\n\t\t\t\t\t\t\t\t\t<div class=\"elementor-tab-title elementor-tab-mobile-title\" aria-selected=\"false\" data-tab=\"11\" role=\"tab\" tabindex=\"-1\" aria-controls=\"elementor-tab-content-22011\" aria-expanded=\"false\">Rotwein<\/div>\n\t\t\t\t\t<div id=\"elementor-tab-content-22011\" class=\"elementor-tab-content elementor-clearfix\" data-tab=\"11\" role=\"tabpanel\" aria-labelledby=\"elementor-tab-title-22011\" tabindex=\"0\" hidden=\"hidden\"><ul><li>1\/4 l Blaufr\u00e4nkischer 5,20 \u20ac\u00a0<\/li><li>1\/4 l Roter Zweigelt 5,20\u20ac\u00a0<\/li><li>1\/4 l Rose Zweigelt 5,20\u20ac\u00a0<\/li><li>1\/4 l Schorle Rot \u2013 1\/8 Wein mit Sodawasser 3,20\u20ac<\/li><\/ul><\/div>\n\t\t\t\t\t\t\t\t\t<div class=\"elementor-tab-title elementor-tab-mobile-title\" aria-selected=\"false\" data-tab=\"12\" role=\"tab\" tabindex=\"-1\" aria-controls=\"elementor-tab-content-22012\" aria-expanded=\"false\">Bier<\/div>\n\t\t\t\t\t<div id=\"elementor-tab-content-22012\" class=\"elementor-tab-content elementor-clearfix\" data-tab=\"12\" role=\"tabpanel\" aria-labelledby=\"elementor-tab-title-22012\" tabindex=\"0\" hidden=\"hidden\"><ul><li>0,3 l G\u00f6sser \u2013 Bier vom Fass 3,40\u20ac\u00a0<\/li><li>0,5 l G\u00f6sser \u2013 Fassbier 4,60\u20ac\u00a0<\/li><li>0,5 l Alkoholfreies Bier 4,60\u20ac\u00a0<\/li><li>0,3 l Edelwei\u00df Hofbr\u00e4u 3,60\u20ac\u00a0<\/li><li>0,5 l Edelwei\u00df Hofbr\u00e4u 4,80\u20ac\u00a0<\/li><li>0,3 l G\u00f6sserradler 3,40\u20ac\u00a0<\/li><li>0,5 l G\u00f6sserradler 4,60\u20ac\u00a0<\/li><li>0,5 l Bier mit Himbeersirup 4,60\u20ac<\/li><\/ul><\/div>\n\t\t\t\t\t\t\t<\/div>\n\t\t<\/div>\n\t\t\t\t\t\t<\/div>\n\t\t\t\t<\/div>\n\t\t\t\t\t<\/div>\n\t\t<\/div>\n\t\t\t\t\t<\/div>\n\t\t<\/section>\n\t\t\t\t<\/div>","protected":false},"excerpt":{"rendered":"<p>Karta drink\u00f3w i napoj\u00f3w Napoje gor\u0105ce Napoje bezalkoholowe Koktajle Drinki Rumy Koniak Alkohole Whiskey Bimberki | sznapsy Wina bia\u0142e Wina czerwone Piwa Napoje gor\u0105ce Kawa z ekspresu 3,00\u20ac Espresso lub Espresso Latte 2,40\u20ac Podw\u00f3jne Espresso 3,50\u20ac Cappuccino 3,30\u20ac Latte Machiatto 3,50\u20ac Kawa z likierem &#8211; r\u00f3\u017cne rodzaje 6,00\u20ac Herbaty &#8211; r\u00f3\u017cne rodzaje 2,60\u20ac Herbata g\u00f3ralska [&hellip;]<\/p>","protected":false},"author":2,"featured_media":0,"parent":0,"menu_order":0,"comment_status":"closed","ping_status":"closed","template":"","meta":{"inline_featured_image":false,"site-sidebar-layout":"no-sidebar","site-content-layout":"page-builder","ast-site-content-layout":"","site-content-style":"default","site-sidebar-style":"default","ast-global-header-display":"","ast-banner-title-visibility":"","ast-main-header-display":"","ast-hfb-above-header-display":"","ast-hfb-below-header-display":"","ast-hfb-mobile-header-display":"","site-post-title":"disabled","ast-breadcrumbs-content":"","ast-featured-img":"disabled","footer-sml-layout":"","theme-transparent-header-meta":"","adv-header-id-meta":"","stick-header-meta":"","header-above-stick-meta":"","header-main-stick-meta":"","header-below-stick-meta":"","astra-migrate-meta-layouts":"default","ast-page-background-enabled":"default","ast-page-background-meta":{"desktop":{"background-color":"var(--ast-global-color-4)","background-image":"","background-repeat":"repeat","background-position":"center center","background-size":"auto","background-attachment":"scroll","background-type":"","background-media":"","overlay-type":"","overlay-color":"","overlay-opacity":"","overlay-gradient":""},"tablet":{"background-color":"","background-image":"","background-repeat":"repeat","background-position":"center center","background-size":"auto","background-attachment":"scroll","background-type":"","background-media":"","overlay-type":"","overlay-color":"","overlay-opacity":"","overlay-gradient":""},"mobile":{"background-color":"","background-image":"","background-repeat":"repeat","background-position":"center center","background-size":"auto","background-attachment":"scroll","background-type":"","background-media":"","overlay-type":"","overlay-color":"","overlay-opacity":"","overlay-gradient":""}},"ast-content-background-meta":{"desktop":{"background-color":"var(--ast-global-color-5)","background-image":"","background-repeat":"repeat","background-position":"center center","background-size":"auto","background-attachment":"scroll","background-type":"","background-media":"","overlay-type":"","overlay-color":"","overlay-opacity":"","overlay-gradient":""},"tablet":{"background-color":"var(--ast-global-color-5)","background-image":"","background-repeat":"repeat","background-position":"center center","background-size":"auto","background-attachment":"scroll","background-type":"","background-media":"","overlay-type":"","overlay-color":"","overlay-opacity":"","overlay-gradient":""},"mobile":{"background-color":"var(--ast-global-color-5)","background-image":"","background-repeat":"repeat","background-position":"center center","background-size":"auto","background-attachment":"scroll","background-type":"","background-media":"","overlay-type":"","overlay-color":"","overlay-opacity":"","overlay-gradient":""}},"footnotes":""},"class_list":["post-1925","page","type-page","status-publish","hentry"],"_links":{"self":[{"href":"https:\/\/imbachhorn.eu\/de\/wp-json\/wp\/v2\/pages\/1925","targetHints":{"allow":["GET"]}}],"collection":[{"href":"https:\/\/imbachhorn.eu\/de\/wp-json\/wp\/v2\/pages"}],"about":[{"href":"https:\/\/imbachhorn.eu\/de\/wp-json\/wp\/v2\/types\/page"}],"author":[{"embeddable":true,"href":"https:\/\/imbachhorn.eu\/de\/wp-json\/wp\/v2\/users\/2"}],"replies":[{"embeddable":true,"href":"https:\/\/imbachhorn.eu\/de\/wp-json\/wp\/v2\/comments?post=1925"}],"version-history":[{"count":0,"href":"https:\/\/imbachhorn.eu\/de\/wp-json\/wp\/v2\/pages\/1925\/revisions"}],"wp:attachment":[{"href":"https:\/\/imbachhorn.eu\/de\/wp-json\/wp\/v2\/media?parent=1925"}],"curies":[{"name":"wp","href":"https:\/\/api.w.org\/{rel}","templated":true}]}}