{"id":140,"date":"2022-03-14T10:14:21","date_gmt":"2022-03-14T09:14:21","guid":{"rendered":"http:\/\/imbachhorn2022.freelinelab.pl\/?page_id=140"},"modified":"2023-12-14T10:57:02","modified_gmt":"2023-12-14T09:57:02","slug":"datenschutzbestimmungen","status":"publish","type":"page","link":"https:\/\/imbachhorn.eu\/de\/polityka-prywatnosci\/","title":{"rendered":"Datenschutzbestimmungen"},"content":{"rendered":"<div data-elementor-type=\"wp-page\" data-elementor-id=\"140\" class=\"elementor elementor-140\" data-elementor-post-type=\"page\">\n\t\t\t\t\t\t<section class=\"elementor-section elementor-top-section elementor-element elementor-element-a87f4dd elementor-section-full_width elementor-section-height-default elementor-section-height-default\" data-id=\"a87f4dd\" data-element_type=\"section\">\n\t\t\t\t\t\t<div class=\"elementor-container elementor-column-gap-no\">\n\t\t\t\t\t<div class=\"elementor-column elementor-col-100 elementor-top-column elementor-element elementor-element-a21b6aa\" data-id=\"a21b6aa\" data-element_type=\"column\">\n\t\t\t<div class=\"elementor-widget-wrap elementor-element-populated\">\n\t\t\t\t\t\t<section class=\"elementor-section elementor-inner-section elementor-element elementor-element-079a25d elementor-section-boxed elementor-section-height-default elementor-section-height-default\" data-id=\"079a25d\" data-element_type=\"section\">\n\t\t\t\t\t\t<div class=\"elementor-container elementor-column-gap-default\">\n\t\t\t\t\t<div class=\"elementor-column elementor-col-100 elementor-inner-column elementor-element elementor-element-e01303b\" data-id=\"e01303b\" data-element_type=\"column\">\n\t\t\t<div class=\"elementor-widget-wrap elementor-element-populated\">\n\t\t\t\t\t\t<div class=\"elementor-element elementor-element-5d9e3b8 elementor-widget-divider--view-line elementor-widget elementor-widget-divider\" data-id=\"5d9e3b8\" data-element_type=\"widget\" data-widget_type=\"divider.default\">\n\t\t\t\t<div class=\"elementor-widget-container\">\n\t\t\t\t\t\t\t<div class=\"elementor-divider\">\n\t\t\t<span class=\"elementor-divider-separator\">\n\t\t\t\t\t\t<\/span>\n\t\t<\/div>\n\t\t\t\t\t\t<\/div>\n\t\t\t\t<\/div>\n\t\t\t\t<div class=\"elementor-element elementor-element-dd109d8 elementor-widget elementor-widget-text-editor\" data-id=\"dd109d8\" data-element_type=\"widget\" data-widget_type=\"text-editor.default\">\n\t\t\t\t<div class=\"elementor-widget-container\">\n\t\t\t\t\t\t\t\t\t<p><b><script\n\t\ttype=\"text\/javascript\"\n\t\tid=\"CookieDeclaration\"\n\t\tsrc=\"https:\/\/consent.cookiebot.com\/ea091c7c-5728-417c-b8ae-f232a921dcc2\/cd.js\"\n\t\t\tdata-culture=\"PL\"\n\t\tasync><\/script>\n<\/b><\/p><h2>DATENSCHUTZERKL\u00c4RUNG F\u00dcR DIE WEBSITE<\/h2><h2>IMBACHHORN.EU<\/h2><p><strong>\u00a7 1<\/strong><\/p><p>ALLGEMEINE BESTIMMUNGEN<\/p><ol><li>Verwalter der \u00fcber den imbachhorn.eu-Onlineshop erhobenen personenbezogenen Daten ist die Pension Imbachhorn ESKO Kotowski KG, Zeller Fusch 79, A-5672 Fusch a.d. Gro\u00dfglocknerstra\u00dfe, NIP\/UID: ATU61614658, elektronische Postadresse (E-Mail): info@imbachhorn.eu, im Folgenden als \"Administrator\" bezeichnet.<\/li><li>Die vom Verwalter \u00fcber die Website erhobenen personenbezogenen Daten werden im Einklang mit der Verordnung (EU) 2016\/679 des Europ\u00e4ischen Parlaments und des Rates vom 27. April 2016 zum Schutz nat\u00fcrlicher Personen bei der Verarbeitung personenbezogener Daten, zum freien Datenverkehr und zur Aufhebung der Richtlinie 95\/46\/EG (Datenschutz-Grundverordnung), im Folgenden als\u00a0<strong>RODO<\/strong>.<\/li><\/ol><p><strong>\u00a7 2<\/strong><\/p><p>DIE ART DER VERARBEITETEN PERSONENBEZOGENEN DATEN, DEN ZWECK UND DEN UMFANG DER DATENERHEBUNG<\/p><ol><li>ZWECK DER VERARBEITUNG UND RECHTSGRUNDLAGE. Der f\u00fcr die Verarbeitung Verantwortliche verarbeitet die personenbezogenen Daten der Nutzer von imbachhorn.eu im Falle:<ul><li>Registrierung eines Kontos auf der Website, um ein individuelles Konto zu erstellen und dieses Konto zu verwalten, auf der Grundlage von Artikel 6 Absatz 1 Buchstabe b der RODO (Erf\u00fcllung eines Vertrags \u00fcber die Erbringung elektronischer Dienstleistungen gem\u00e4\u00df der Shop-Verordnung),<\/li><li>die Buchung auf der Website zum Zwecke der Erf\u00fcllung des Vertrags \u00fcber die Erbringung von Reiseleistungen auf der Grundlage von Artikel 6 Absatz 1 Buchstabe b DSGVO (Erf\u00fcllung des Vertrags),<\/li><\/ul><\/li><li>DIE ART DER VERARBEITETEN PERSONENBEZOGENEN DATEN. Im Falle von:<ul><li>Konto die Benutzerangaben:<ul><li>Name,<\/li><li>Anmeldung,<\/li><li>Adresse,<\/li><li>E-Mail Adresse.<\/li><\/ul><\/li><li>buchende Benutzer erkl\u00e4rt:<ul><li>Name,<\/li><li>Adresse,<\/li><li>E-Mail Adresse,<\/li><li>Rufnummer.<\/li><\/ul><\/li><\/ul><\/li><li>ARCHIVIERUNGSZEITRAUM F\u00dcR PERSONENBEZOGENE DATEN. Ihre pers\u00f6nlichen Daten werden vom Administrator gespeichert:<ul><li>wenn die Verarbeitung auf der Erf\u00fcllung eines Vertrags beruht, so lange, wie es f\u00fcr die Erf\u00fcllung des Vertrags erforderlich ist, und danach f\u00fcr einen Zeitraum, der der Verj\u00e4hrungsfrist f\u00fcr Anspr\u00fcche entspricht. Sofern nicht ausdr\u00fccklich etwas anderes bestimmt ist, betr\u00e4gt die Verj\u00e4hrungsfrist zehn Jahre, bei Anspr\u00fcchen auf wiederkehrende Leistungen und bei Anspr\u00fcchen im Zusammenhang mit der Aus\u00fcbung der Gesch\u00e4ftst\u00e4tigkeit drei Jahre.<\/li><li>wenn die Grundlage f\u00fcr die Datenverarbeitung die Einwilligung ist, solange die Einwilligung nicht widerrufen wird, und nach dem Widerruf der Einwilligung f\u00fcr einen Zeitraum, der der Verj\u00e4hrungsfrist der Anspr\u00fcche entspricht, die der Verwalter geltend machen kann und die gegen ihn geltend gemacht werden k\u00f6nnen. Sofern keine besondere Bestimmung vorliegt, betr\u00e4gt die Verj\u00e4hrungsfrist zehn Jahre, bei Anspr\u00fcchen auf regelm\u00e4\u00dfige Leistungen und bei Anspr\u00fcchen im Zusammenhang mit der Aus\u00fcbung der Gesch\u00e4ftst\u00e4tigkeit - drei Jahre.<\/li><\/ul><\/li><li>Bei der Nutzung der Website k\u00f6nnen zus\u00e4tzliche Informationen gesammelt werden, insbesondere: die dem Computer des Nutzers zugewiesene IP-Adresse oder die externe IP-Adresse des Internet-Providers, der Domain-Name, der Browsertyp, die Zugriffszeit, der Betriebssystemtyp.<\/li><li>Es k\u00f6nnen auch Navigationsdaten von den Nutzern erhoben werden, einschlie\u00dflich Informationen \u00fcber die Links und Verweise, die sie anklicken, oder andere Aktionen, die sie auf der Website ausf\u00fchren. Die Rechtsgrundlage f\u00fcr diese Aktivit\u00e4ten ist das berechtigte Interesse des Verwalters (Artikel 6 Absatz 1 Buchstabe f) RODO), die Nutzung der elektronisch angebotenen Dienste zu erleichtern und die Funktionalit\u00e4t dieser Dienste zu verbessern.<\/li><li>Die Angabe von personenbezogenen Daten durch den Nutzer ist freiwillig.<\/li><li>Personenbezogene Daten werden auch in Form von Profiling automatisiert verarbeitet, sofern der Nutzer auf der Grundlage von Artikel 6 Absatz 1 Buchstabe a) RODO seine Einwilligung erteilt. Das Profiling hat zur Folge, dass einer Person ein Profil zugewiesen wird, um Entscheidungen \u00fcber sie zu treffen oder ihre Vorlieben, ihr Verhalten und ihre Einstellungen zu analysieren oder vorherzusagen.<\/li><li>Der f\u00fcr die Verarbeitung Verantwortliche achtet besonders auf den Schutz der Interessen der betroffenen Personen und stellt insbesondere sicher, dass die von ihm erhobenen Daten korrekt sind:<ul><li>im Einklang mit dem Gesetz verarbeitet werden,<\/li><li>f\u00fcr festgelegte, rechtm\u00e4\u00dfige Zwecke erhoben und nicht einer mit diesen Zwecken unvereinbaren Weiterverarbeitung unterzogen werden,<\/li><li>Sie m\u00fcssen im Wesentlichen richtig und den Zwecken angemessen sein, f\u00fcr die sie verarbeitet werden, und in einer Form aufbewahrt werden, die die Identifizierung der betroffenen Personen erm\u00f6glicht, und zwar nicht l\u00e4nger, als es f\u00fcr die Erreichung des Zwecks der Verarbeitung erforderlich ist.<\/li><\/ul><\/li><\/ol><p><strong>\u00a7 3<\/strong><\/p><p>WEITERGABE VON PERSONENBEZOGENEN DATEN<\/p><ol><li>Die personenbezogenen Daten der Nutzer werden an die vom Administrator f\u00fcr den Betrieb der Website eingesetzten Dienstleister \u00fcbermittelt. Die Dienstleister, an die personenbezogene Daten \u00fcbermittelt werden, unterliegen je nach den vertraglichen Vereinbarungen und Umst\u00e4nden entweder den Weisungen des Administrators hinsichtlich der Zwecke und Mittel der Verarbeitung dieser Daten (Auftragsverarbeiter) oder bestimmen die Zwecke und Mittel der Verarbeitung selbst (Verantwortliche).<\/li><li>Ihre pers\u00f6nlichen Daten werden ausschlie\u00dflich im Europ\u00e4ischen Wirtschaftsraum (EWR) gespeichert.<\/li><\/ol><p><strong>\u00a7 4<\/strong><\/p><p>DAS RECHT AUF KONTROLLE, ZUGANG UND BERICHTIGUNG DER EIGENEN DATEN<\/p><ol><li>Die betroffene Person hat das Recht auf Auskunft \u00fcber den Inhalt ihrer personenbezogenen Daten und das Recht auf Berichtigung, L\u00f6schung, Einschr\u00e4nkung der Verarbeitung, das Recht auf Daten\u00fcbertragbarkeit, das Widerspruchsrecht und das Recht, die Einwilligung jederzeit zu widerrufen, ohne dass die Rechtm\u00e4\u00dfigkeit der aufgrund der Einwilligung vor deren Widerruf erfolgten Verarbeitung ber\u00fchrt wird.<\/li><li>Rechtsgrundlage der Anfrage des Nutzers:<ul><li>Zugang zu Daten - Artikel 15 RODO<\/li><li>Berichtigung von Daten - Artikel 16 RODO.<\/li><li>L\u00f6schung von Daten (sog. Recht auf Vergessenwerden) - Artikel 17 RODO.<\/li><li>Einschr\u00e4nkung der Verarbeitung - Artikel 18 RODO.<\/li><li>Daten\u00fcbertragbarkeit - Artikel 20 RODO.<\/li><li>Einspruch - Artikel 21 RODO<\/li><li>R\u00fccknahme der Zustimmung - Artikel 7 Absatz 3 RODO.<\/li><\/ul><\/li><li>Um die unter Punkt 2 genannten Rechte auszu\u00fcben, k\u00f6nnen Sie eine E-Mail an die folgende Adresse senden: info@imbachhron.eu.<\/li><li>Stellt der Nutzer einen Antrag auf Erf\u00fcllung seiner Rechte aus den oben genannten Rechten, so kommt der Verwalter dem Antrag entweder unverz\u00fcglich, sp\u00e4testens jedoch innerhalb eines Monats nach Eingang des Antrags, nach oder lehnt ihn ab. Ist der Verwalter jedoch aufgrund der Komplexit\u00e4t des Antrags oder der Anzahl der Antr\u00e4ge nicht in der Lage, dem Antrag innerhalb eines Monats nachzukommen, so kommt er dem Antrag innerhalb der folgenden zwei Monate nach, wobei er den Nutzer im Voraus innerhalb eines Monats nach Eingang des Antrags \u00fcber die beabsichtigte Fristverl\u00e4ngerung und die Gr\u00fcnde daf\u00fcr informiert.<\/li><li>Wenn festgestellt wird, dass die Verarbeitung personenbezogener Daten gegen die Bestimmungen der RODO verst\u00f6\u00dft, hat die betroffene Person das Recht, beim Pr\u00e4sidenten der Datenschutzbeh\u00f6rde Beschwerde einzulegen.<\/li><\/ol><p><strong>\u00a7 5<\/strong><\/p><p>COOKIES<\/p><ol><li>Die Website des Verwalters verwendet \"Cookies\".<\/li><li>Die Installation von Cookies ist f\u00fcr die ordnungsgem\u00e4\u00dfe Bereitstellung von Diensten auf der Website des Verwalters erforderlich. Cookies enthalten Informationen, die f\u00fcr das ordnungsgem\u00e4\u00dfe Funktionieren der Website erforderlich sind, und sie bieten auch die M\u00f6glichkeit, allgemeine Statistiken \u00fcber den Besuch der Website zu erstellen.<\/li><li>Die Website verwendet zwei Arten von \"Cookies\": \"Session\" und \"Permanent\".<ul><li>\"Session\"-Cookies sind tempor\u00e4re Dateien, die auf dem Endger\u00e4t des Nutzers gespeichert werden, bis sich der Nutzer abmeldet (die Website verl\u00e4sst).<\/li><li>\"Permanente\" Cookies werden auf dem Endger\u00e4t des Nutzers f\u00fcr die Dauer gespeichert, die in den Parametern der Cookies angegeben ist, oder bis sie vom Nutzer gel\u00f6scht werden.<\/li><\/ul><\/li><li>Der Administrator verwendet seine eigenen Cookies, um besser zu verstehen, wie die Nutzer mit dem Inhalt der Website interagieren. Die Cookies sammeln Informationen \u00fcber die Nutzung der Website durch den Nutzer, die Art der Website, von der der Nutzer weitergeleitet wurde, sowie die Anzahl der Besuche und die Dauer des Besuchs des Nutzers auf der Website. Diese Informationen erfassen keine spezifischen personenbezogenen Daten des Nutzers, sondern dienen der Erstellung von Statistiken \u00fcber die Nutzung der Website.<\/li><li>Der Administrator verwendet externe Cookies, um allgemeine und anonyme statistische Daten \u00fcber das Analysewerkzeug Google Analytics zu sammeln (externer Cookie-Administrator: Google Inc., mit Sitz in den USA).<\/li><li>Der Nutzer hat das Recht, \u00fcber den Zugang von \"Cookies\" zu seinem Computer zu entscheiden, indem er sie im Voraus in seinem Browserfenster ausw\u00e4hlt.  Detaillierte Informationen \u00fcber die M\u00f6glichkeit und den Umgang mit Cookies finden Sie in den Einstellungen Ihrer Software (Browser).<\/li><\/ol><p><strong>\u00a7 6<\/strong><\/p><p>SCHLUSSBESTIMMUNGEN<\/p><ol><li>Der f\u00fcr die Verarbeitung Verantwortliche wendet technische und organisatorische Ma\u00dfnahmen an, um den Schutz der verarbeiteten personenbezogenen Daten zu gew\u00e4hrleisten, die den Risiken und den gesch\u00fctzten Datenkategorien angemessen sind, und insbesondere um die Daten vor dem Zugriff Unbefugter, vor der Entnahme durch Unbefugte, vor der Verarbeitung unter Verletzung der geltenden Vorschriften und vor der Ver\u00e4nderung, dem Verlust, der Besch\u00e4digung oder der Zerst\u00f6rung zu sch\u00fctzen.<\/li><li>Der Verwalter stellt geeignete technische Ma\u00dfnahmen zur Verf\u00fcgung, um zu verhindern, dass Unbefugte personenbezogene Daten, die auf elektronischem Wege \u00fcbermittelt werden, erlangen oder ver\u00e4ndern k\u00f6nnen.<\/li><li>In Angelegenheiten, die nicht von dieser Datenschutzrichtlinie abgedeckt werden, gelten die Bestimmungen der RODO und andere einschl\u00e4gige Bestimmungen des polnischen Rechts entsprechend.<\/li><\/ol>\t\t\t\t\t\t\t\t<\/div>\n\t\t\t\t<\/div>\n\t\t\t\t\t<\/div>\n\t\t<\/div>\n\t\t\t\t\t<\/div>\n\t\t<\/section>\n\t\t\t\t\t<\/div>\n\t\t<\/div>\n\t\t\t\t\t<\/div>\n\t\t<\/section>\n\t\t\t\t<\/div>","protected":false},"excerpt":{"rendered":"<p>POLITYKA PRYWATNO\u015aCI SERWISU INTERNETOWEGO IMBACHHORN.EU \u00a7 1 POSTANOWIENIA OG\u00d3LNE Administratorem danych osobowych zbieranych za po\u015brednictwem Sklepu internetowego imbachhorn.eu jest Pension Imbachhorn ESKO Kotowski KG, Zeller Fusch 79, A-5672 Fusch a.d. Gro\u00dfglocknerstra\u00dfe, NIP\/UID: ATU61614658, adres poczty elektronicznej (e-mail): info@imbachhorn.eu, zwany dalej &#8222;Administratorem&#8221;. Dane osobowe zbierane przez Administratora za po\u015brednictwem strony internetowej s\u0105 przetwarzane zgodnie z\u00a0Rozporz\u0105dzeniem Parlamentu [&hellip;]<\/p>","protected":false},"author":1,"featured_media":0,"parent":0,"menu_order":0,"comment_status":"closed","ping_status":"closed","template":"","meta":{"inline_featured_image":false,"site-sidebar-layout":"no-sidebar","site-content-layout":"page-builder","ast-site-content-layout":"","site-content-style":"default","site-sidebar-style":"default","ast-global-header-display":"","ast-banner-title-visibility":"","ast-main-header-display":"","ast-hfb-above-header-display":"","ast-hfb-below-header-display":"","ast-hfb-mobile-header-display":"","site-post-title":"disabled","ast-breadcrumbs-content":"","ast-featured-img":"disabled","footer-sml-layout":"","theme-transparent-header-meta":"","adv-header-id-meta":"","stick-header-meta":"","header-above-stick-meta":"","header-main-stick-meta":"","header-below-stick-meta":"","astra-migrate-meta-layouts":"default","ast-page-background-enabled":"default","ast-page-background-meta":{"desktop":{"background-color":"var(--ast-global-color-4)","background-image":"","background-repeat":"repeat","background-position":"center center","background-size":"auto","background-attachment":"scroll","background-type":"","background-media":"","overlay-type":"","overlay-color":"","overlay-opacity":"","overlay-gradient":""},"tablet":{"background-color":"","background-image":"","background-repeat":"repeat","background-position":"center center","background-size":"auto","background-attachment":"scroll","background-type":"","background-media":"","overlay-type":"","overlay-color":"","overlay-opacity":"","overlay-gradient":""},"mobile":{"background-color":"","background-image":"","background-repeat":"repeat","background-position":"center center","background-size":"auto","background-attachment":"scroll","background-type":"","background-media":"","overlay-type":"","overlay-color":"","overlay-opacity":"","overlay-gradient":""}},"ast-content-background-meta":{"desktop":{"background-color":"var(--ast-global-color-5)","background-image":"","background-repeat":"repeat","background-position":"center center","background-size":"auto","background-attachment":"scroll","background-type":"","background-media":"","overlay-type":"","overlay-color":"","overlay-opacity":"","overlay-gradient":""},"tablet":{"background-color":"var(--ast-global-color-5)","background-image":"","background-repeat":"repeat","background-position":"center center","background-size":"auto","background-attachment":"scroll","background-type":"","background-media":"","overlay-type":"","overlay-color":"","overlay-opacity":"","overlay-gradient":""},"mobile":{"background-color":"var(--ast-global-color-5)","background-image":"","background-repeat":"repeat","background-position":"center center","background-size":"auto","background-attachment":"scroll","background-type":"","background-media":"","overlay-type":"","overlay-color":"","overlay-opacity":"","overlay-gradient":""}},"footnotes":""},"class_list":["post-140","page","type-page","status-publish","hentry"],"_links":{"self":[{"href":"https:\/\/imbachhorn.eu\/de\/wp-json\/wp\/v2\/pages\/140","targetHints":{"allow":["GET"]}}],"collection":[{"href":"https:\/\/imbachhorn.eu\/de\/wp-json\/wp\/v2\/pages"}],"about":[{"href":"https:\/\/imbachhorn.eu\/de\/wp-json\/wp\/v2\/types\/page"}],"author":[{"embeddable":true,"href":"https:\/\/imbachhorn.eu\/de\/wp-json\/wp\/v2\/users\/1"}],"replies":[{"embeddable":true,"href":"https:\/\/imbachhorn.eu\/de\/wp-json\/wp\/v2\/comments?post=140"}],"version-history":[{"count":0,"href":"https:\/\/imbachhorn.eu\/de\/wp-json\/wp\/v2\/pages\/140\/revisions"}],"wp:attachment":[{"href":"https:\/\/imbachhorn.eu\/de\/wp-json\/wp\/v2\/media?parent=140"}],"curies":[{"name":"wp","href":"https:\/\/api.w.org\/{rel}","templated":true}]}}